{"id":17523,"date":"2021-07-22T11:49:43","date_gmt":"2021-07-22T15:49:43","guid":{"rendered":"https:\/\/ducasseindustrial.com\/ar\/product\/kit-porton-seguro-300\/"},"modified":"2021-11-16T12:57:24","modified_gmt":"2021-11-16T16:57:24","slug":"kit-porton-seguro-300","status":"publish","type":"product","link":"https:\/\/ducasseindustrial.com\/ar\/product\/kit-porton-seguro-300\/","title":{"rendered":"KIT PORTON SEGURO 300"},"content":{"rendered":"<p>Kit de herrajes para portones corredizos al piso manuales o automatizados de hasta 300 kg. Incluye dos ruedas con placa de 80mm de di\u00e1metro para encastre y soldadura en el marco de acero del port\u00f3n. Posee tope de fin de carrera para una apertura total sin descarrilamiento y recibidor superior con tope de goma para un cierre seguro, evitando movimientos laterales y descarrilamientos cuando el port\u00f3n est\u00e1 cerrado. Adem\u00e1s, incluye sistema de guiado superior doble con rodillos de nylon de 40mm de di\u00e1metro y regulable seg\u00fan ancho del port\u00f3n. En portones automatizados el di\u00e1metro de rueda optimiza el arranque del motor.<\/p>\n<p>&nbsp;<\/p>\n","protected":false},"excerpt":{"rendered":"<p>Kit de herrajes para portones corredizos al piso manuales o automatizados de hasta 300 kg. Incluye dos ruedas con placa de 80mm de di\u00e1metro para encastre y soldadura en el marco de acero del port\u00f3n. Posee tope de fin de carrera para una apertura total sin descarrilamiento y recibidor superior con tope de goma para [&hellip;]<\/p>\n","protected":false},"featured_media":7999,"comment_status":"closed","ping_status":"closed","template":"","meta":{"_uag_custom_page_level_css":"","site-sidebar-layout":"default","site-content-layout":"default","ast-site-content-layout":"default","site-content-style":"default","site-sidebar-style":"default","ast-global-header-display":"","ast-banner-title-visibility":"","ast-main-header-display":"","ast-hfb-above-header-display":"","ast-hfb-below-header-display":"","ast-hfb-mobile-header-display":"","site-post-title":"","ast-breadcrumbs-content":"","ast-featured-img":"","footer-sml-layout":"","theme-transparent-header-meta":"default","adv-header-id-meta":"","stick-header-meta":"default","header-above-stick-meta":"","header-main-stick-meta":"","header-below-stick-meta":"","astra-migrate-meta-layouts":"default","ast-page-background-enabled":"default","ast-page-background-meta":{"desktop":{"background-color":"var(--ast-global-color-4)","background-image":"","background-repeat":"repeat","background-position":"center center","background-size":"auto","background-attachment":"scroll","background-type":"","background-media":"","overlay-type":"","overlay-color":"","overlay-opacity":"","overlay-gradient":""},"tablet":{"background-color":"","background-image":"","background-repeat":"repeat","background-position":"center center","background-size":"auto","background-attachment":"scroll","background-type":"","background-media":"","overlay-type":"","overlay-color":"","overlay-opacity":"","overlay-gradient":""},"mobile":{"background-color":"","background-image":"","background-repeat":"repeat","background-position":"center center","background-size":"auto","background-attachment":"scroll","background-type":"","background-media":"","overlay-type":"","overlay-color":"","overlay-opacity":"","overlay-gradient":""}},"ast-content-background-meta":{"desktop":{"background-color":"var(--ast-global-color-5)","background-image":"","background-repeat":"repeat","background-position":"center center","background-size":"auto","background-attachment":"scroll","background-type":"","background-media":"","overlay-type":"","overlay-color":"","overlay-opacity":"","overlay-gradient":""},"tablet":{"background-color":"var(--ast-global-color-5)","background-image":"","background-repeat":"repeat","background-position":"center center","background-size":"auto","background-attachment":"scroll","background-type":"","background-media":"","overlay-type":"","overlay-color":"","overlay-opacity":"","overlay-gradient":""},"mobile":{"background-color":"var(--ast-global-color-5)","background-image":"","background-repeat":"repeat","background-position":"center center","background-size":"auto","background-attachment":"scroll","background-type":"","background-media":"","overlay-type":"","overlay-color":"","overlay-opacity":"","overlay-gradient":""}},"_vp_format_video_url":"","_vp_image_focal_point":[]},"product_brand":[],"product_cat":[17,303,317],"product_tag":[422,423,198,208,306,311,319,318,419],"class_list":{"0":"post-17523","1":"product","2":"type-product","3":"status-publish","4":"has-post-thumbnail","6":"product_cat-productos","7":"product_cat-portones","8":"product_cat-kits-portones","9":"product_tag-422","10":"product_tag-300-kg","11":"product_tag-ducasse","12":"product_tag-kit","13":"product_tag-porton","14":"product_tag-portones","15":"product_tag-rueda","16":"product_tag-rueda-portones","17":"product_tag-seguro","18":"desktop-align-left","19":"tablet-align-left","20":"mobile-align-left","21":"ast-product-gallery-layout-horizontal","22":"ast-product-tabs-layout-horizontal","24":"first","25":"instock","26":"sold-individually","27":"purchasable","28":"product-type-simple"},"aioseo_notices":[],"uagb_featured_image_src":{"full":["https:\/\/ducasseindustrial.com\/ar\/wp-content\/uploads\/sites\/17\/2020\/09\/AR_10100115230_IMG_PROD1_BL.jpg",1920,1080,false],"thumbnail":["https:\/\/ducasseindustrial.com\/ar\/wp-content\/uploads\/sites\/17\/2020\/09\/AR_10100115230_IMG_PROD1_BL-300x300.jpg",300,300,true],"medium":["https:\/\/ducasseindustrial.com\/ar\/wp-content\/uploads\/sites\/17\/2020\/09\/AR_10100115230_IMG_PROD1_BL-600x338.jpg",600,338,true],"medium_large":["https:\/\/ducasseindustrial.com\/ar\/wp-content\/uploads\/sites\/17\/2020\/09\/AR_10100115230_IMG_PROD1_BL-768x432.jpg",768,432,true],"large":["https:\/\/ducasseindustrial.com\/ar\/wp-content\/uploads\/sites\/17\/2020\/09\/AR_10100115230_IMG_PROD1_BL-1024x576.jpg",1024,576,true],"1536x1536":["https:\/\/ducasseindustrial.com\/ar\/wp-content\/uploads\/sites\/17\/2020\/09\/AR_10100115230_IMG_PROD1_BL-1536x864.jpg",1536,864,true],"2048x2048":["https:\/\/ducasseindustrial.com\/ar\/wp-content\/uploads\/sites\/17\/2020\/09\/AR_10100115230_IMG_PROD1_BL.jpg",1920,1080,false],"vp_sm":["https:\/\/ducasseindustrial.com\/ar\/wp-content\/uploads\/sites\/17\/2020\/09\/AR_10100115230_IMG_PROD1_BL-500x281.jpg",500,281,true],"vp_md":["https:\/\/ducasseindustrial.com\/ar\/wp-content\/uploads\/sites\/17\/2020\/09\/AR_10100115230_IMG_PROD1_BL-800x450.jpg",800,450,true],"vp_lg":["https:\/\/ducasseindustrial.com\/ar\/wp-content\/uploads\/sites\/17\/2020\/09\/AR_10100115230_IMG_PROD1_BL-1280x720.jpg",1280,720,true],"vp_xl":["https:\/\/ducasseindustrial.com\/ar\/wp-content\/uploads\/sites\/17\/2020\/09\/AR_10100115230_IMG_PROD1_BL.jpg",1920,1080,false],"vp_sm_popup":["https:\/\/ducasseindustrial.com\/ar\/wp-content\/uploads\/sites\/17\/2020\/09\/AR_10100115230_IMG_PROD1_BL-500x281.jpg",500,281,true],"vp_md_popup":["https:\/\/ducasseindustrial.com\/ar\/wp-content\/uploads\/sites\/17\/2020\/09\/AR_10100115230_IMG_PROD1_BL-800x450.jpg",800,450,true],"vp_xl_popup":["https:\/\/ducasseindustrial.com\/ar\/wp-content\/uploads\/sites\/17\/2020\/09\/AR_10100115230_IMG_PROD1_BL.jpg",1920,1080,false],"woocommerce_thumbnail":["https:\/\/ducasseindustrial.com\/ar\/wp-content\/uploads\/sites\/17\/2020\/09\/AR_10100115230_IMG_PROD1_BL-600x600.jpg",600,600,true],"woocommerce_single":["https:\/\/ducasseindustrial.com\/ar\/wp-content\/uploads\/sites\/17\/2020\/09\/AR_10100115230_IMG_PROD1_BL-1024x576.jpg",1024,576,true],"woocommerce_gallery_thumbnail":["https:\/\/ducasseindustrial.com\/ar\/wp-content\/uploads\/sites\/17\/2020\/09\/AR_10100115230_IMG_PROD1_BL-100x100.jpg",100,100,true],"variation_swatches_image_size":["https:\/\/ducasseindustrial.com\/ar\/wp-content\/uploads\/sites\/17\/2020\/09\/AR_10100115230_IMG_PROD1_BL.jpg",50,28,false],"variation_swatches_tooltip_size":["https:\/\/ducasseindustrial.com\/ar\/wp-content\/uploads\/sites\/17\/2020\/09\/AR_10100115230_IMG_PROD1_BL.jpg",100,56,false]},"uagb_author_info":{"display_name":"emunoz","author_link":"https:\/\/ducasseindustrial.com\/ar\/author\/"},"uagb_comment_info":0,"uagb_excerpt":"Kit de herrajes para portones corredizos al piso manuales o automatizados de hasta 300 kg. Incluye dos ruedas con placa de 80mm de di\u00e1metro para encastre y soldadura en el marco de acero del port\u00f3n. Posee tope de fin de carrera para una apertura total sin descarrilamiento y recibidor superior con tope de goma para&hellip;","_links":{"self":[{"href":"https:\/\/ducasseindustrial.com\/ar\/wp-json\/wp\/v2\/product\/17523","targetHints":{"allow":["GET"]}}],"collection":[{"href":"https:\/\/ducasseindustrial.com\/ar\/wp-json\/wp\/v2\/product"}],"about":[{"href":"https:\/\/ducasseindustrial.com\/ar\/wp-json\/wp\/v2\/types\/product"}],"replies":[{"embeddable":true,"href":"https:\/\/ducasseindustrial.com\/ar\/wp-json\/wp\/v2\/comments?post=17523"}],"version-history":[{"count":5,"href":"https:\/\/ducasseindustrial.com\/ar\/wp-json\/wp\/v2\/product\/17523\/revisions"}],"predecessor-version":[{"id":21731,"href":"https:\/\/ducasseindustrial.com\/ar\/wp-json\/wp\/v2\/product\/17523\/revisions\/21731"}],"wp:featuredmedia":[{"embeddable":true,"href":"https:\/\/ducasseindustrial.com\/ar\/wp-json\/wp\/v2\/media\/7999"}],"wp:attachment":[{"href":"https:\/\/ducasseindustrial.com\/ar\/wp-json\/wp\/v2\/media?parent=17523"}],"wp:term":[{"taxonomy":"product_brand","embeddable":true,"href":"https:\/\/ducasseindustrial.com\/ar\/wp-json\/wp\/v2\/product_brand?post=17523"},{"taxonomy":"product_cat","embeddable":true,"href":"https:\/\/ducasseindustrial.com\/ar\/wp-json\/wp\/v2\/product_cat?post=17523"},{"taxonomy":"product_tag","embeddable":true,"href":"https:\/\/ducasseindustrial.com\/ar\/wp-json\/wp\/v2\/product_tag?post=17523"}],"curies":[{"name":"wp","href":"https:\/\/api.w.org\/{rel}","templated":true}]}}