{"id":17567,"date":"2020-10-30T07:10:20","date_gmt":"2020-10-30T11:10:20","guid":{"rendered":"https:\/\/ducasseindustrial.com\/ar\/product\/accesorio-lateral-corredera-oculta\/"},"modified":"2021-03-08T12:29:37","modified_gmt":"2021-03-08T16:29:37","slug":"corredera-oculta-con-lateral-metalico","status":"publish","type":"product","link":"https:\/\/ducasseindustrial.com\/ar\/product\/corredera-oculta-con-lateral-metalico\/","title":{"rendered":"CORREDERA OCULTA CON LATERAL MET\u00c1LICO PREMIUM"},"content":{"rendered":"<p>Lateral met\u00e1lico con corredera oculta de extracci\u00f3n total que permite el cierre suave del caj\u00f3n. L\u00ednea Premium<\/p>\n","protected":false},"excerpt":{"rendered":"<p>Lateral met\u00e1lico con corredera oculta de extracci\u00f3n total que permite el cierre suave del caj\u00f3n. L\u00ednea Premium<\/p>\n","protected":false},"featured_media":17048,"comment_status":"closed","ping_status":"closed","template":"","meta":{"_uag_custom_page_level_css":"","site-sidebar-layout":"default","site-content-layout":"default","ast-site-content-layout":"default","site-content-style":"default","site-sidebar-style":"default","ast-global-header-display":"","ast-banner-title-visibility":"","ast-main-header-display":"","ast-hfb-above-header-display":"","ast-hfb-below-header-display":"","ast-hfb-mobile-header-display":"","site-post-title":"","ast-breadcrumbs-content":"","ast-featured-img":"","footer-sml-layout":"","theme-transparent-header-meta":"default","adv-header-id-meta":"","stick-header-meta":"default","header-above-stick-meta":"","header-main-stick-meta":"","header-below-stick-meta":"","astra-migrate-meta-layouts":"default","ast-page-background-enabled":"default","ast-page-background-meta":{"desktop":{"background-color":"var(--ast-global-color-4)","background-image":"","background-repeat":"repeat","background-position":"center center","background-size":"auto","background-attachment":"scroll","background-type":"","background-media":"","overlay-type":"","overlay-color":"","overlay-opacity":"","overlay-gradient":""},"tablet":{"background-color":"","background-image":"","background-repeat":"repeat","background-position":"center center","background-size":"auto","background-attachment":"scroll","background-type":"","background-media":"","overlay-type":"","overlay-color":"","overlay-opacity":"","overlay-gradient":""},"mobile":{"background-color":"","background-image":"","background-repeat":"repeat","background-position":"center center","background-size":"auto","background-attachment":"scroll","background-type":"","background-media":"","overlay-type":"","overlay-color":"","overlay-opacity":"","overlay-gradient":""}},"ast-content-background-meta":{"desktop":{"background-color":"var(--ast-global-color-5)","background-image":"","background-repeat":"repeat","background-position":"center center","background-size":"auto","background-attachment":"scroll","background-type":"","background-media":"","overlay-type":"","overlay-color":"","overlay-opacity":"","overlay-gradient":""},"tablet":{"background-color":"var(--ast-global-color-5)","background-image":"","background-repeat":"repeat","background-position":"center center","background-size":"auto","background-attachment":"scroll","background-type":"","background-media":"","overlay-type":"","overlay-color":"","overlay-opacity":"","overlay-gradient":""},"mobile":{"background-color":"var(--ast-global-color-5)","background-image":"","background-repeat":"repeat","background-position":"center center","background-size":"auto","background-attachment":"scroll","background-type":"","background-media":"","overlay-type":"","overlay-color":"","overlay-opacity":"","overlay-gradient":""}},"_vp_format_video_url":"","_vp_image_focal_point":[]},"product_brand":[],"product_cat":[17,235,347],"product_tag":[270,273,207,198,199,381,272],"class_list":{"0":"post-17567","1":"product","2":"type-product","3":"status-publish","4":"has-post-thumbnail","6":"product_cat-productos","7":"product_cat-muebles-y-cajones","8":"product_cat-correderas","9":"product_tag-cajones","10":"product_tag-cierre-suave","11":"product_tag-corredera","12":"product_tag-ducasse","13":"product_tag-industrial","14":"product_tag-lateral","15":"product_tag-oculta","16":"desktop-align-left","17":"tablet-align-left","18":"mobile-align-left","19":"ast-product-gallery-layout-horizontal","20":"ast-product-single-variable","21":"ast-product-tabs-layout-horizontal","23":"first","24":"instock","25":"sold-individually","26":"purchasable","27":"product-type-variable"},"aioseo_notices":[],"uagb_featured_image_src":{"full":["https:\/\/ducasseindustrial.com\/ar\/wp-content\/uploads\/sites\/17\/2020\/10\/AR_40111972_IMG_PROD1_BL-3-scaled.jpg",2560,1707,false],"thumbnail":["https:\/\/ducasseindustrial.com\/ar\/wp-content\/uploads\/sites\/17\/2020\/10\/AR_40111972_IMG_PROD1_BL-3-300x300.jpg",300,300,true],"medium":["https:\/\/ducasseindustrial.com\/ar\/wp-content\/uploads\/sites\/17\/2020\/10\/AR_40111972_IMG_PROD1_BL-3-600x400.jpg",600,400,true],"medium_large":["https:\/\/ducasseindustrial.com\/ar\/wp-content\/uploads\/sites\/17\/2020\/10\/AR_40111972_IMG_PROD1_BL-3-768x512.jpg",768,512,true],"large":["https:\/\/ducasseindustrial.com\/ar\/wp-content\/uploads\/sites\/17\/2020\/10\/AR_40111972_IMG_PROD1_BL-3-1024x683.jpg",1024,683,true],"1536x1536":["https:\/\/ducasseindustrial.com\/ar\/wp-content\/uploads\/sites\/17\/2020\/10\/AR_40111972_IMG_PROD1_BL-3-1536x1024.jpg",1536,1024,true],"2048x2048":["https:\/\/ducasseindustrial.com\/ar\/wp-content\/uploads\/sites\/17\/2020\/10\/AR_40111972_IMG_PROD1_BL-3-2048x1365.jpg",2048,1365,true],"vp_sm":["https:\/\/ducasseindustrial.com\/ar\/wp-content\/uploads\/sites\/17\/2020\/10\/AR_40111972_IMG_PROD1_BL-3-500x333.jpg",500,333,true],"vp_md":["https:\/\/ducasseindustrial.com\/ar\/wp-content\/uploads\/sites\/17\/2020\/10\/AR_40111972_IMG_PROD1_BL-3-800x533.jpg",800,533,true],"vp_lg":["https:\/\/ducasseindustrial.com\/ar\/wp-content\/uploads\/sites\/17\/2020\/10\/AR_40111972_IMG_PROD1_BL-3-1280x853.jpg",1280,853,true],"vp_xl":["https:\/\/ducasseindustrial.com\/ar\/wp-content\/uploads\/sites\/17\/2020\/10\/AR_40111972_IMG_PROD1_BL-3-1920x1280.jpg",1920,1280,true],"vp_sm_popup":["https:\/\/ducasseindustrial.com\/ar\/wp-content\/uploads\/sites\/17\/2020\/10\/AR_40111972_IMG_PROD1_BL-3-500x333.jpg",500,333,true],"vp_md_popup":["https:\/\/ducasseindustrial.com\/ar\/wp-content\/uploads\/sites\/17\/2020\/10\/AR_40111972_IMG_PROD1_BL-3-800x533.jpg",800,533,true],"vp_xl_popup":["https:\/\/ducasseindustrial.com\/ar\/wp-content\/uploads\/sites\/17\/2020\/10\/AR_40111972_IMG_PROD1_BL-3-1920x1280.jpg",1920,1280,true],"woocommerce_thumbnail":["https:\/\/ducasseindustrial.com\/ar\/wp-content\/uploads\/sites\/17\/2020\/10\/AR_40111972_IMG_PROD1_BL-3-600x600.jpg",600,600,true],"woocommerce_single":["https:\/\/ducasseindustrial.com\/ar\/wp-content\/uploads\/sites\/17\/2020\/10\/AR_40111972_IMG_PROD1_BL-3-1024x683.jpg",1024,683,true],"woocommerce_gallery_thumbnail":["https:\/\/ducasseindustrial.com\/ar\/wp-content\/uploads\/sites\/17\/2020\/10\/AR_40111972_IMG_PROD1_BL-3-100x100.jpg",100,100,true],"variation_swatches_image_size":["https:\/\/ducasseindustrial.com\/ar\/wp-content\/uploads\/sites\/17\/2020\/10\/AR_40111972_IMG_PROD1_BL-3-scaled.jpg",50,33,false],"variation_swatches_tooltip_size":["https:\/\/ducasseindustrial.com\/ar\/wp-content\/uploads\/sites\/17\/2020\/10\/AR_40111972_IMG_PROD1_BL-3-scaled.jpg",100,67,false]},"uagb_author_info":{"display_name":"user","author_link":"https:\/\/ducasseindustrial.com\/ar\/author\/"},"uagb_comment_info":0,"uagb_excerpt":"Lateral met\u00e1lico con corredera oculta de extracci\u00f3n total que permite el cierre suave del caj\u00f3n. L\u00ednea Premium","_links":{"self":[{"href":"https:\/\/ducasseindustrial.com\/ar\/wp-json\/wp\/v2\/product\/17567","targetHints":{"allow":["GET"]}}],"collection":[{"href":"https:\/\/ducasseindustrial.com\/ar\/wp-json\/wp\/v2\/product"}],"about":[{"href":"https:\/\/ducasseindustrial.com\/ar\/wp-json\/wp\/v2\/types\/product"}],"replies":[{"embeddable":true,"href":"https:\/\/ducasseindustrial.com\/ar\/wp-json\/wp\/v2\/comments?post=17567"}],"version-history":[{"count":7,"href":"https:\/\/ducasseindustrial.com\/ar\/wp-json\/wp\/v2\/product\/17567\/revisions"}],"predecessor-version":[{"id":20544,"href":"https:\/\/ducasseindustrial.com\/ar\/wp-json\/wp\/v2\/product\/17567\/revisions\/20544"}],"wp:featuredmedia":[{"embeddable":true,"href":"https:\/\/ducasseindustrial.com\/ar\/wp-json\/wp\/v2\/media\/17048"}],"wp:attachment":[{"href":"https:\/\/ducasseindustrial.com\/ar\/wp-json\/wp\/v2\/media?parent=17567"}],"wp:term":[{"taxonomy":"product_brand","embeddable":true,"href":"https:\/\/ducasseindustrial.com\/ar\/wp-json\/wp\/v2\/product_brand?post=17567"},{"taxonomy":"product_cat","embeddable":true,"href":"https:\/\/ducasseindustrial.com\/ar\/wp-json\/wp\/v2\/product_cat?post=17567"},{"taxonomy":"product_tag","embeddable":true,"href":"https:\/\/ducasseindustrial.com\/ar\/wp-json\/wp\/v2\/product_tag?post=17567"}],"curies":[{"name":"wp","href":"https:\/\/api.w.org\/{rel}","templated":true}]}}