{"id":17772,"date":"2020-10-30T07:12:08","date_gmt":"2020-10-30T11:12:08","guid":{"rendered":"https:\/\/ducasseindustrial.com\/ar\/product\/riel-u-21\/"},"modified":"2021-02-23T09:28:27","modified_gmt":"2021-02-23T13:28:27","slug":"riel-u-21","status":"publish","type":"product","link":"https:\/\/ducasseindustrial.com\/ar\/product\/riel-u-21\/","title":{"rendered":"RIEL U &#8211; 21"},"content":{"rendered":"<p>Riel U-21 de 2 m de terminaci\u00f3n anodizado mate, compatible con riel DN-80 CD, DN-80 SR, DN-80 CF, DN-80 OC LT. Tambi\u00e9n para instalaci\u00f3n a muro es compatible con Conector a muro y Conector a muro ancho seg\u00fan sea la especificaci\u00f3n de la puerta.<\/p>\n<p>&nbsp;<\/p>\n","protected":false},"excerpt":{"rendered":"<p>Riel U-21 de 2 m de terminaci\u00f3n anodizado mate, compatible con riel DN-80 CD, DN-80 SR, DN-80 CF, DN-80 OC LT. Tambi\u00e9n para instalaci\u00f3n a muro es compatible con Conector a muro y Conector a muro ancho seg\u00fan sea la especificaci\u00f3n de la puerta. &nbsp;<\/p>\n","protected":false},"featured_media":17134,"comment_status":"closed","ping_status":"closed","template":"","meta":{"_uag_custom_page_level_css":"","site-sidebar-layout":"default","site-content-layout":"default","ast-site-content-layout":"default","site-content-style":"default","site-sidebar-style":"default","ast-global-header-display":"","ast-banner-title-visibility":"","ast-main-header-display":"","ast-hfb-above-header-display":"","ast-hfb-below-header-display":"","ast-hfb-mobile-header-display":"","site-post-title":"","ast-breadcrumbs-content":"","ast-featured-img":"","footer-sml-layout":"","theme-transparent-header-meta":"default","adv-header-id-meta":"","stick-header-meta":"default","header-above-stick-meta":"","header-main-stick-meta":"","header-below-stick-meta":"","astra-migrate-meta-layouts":"default","ast-page-background-enabled":"default","ast-page-background-meta":{"desktop":{"background-color":"var(--ast-global-color-4)","background-image":"","background-repeat":"repeat","background-position":"center center","background-size":"auto","background-attachment":"scroll","background-type":"","background-media":"","overlay-type":"","overlay-color":"","overlay-opacity":"","overlay-gradient":""},"tablet":{"background-color":"","background-image":"","background-repeat":"repeat","background-position":"center center","background-size":"auto","background-attachment":"scroll","background-type":"","background-media":"","overlay-type":"","overlay-color":"","overlay-opacity":"","overlay-gradient":""},"mobile":{"background-color":"","background-image":"","background-repeat":"repeat","background-position":"center center","background-size":"auto","background-attachment":"scroll","background-type":"","background-media":"","overlay-type":"","overlay-color":"","overlay-opacity":"","overlay-gradient":""}},"ast-content-background-meta":{"desktop":{"background-color":"var(--ast-global-color-5)","background-image":"","background-repeat":"repeat","background-position":"center center","background-size":"auto","background-attachment":"scroll","background-type":"","background-media":"","overlay-type":"","overlay-color":"","overlay-opacity":"","overlay-gradient":""},"tablet":{"background-color":"var(--ast-global-color-5)","background-image":"","background-repeat":"repeat","background-position":"center center","background-size":"auto","background-attachment":"scroll","background-type":"","background-media":"","overlay-type":"","overlay-color":"","overlay-opacity":"","overlay-gradient":""},"mobile":{"background-color":"var(--ast-global-color-5)","background-image":"","background-repeat":"repeat","background-position":"center center","background-size":"auto","background-attachment":"scroll","background-type":"","background-media":"","overlay-type":"","overlay-color":"","overlay-opacity":"","overlay-gradient":""}},"_vp_format_video_url":"","_vp_image_focal_point":[]},"product_brand":[],"product_cat":[17,70,220],"product_tag":[222,198,199,217,211,400,221,443,444],"class_list":{"0":"post-17772","1":"product","2":"type-product","3":"status-publish","4":"has-post-thumbnail","6":"product_cat-productos","7":"product_cat-puertas-de-paso","8":"product_cat-rieles-y-cenefas","9":"product_tag-division-de-ambiente","10":"product_tag-ducasse","11":"product_tag-industrial","12":"product_tag-puerta-de-paso","13":"product_tag-riel","14":"product_tag-rieles","15":"product_tag-sistema-corredizo","16":"product_tag-u-21","17":"product_tag-u21","18":"desktop-align-left","19":"tablet-align-left","20":"mobile-align-left","21":"ast-product-gallery-layout-horizontal","22":"ast-product-single-variable","23":"ast-product-tabs-layout-horizontal","25":"first","26":"instock","27":"sold-individually","28":"purchasable","29":"product-type-variable"},"aioseo_notices":[],"uagb_featured_image_src":{"full":["https:\/\/ducasseindustrial.com\/ar\/wp-content\/uploads\/sites\/17\/2020\/10\/AR_40107003_IMG_PROD1_BL.jpg",1920,1080,false],"thumbnail":["https:\/\/ducasseindustrial.com\/ar\/wp-content\/uploads\/sites\/17\/2020\/10\/AR_40107003_IMG_PROD1_BL-300x300.jpg",300,300,true],"medium":["https:\/\/ducasseindustrial.com\/ar\/wp-content\/uploads\/sites\/17\/2020\/10\/AR_40107003_IMG_PROD1_BL-600x338.jpg",600,338,true],"medium_large":["https:\/\/ducasseindustrial.com\/ar\/wp-content\/uploads\/sites\/17\/2020\/10\/AR_40107003_IMG_PROD1_BL-768x432.jpg",768,432,true],"large":["https:\/\/ducasseindustrial.com\/ar\/wp-content\/uploads\/sites\/17\/2020\/10\/AR_40107003_IMG_PROD1_BL-1024x576.jpg",1024,576,true],"1536x1536":["https:\/\/ducasseindustrial.com\/ar\/wp-content\/uploads\/sites\/17\/2020\/10\/AR_40107003_IMG_PROD1_BL-1536x864.jpg",1536,864,true],"2048x2048":["https:\/\/ducasseindustrial.com\/ar\/wp-content\/uploads\/sites\/17\/2020\/10\/AR_40107003_IMG_PROD1_BL.jpg",1920,1080,false],"vp_sm":["https:\/\/ducasseindustrial.com\/ar\/wp-content\/uploads\/sites\/17\/2020\/10\/AR_40107003_IMG_PROD1_BL-500x281.jpg",500,281,true],"vp_md":["https:\/\/ducasseindustrial.com\/ar\/wp-content\/uploads\/sites\/17\/2020\/10\/AR_40107003_IMG_PROD1_BL-800x450.jpg",800,450,true],"vp_lg":["https:\/\/ducasseindustrial.com\/ar\/wp-content\/uploads\/sites\/17\/2020\/10\/AR_40107003_IMG_PROD1_BL-1280x720.jpg",1280,720,true],"vp_xl":["https:\/\/ducasseindustrial.com\/ar\/wp-content\/uploads\/sites\/17\/2020\/10\/AR_40107003_IMG_PROD1_BL.jpg",1920,1080,false],"vp_sm_popup":["https:\/\/ducasseindustrial.com\/ar\/wp-content\/uploads\/sites\/17\/2020\/10\/AR_40107003_IMG_PROD1_BL-500x281.jpg",500,281,true],"vp_md_popup":["https:\/\/ducasseindustrial.com\/ar\/wp-content\/uploads\/sites\/17\/2020\/10\/AR_40107003_IMG_PROD1_BL-800x450.jpg",800,450,true],"vp_xl_popup":["https:\/\/ducasseindustrial.com\/ar\/wp-content\/uploads\/sites\/17\/2020\/10\/AR_40107003_IMG_PROD1_BL.jpg",1920,1080,false],"woocommerce_thumbnail":["https:\/\/ducasseindustrial.com\/ar\/wp-content\/uploads\/sites\/17\/2020\/10\/AR_40107003_IMG_PROD1_BL-600x600.jpg",600,600,true],"woocommerce_single":["https:\/\/ducasseindustrial.com\/ar\/wp-content\/uploads\/sites\/17\/2020\/10\/AR_40107003_IMG_PROD1_BL-1024x576.jpg",1024,576,true],"woocommerce_gallery_thumbnail":["https:\/\/ducasseindustrial.com\/ar\/wp-content\/uploads\/sites\/17\/2020\/10\/AR_40107003_IMG_PROD1_BL-100x100.jpg",100,100,true],"variation_swatches_image_size":["https:\/\/ducasseindustrial.com\/ar\/wp-content\/uploads\/sites\/17\/2020\/10\/AR_40107003_IMG_PROD1_BL.jpg",50,28,false],"variation_swatches_tooltip_size":["https:\/\/ducasseindustrial.com\/ar\/wp-content\/uploads\/sites\/17\/2020\/10\/AR_40107003_IMG_PROD1_BL.jpg",100,56,false]},"uagb_author_info":{"display_name":"user","author_link":"https:\/\/ducasseindustrial.com\/ar\/author\/"},"uagb_comment_info":0,"uagb_excerpt":"Riel U-21 de 2 m de terminaci\u00f3n anodizado mate, compatible con riel DN-80 CD, DN-80 SR, DN-80 CF, DN-80 OC LT. Tambi\u00e9n para instalaci\u00f3n a muro es compatible con Conector a muro y Conector a muro ancho seg\u00fan sea la especificaci\u00f3n de la puerta. &nbsp;","_links":{"self":[{"href":"https:\/\/ducasseindustrial.com\/ar\/wp-json\/wp\/v2\/product\/17772","targetHints":{"allow":["GET"]}}],"collection":[{"href":"https:\/\/ducasseindustrial.com\/ar\/wp-json\/wp\/v2\/product"}],"about":[{"href":"https:\/\/ducasseindustrial.com\/ar\/wp-json\/wp\/v2\/types\/product"}],"replies":[{"embeddable":true,"href":"https:\/\/ducasseindustrial.com\/ar\/wp-json\/wp\/v2\/comments?post=17772"}],"version-history":[{"count":1,"href":"https:\/\/ducasseindustrial.com\/ar\/wp-json\/wp\/v2\/product\/17772\/revisions"}],"predecessor-version":[{"id":17773,"href":"https:\/\/ducasseindustrial.com\/ar\/wp-json\/wp\/v2\/product\/17772\/revisions\/17773"}],"wp:featuredmedia":[{"embeddable":true,"href":"https:\/\/ducasseindustrial.com\/ar\/wp-json\/wp\/v2\/media\/17134"}],"wp:attachment":[{"href":"https:\/\/ducasseindustrial.com\/ar\/wp-json\/wp\/v2\/media?parent=17772"}],"wp:term":[{"taxonomy":"product_brand","embeddable":true,"href":"https:\/\/ducasseindustrial.com\/ar\/wp-json\/wp\/v2\/product_brand?post=17772"},{"taxonomy":"product_cat","embeddable":true,"href":"https:\/\/ducasseindustrial.com\/ar\/wp-json\/wp\/v2\/product_cat?post=17772"},{"taxonomy":"product_tag","embeddable":true,"href":"https:\/\/ducasseindustrial.com\/ar\/wp-json\/wp\/v2\/product_tag?post=17772"}],"curies":[{"name":"wp","href":"https:\/\/api.w.org\/{rel}","templated":true}]}}