{"id":19626,"date":"2020-11-13T10:54:12","date_gmt":"2020-11-13T14:54:12","guid":{"rendered":"https:\/\/ducasseindustrial.com\/ar\/?post_type=product&#038;p=19626"},"modified":"2021-03-04T11:59:57","modified_gmt":"2021-03-04T15:59:57","slug":"tauro-pl-md-50-2-puertas-plegables-2","status":"publish","type":"product","link":"https:\/\/ducasseindustrial.com\/ar\/product\/tauro-pl-md-50-2-puertas-plegables-2\/","title":{"rendered":"Tauro PL MD 50 (+2 puertas plegables)"},"content":{"rendered":"","protected":false},"excerpt":{"rendered":"<p>El Sistema trae todos los elementos para sumar 2 puertas Tauro PL MD 50.<\/p>\n<p>1 carro Tauro PLMD 50<br \/>\n1 caja m\u00f3vil gu\u00eda<br \/>\n2 bases fijas<br \/>\n6 bisagras ocultas<br \/>\n2 tapas pl\u00e1sticas<br \/>\n1 alineador<br \/>\n1 tope PLMD<br \/>\nLlave allen<br \/>\nLlave Segmenta<br \/>\ntornillos<\/p>\n","protected":false},"featured_media":19627,"comment_status":"closed","ping_status":"closed","template":"","meta":{"_uag_custom_page_level_css":"","site-sidebar-layout":"no-sidebar","site-content-layout":"page-builder","ast-site-content-layout":"default","site-content-style":"default","site-sidebar-style":"default","ast-global-header-display":"","ast-banner-title-visibility":"","ast-main-header-display":"","ast-hfb-above-header-display":"","ast-hfb-below-header-display":"","ast-hfb-mobile-header-display":"","site-post-title":"disabled","ast-breadcrumbs-content":"","ast-featured-img":"disabled","footer-sml-layout":"","theme-transparent-header-meta":"default","adv-header-id-meta":"","stick-header-meta":"default","header-above-stick-meta":"","header-main-stick-meta":"","header-below-stick-meta":"","astra-migrate-meta-layouts":"default","ast-page-background-enabled":"default","ast-page-background-meta":{"desktop":{"background-color":"var(--ast-global-color-4)","background-image":"","background-repeat":"repeat","background-position":"center center","background-size":"auto","background-attachment":"scroll","background-type":"","background-media":"","overlay-type":"","overlay-color":"","overlay-opacity":"","overlay-gradient":""},"tablet":{"background-color":"","background-image":"","background-repeat":"repeat","background-position":"center center","background-size":"auto","background-attachment":"scroll","background-type":"","background-media":"","overlay-type":"","overlay-color":"","overlay-opacity":"","overlay-gradient":""},"mobile":{"background-color":"","background-image":"","background-repeat":"repeat","background-position":"center center","background-size":"auto","background-attachment":"scroll","background-type":"","background-media":"","overlay-type":"","overlay-color":"","overlay-opacity":"","overlay-gradient":""}},"ast-content-background-meta":{"desktop":{"background-color":"var(--ast-global-color-5)","background-image":"","background-repeat":"repeat","background-position":"center center","background-size":"auto","background-attachment":"scroll","background-type":"","background-media":"","overlay-type":"","overlay-color":"","overlay-opacity":"","overlay-gradient":""},"tablet":{"background-color":"var(--ast-global-color-5)","background-image":"","background-repeat":"repeat","background-position":"center center","background-size":"auto","background-attachment":"scroll","background-type":"","background-media":"","overlay-type":"","overlay-color":"","overlay-opacity":"","overlay-gradient":""},"mobile":{"background-color":"var(--ast-global-color-5)","background-image":"","background-repeat":"repeat","background-position":"center center","background-size":"auto","background-attachment":"scroll","background-type":"","background-media":"","overlay-type":"","overlay-color":"","overlay-opacity":"","overlay-gradient":""}},"_vp_format_video_url":"","_vp_image_focal_point":[]},"product_brand":[],"product_cat":[508],"product_tag":[495],"class_list":{"0":"post-19626","1":"product","2":"type-product","3":"status-publish","4":"has-post-thumbnail","6":"product_cat-kits-divisiones-de-ambiente","7":"product_tag-componentes-tauro-md","8":"desktop-align-left","9":"tablet-align-left","10":"mobile-align-left","11":"ast-product-gallery-layout-horizontal","12":"ast-product-tabs-layout-horizontal","14":"first","15":"instock","16":"shipping-taxable","17":"purchasable","18":"product-type-simple"},"aioseo_notices":[],"uagb_featured_image_src":{"full":["https:\/\/ducasseindustrial.com\/ar\/wp-content\/uploads\/sites\/17\/2020\/11\/AR_10300001453_IMG_PROD1_BL.jpg",1920,1080,false],"thumbnail":["https:\/\/ducasseindustrial.com\/ar\/wp-content\/uploads\/sites\/17\/2020\/11\/AR_10300001453_IMG_PROD1_BL-300x300.jpg",300,300,true],"medium":["https:\/\/ducasseindustrial.com\/ar\/wp-content\/uploads\/sites\/17\/2020\/11\/AR_10300001453_IMG_PROD1_BL-600x338.jpg",600,338,true],"medium_large":["https:\/\/ducasseindustrial.com\/ar\/wp-content\/uploads\/sites\/17\/2020\/11\/AR_10300001453_IMG_PROD1_BL-768x432.jpg",768,432,true],"large":["https:\/\/ducasseindustrial.com\/ar\/wp-content\/uploads\/sites\/17\/2020\/11\/AR_10300001453_IMG_PROD1_BL-1024x576.jpg",1024,576,true],"1536x1536":["https:\/\/ducasseindustrial.com\/ar\/wp-content\/uploads\/sites\/17\/2020\/11\/AR_10300001453_IMG_PROD1_BL-1536x864.jpg",1536,864,true],"2048x2048":["https:\/\/ducasseindustrial.com\/ar\/wp-content\/uploads\/sites\/17\/2020\/11\/AR_10300001453_IMG_PROD1_BL.jpg",1920,1080,false],"vp_sm":["https:\/\/ducasseindustrial.com\/ar\/wp-content\/uploads\/sites\/17\/2020\/11\/AR_10300001453_IMG_PROD1_BL-500x281.jpg",500,281,true],"vp_md":["https:\/\/ducasseindustrial.com\/ar\/wp-content\/uploads\/sites\/17\/2020\/11\/AR_10300001453_IMG_PROD1_BL-800x450.jpg",800,450,true],"vp_lg":["https:\/\/ducasseindustrial.com\/ar\/wp-content\/uploads\/sites\/17\/2020\/11\/AR_10300001453_IMG_PROD1_BL-1280x720.jpg",1280,720,true],"vp_xl":["https:\/\/ducasseindustrial.com\/ar\/wp-content\/uploads\/sites\/17\/2020\/11\/AR_10300001453_IMG_PROD1_BL.jpg",1920,1080,false],"vp_sm_popup":["https:\/\/ducasseindustrial.com\/ar\/wp-content\/uploads\/sites\/17\/2020\/11\/AR_10300001453_IMG_PROD1_BL-500x281.jpg",500,281,true],"vp_md_popup":["https:\/\/ducasseindustrial.com\/ar\/wp-content\/uploads\/sites\/17\/2020\/11\/AR_10300001453_IMG_PROD1_BL-800x450.jpg",800,450,true],"vp_xl_popup":["https:\/\/ducasseindustrial.com\/ar\/wp-content\/uploads\/sites\/17\/2020\/11\/AR_10300001453_IMG_PROD1_BL.jpg",1920,1080,false],"woocommerce_thumbnail":["https:\/\/ducasseindustrial.com\/ar\/wp-content\/uploads\/sites\/17\/2020\/11\/AR_10300001453_IMG_PROD1_BL-600x600.jpg",600,600,true],"woocommerce_single":["https:\/\/ducasseindustrial.com\/ar\/wp-content\/uploads\/sites\/17\/2020\/11\/AR_10300001453_IMG_PROD1_BL-1024x576.jpg",1024,576,true],"woocommerce_gallery_thumbnail":["https:\/\/ducasseindustrial.com\/ar\/wp-content\/uploads\/sites\/17\/2020\/11\/AR_10300001453_IMG_PROD1_BL-100x100.jpg",100,100,true],"variation_swatches_image_size":["https:\/\/ducasseindustrial.com\/ar\/wp-content\/uploads\/sites\/17\/2020\/11\/AR_10300001453_IMG_PROD1_BL.jpg",50,28,false],"variation_swatches_tooltip_size":["https:\/\/ducasseindustrial.com\/ar\/wp-content\/uploads\/sites\/17\/2020\/11\/AR_10300001453_IMG_PROD1_BL.jpg",100,56,false]},"uagb_author_info":{"display_name":"user","author_link":"https:\/\/ducasseindustrial.com\/ar\/author\/"},"uagb_comment_info":0,"uagb_excerpt":"El Sistema trae todos los elementos para sumar 2 puertas Tauro PL MD 50. 1 carro Tauro PLMD 50 1 caja m\u00f3vil gu\u00eda 2 bases fijas 6 bisagras ocultas 2 tapas pl\u00e1sticas 1 alineador 1 tope PLMD Llave allen Llave Segmenta tornillos","_links":{"self":[{"href":"https:\/\/ducasseindustrial.com\/ar\/wp-json\/wp\/v2\/product\/19626","targetHints":{"allow":["GET"]}}],"collection":[{"href":"https:\/\/ducasseindustrial.com\/ar\/wp-json\/wp\/v2\/product"}],"about":[{"href":"https:\/\/ducasseindustrial.com\/ar\/wp-json\/wp\/v2\/types\/product"}],"replies":[{"embeddable":true,"href":"https:\/\/ducasseindustrial.com\/ar\/wp-json\/wp\/v2\/comments?post=19626"}],"version-history":[{"count":3,"href":"https:\/\/ducasseindustrial.com\/ar\/wp-json\/wp\/v2\/product\/19626\/revisions"}],"predecessor-version":[{"id":19655,"href":"https:\/\/ducasseindustrial.com\/ar\/wp-json\/wp\/v2\/product\/19626\/revisions\/19655"}],"wp:featuredmedia":[{"embeddable":true,"href":"https:\/\/ducasseindustrial.com\/ar\/wp-json\/wp\/v2\/media\/19627"}],"wp:attachment":[{"href":"https:\/\/ducasseindustrial.com\/ar\/wp-json\/wp\/v2\/media?parent=19626"}],"wp:term":[{"taxonomy":"product_brand","embeddable":true,"href":"https:\/\/ducasseindustrial.com\/ar\/wp-json\/wp\/v2\/product_brand?post=19626"},{"taxonomy":"product_cat","embeddable":true,"href":"https:\/\/ducasseindustrial.com\/ar\/wp-json\/wp\/v2\/product_cat?post=19626"},{"taxonomy":"product_tag","embeddable":true,"href":"https:\/\/ducasseindustrial.com\/ar\/wp-json\/wp\/v2\/product_tag?post=19626"}],"curies":[{"name":"wp","href":"https:\/\/api.w.org\/{rel}","templated":true}]}}