{"id":19656,"date":"2020-11-16T07:57:38","date_gmt":"2020-11-16T11:57:38","guid":{"rendered":"https:\/\/ducasseindustrial.com\/ar\/?post_type=product&#038;p=19656"},"modified":"2020-12-22T09:51:16","modified_gmt":"2020-12-22T13:51:16","slug":"sigma-vd","status":"publish","type":"product","link":"https:\/\/ducasseindustrial.com\/ar\/product\/sigma-vd\/","title":{"rendered":"SIGMA VD"},"content":{"rendered":"","protected":false},"excerpt":{"rendered":"<p>El sistema de paneles m\u00f3viles SIGMA es el m\u00e1s vers\u00e1til de nuestra l\u00ednea ya que ofrece grandes posibilidades para combinar, integrar o modificar los espacios seg\u00fan sea la necesidad. Su dise\u00f1o se adapta perfectamente a cualquier tipo de ambiente, recorrido y extensi\u00f3n gracias a la ingenier\u00eda de sus componentes. Su sistema de curvas representa la soluci\u00f3n t\u00e9cnica ideal para los cambios de direcci\u00f3n.<\/p>\n<p>El riel de rodadura SIGMA, exclusivo de DUCASSE INDUSTRIAL, posee una excelente terminaci\u00f3n que posibilita tanto ser embutido como quedar totalmente a la vista.<\/p>\n<p>Integrar los espacios es una tarea sencilla con el sistema SIGMA. La ausencia de rieles al piso y de divisiones verticales hace que no exista interrupci\u00f3n en las visuales y en el tr\u00e1nsito entre \u00e1mbitos. Los sistemas DUCASSE INDUSTRIAL representan adem\u00e1s una inmejorable opci\u00f3n para disfrutar los exteriores cualquier d\u00eda del a\u00f1o.<\/p>\n","protected":false},"featured_media":19657,"comment_status":"closed","ping_status":"closed","template":"","meta":{"_uag_custom_page_level_css":"","site-sidebar-layout":"no-sidebar","site-content-layout":"page-builder","ast-site-content-layout":"default","site-content-style":"default","site-sidebar-style":"default","ast-global-header-display":"","ast-banner-title-visibility":"","ast-main-header-display":"","ast-hfb-above-header-display":"","ast-hfb-below-header-display":"","ast-hfb-mobile-header-display":"","site-post-title":"disabled","ast-breadcrumbs-content":"","ast-featured-img":"disabled","footer-sml-layout":"","theme-transparent-header-meta":"default","adv-header-id-meta":"","stick-header-meta":"default","header-above-stick-meta":"","header-main-stick-meta":"","header-below-stick-meta":"","astra-migrate-meta-layouts":"default","ast-page-background-enabled":"default","ast-page-background-meta":{"desktop":{"background-color":"var(--ast-global-color-4)","background-image":"","background-repeat":"repeat","background-position":"center center","background-size":"auto","background-attachment":"scroll","background-type":"","background-media":"","overlay-type":"","overlay-color":"","overlay-opacity":"","overlay-gradient":""},"tablet":{"background-color":"","background-image":"","background-repeat":"repeat","background-position":"center center","background-size":"auto","background-attachment":"scroll","background-type":"","background-media":"","overlay-type":"","overlay-color":"","overlay-opacity":"","overlay-gradient":""},"mobile":{"background-color":"","background-image":"","background-repeat":"repeat","background-position":"center center","background-size":"auto","background-attachment":"scroll","background-type":"","background-media":"","overlay-type":"","overlay-color":"","overlay-opacity":"","overlay-gradient":""}},"ast-content-background-meta":{"desktop":{"background-color":"var(--ast-global-color-5)","background-image":"","background-repeat":"repeat","background-position":"center center","background-size":"auto","background-attachment":"scroll","background-type":"","background-media":"","overlay-type":"","overlay-color":"","overlay-opacity":"","overlay-gradient":""},"tablet":{"background-color":"var(--ast-global-color-5)","background-image":"","background-repeat":"repeat","background-position":"center center","background-size":"auto","background-attachment":"scroll","background-type":"","background-media":"","overlay-type":"","overlay-color":"","overlay-opacity":"","overlay-gradient":""},"mobile":{"background-color":"var(--ast-global-color-5)","background-image":"","background-repeat":"repeat","background-position":"center center","background-size":"auto","background-attachment":"scroll","background-type":"","background-media":"","overlay-type":"","overlay-color":"","overlay-opacity":"","overlay-gradient":""}},"_vp_format_video_url":"","_vp_image_focal_point":[]},"product_brand":[],"product_cat":[66],"product_tag":[506],"class_list":{"0":"post-19656","1":"product","2":"type-product","3":"status-publish","4":"has-post-thumbnail","6":"product_cat-vidrio-divisiones-de-ambiente","7":"product_tag-tag-sigma-vd","8":"desktop-align-left","9":"tablet-align-left","10":"mobile-align-left","11":"ast-product-gallery-layout-horizontal","12":"ast-product-tabs-layout-horizontal","14":"first","15":"instock","16":"shipping-taxable","17":"purchasable","18":"product-type-simple"},"aioseo_notices":[],"uagb_featured_image_src":{"full":["https:\/\/ducasseindustrial.com\/ar\/wp-content\/uploads\/sites\/17\/2020\/11\/AR_sigma-vd_IMG_PROD1_BL.jpg",1920,1080,false],"thumbnail":["https:\/\/ducasseindustrial.com\/ar\/wp-content\/uploads\/sites\/17\/2020\/11\/AR_sigma-vd_IMG_PROD1_BL-300x300.jpg",300,300,true],"medium":["https:\/\/ducasseindustrial.com\/ar\/wp-content\/uploads\/sites\/17\/2020\/11\/AR_sigma-vd_IMG_PROD1_BL-600x338.jpg",600,338,true],"medium_large":["https:\/\/ducasseindustrial.com\/ar\/wp-content\/uploads\/sites\/17\/2020\/11\/AR_sigma-vd_IMG_PROD1_BL-768x432.jpg",768,432,true],"large":["https:\/\/ducasseindustrial.com\/ar\/wp-content\/uploads\/sites\/17\/2020\/11\/AR_sigma-vd_IMG_PROD1_BL-1024x576.jpg",1024,576,true],"1536x1536":["https:\/\/ducasseindustrial.com\/ar\/wp-content\/uploads\/sites\/17\/2020\/11\/AR_sigma-vd_IMG_PROD1_BL-1536x864.jpg",1536,864,true],"2048x2048":["https:\/\/ducasseindustrial.com\/ar\/wp-content\/uploads\/sites\/17\/2020\/11\/AR_sigma-vd_IMG_PROD1_BL.jpg",1920,1080,false],"vp_sm":["https:\/\/ducasseindustrial.com\/ar\/wp-content\/uploads\/sites\/17\/2020\/11\/AR_sigma-vd_IMG_PROD1_BL-500x281.jpg",500,281,true],"vp_md":["https:\/\/ducasseindustrial.com\/ar\/wp-content\/uploads\/sites\/17\/2020\/11\/AR_sigma-vd_IMG_PROD1_BL-800x450.jpg",800,450,true],"vp_lg":["https:\/\/ducasseindustrial.com\/ar\/wp-content\/uploads\/sites\/17\/2020\/11\/AR_sigma-vd_IMG_PROD1_BL-1280x720.jpg",1280,720,true],"vp_xl":["https:\/\/ducasseindustrial.com\/ar\/wp-content\/uploads\/sites\/17\/2020\/11\/AR_sigma-vd_IMG_PROD1_BL.jpg",1920,1080,false],"vp_sm_popup":["https:\/\/ducasseindustrial.com\/ar\/wp-content\/uploads\/sites\/17\/2020\/11\/AR_sigma-vd_IMG_PROD1_BL-500x281.jpg",500,281,true],"vp_md_popup":["https:\/\/ducasseindustrial.com\/ar\/wp-content\/uploads\/sites\/17\/2020\/11\/AR_sigma-vd_IMG_PROD1_BL-800x450.jpg",800,450,true],"vp_xl_popup":["https:\/\/ducasseindustrial.com\/ar\/wp-content\/uploads\/sites\/17\/2020\/11\/AR_sigma-vd_IMG_PROD1_BL.jpg",1920,1080,false],"woocommerce_thumbnail":["https:\/\/ducasseindustrial.com\/ar\/wp-content\/uploads\/sites\/17\/2020\/11\/AR_sigma-vd_IMG_PROD1_BL-600x600.jpg",600,600,true],"woocommerce_single":["https:\/\/ducasseindustrial.com\/ar\/wp-content\/uploads\/sites\/17\/2020\/11\/AR_sigma-vd_IMG_PROD1_BL-1024x576.jpg",1024,576,true],"woocommerce_gallery_thumbnail":["https:\/\/ducasseindustrial.com\/ar\/wp-content\/uploads\/sites\/17\/2020\/11\/AR_sigma-vd_IMG_PROD1_BL-100x100.jpg",100,100,true],"variation_swatches_image_size":["https:\/\/ducasseindustrial.com\/ar\/wp-content\/uploads\/sites\/17\/2020\/11\/AR_sigma-vd_IMG_PROD1_BL.jpg",50,28,false],"variation_swatches_tooltip_size":["https:\/\/ducasseindustrial.com\/ar\/wp-content\/uploads\/sites\/17\/2020\/11\/AR_sigma-vd_IMG_PROD1_BL.jpg",100,56,false]},"uagb_author_info":{"display_name":"user","author_link":"https:\/\/ducasseindustrial.com\/ar\/author\/"},"uagb_comment_info":0,"uagb_excerpt":"El sistema de paneles m\u00f3viles SIGMA es el m\u00e1s vers\u00e1til de nuestra l\u00ednea ya que ofrece grandes posibilidades para combinar, integrar o modificar los espacios seg\u00fan sea la necesidad. Su dise\u00f1o se adapta perfectamente a cualquier tipo de ambiente, recorrido y extensi\u00f3n gracias a la ingenier\u00eda de sus componentes. Su sistema de curvas representa la&hellip;","_links":{"self":[{"href":"https:\/\/ducasseindustrial.com\/ar\/wp-json\/wp\/v2\/product\/19656","targetHints":{"allow":["GET"]}}],"collection":[{"href":"https:\/\/ducasseindustrial.com\/ar\/wp-json\/wp\/v2\/product"}],"about":[{"href":"https:\/\/ducasseindustrial.com\/ar\/wp-json\/wp\/v2\/types\/product"}],"replies":[{"embeddable":true,"href":"https:\/\/ducasseindustrial.com\/ar\/wp-json\/wp\/v2\/comments?post=19656"}],"version-history":[{"count":8,"href":"https:\/\/ducasseindustrial.com\/ar\/wp-json\/wp\/v2\/product\/19656\/revisions"}],"predecessor-version":[{"id":20305,"href":"https:\/\/ducasseindustrial.com\/ar\/wp-json\/wp\/v2\/product\/19656\/revisions\/20305"}],"wp:featuredmedia":[{"embeddable":true,"href":"https:\/\/ducasseindustrial.com\/ar\/wp-json\/wp\/v2\/media\/19657"}],"wp:attachment":[{"href":"https:\/\/ducasseindustrial.com\/ar\/wp-json\/wp\/v2\/media?parent=19656"}],"wp:term":[{"taxonomy":"product_brand","embeddable":true,"href":"https:\/\/ducasseindustrial.com\/ar\/wp-json\/wp\/v2\/product_brand?post=19656"},{"taxonomy":"product_cat","embeddable":true,"href":"https:\/\/ducasseindustrial.com\/ar\/wp-json\/wp\/v2\/product_cat?post=19656"},{"taxonomy":"product_tag","embeddable":true,"href":"https:\/\/ducasseindustrial.com\/ar\/wp-json\/wp\/v2\/product_tag?post=19656"}],"curies":[{"name":"wp","href":"https:\/\/api.w.org\/{rel}","templated":true}]}}