{"id":28684,"date":"2026-05-04T09:37:37","date_gmt":"2026-05-04T13:37:37","guid":{"rendered":"https:\/\/ducasseindustrial.com\/ar\/?post_type=product&#038;p=28684"},"modified":"2026-05-04T09:55:09","modified_gmt":"2026-05-04T13:55:09","slug":"organizador-extraible-300-2n","status":"publish","type":"product","link":"https:\/\/ducasseindustrial.com\/ar\/product\/organizador-extraible-300-2n\/","title":{"rendered":"ORGANIZADOR EXTRA\u00cdBLE 300 2N"},"content":{"rendered":"<p>Maximiza el espacio y la comodidad en tu cocina con nuestro <strong>organizador extra\u00edble<\/strong>, ideal para mantener todo al alcance de la mano. Su estructura met\u00e1lica ofrece <strong>durabilidad y estabilidad<\/strong>, mientras que su dise\u00f1o deslizante permite un acceso r\u00e1pido y ordenado a tus utensilios, ollas o productos.<br \/>\nDisponible en diferentes medidas para adaptarse a tus muebles, este organizador es la soluci\u00f3n perfecta para quienes buscan <strong>funcionalidad y estilo<\/strong> en cada rinc\u00f3n.<\/p>\n","protected":false},"excerpt":{"rendered":"<p>Maximiza el espacio y la comodidad en tu cocina con nuestro organizador extra\u00edble, ideal para mantener todo al alcance de la mano. Su estructura met\u00e1lica ofrece durabilidad y estabilidad, mientras que su dise\u00f1o deslizante permite un acceso r\u00e1pido y ordenado a tus utensilios, ollas o productos. Disponible en diferentes medidas para adaptarse a tus muebles, [&hellip;]<\/p>\n","protected":false},"featured_media":28685,"comment_status":"closed","ping_status":"closed","template":"","meta":{"_uag_custom_page_level_css":"","site-sidebar-layout":"default","site-content-layout":"","ast-site-content-layout":"default","site-content-style":"default","site-sidebar-style":"default","ast-global-header-display":"","ast-banner-title-visibility":"","ast-main-header-display":"","ast-hfb-above-header-display":"","ast-hfb-below-header-display":"","ast-hfb-mobile-header-display":"","site-post-title":"","ast-breadcrumbs-content":"","ast-featured-img":"","footer-sml-layout":"","theme-transparent-header-meta":"default","adv-header-id-meta":"","stick-header-meta":"default","header-above-stick-meta":"","header-main-stick-meta":"","header-below-stick-meta":"","astra-migrate-meta-layouts":"set","ast-page-background-enabled":"default","ast-page-background-meta":{"desktop":{"background-color":"var(--ast-global-color-4)","background-image":"","background-repeat":"repeat","background-position":"center center","background-size":"auto","background-attachment":"scroll","background-type":"","background-media":"","overlay-type":"","overlay-color":"","overlay-opacity":"","overlay-gradient":""},"tablet":{"background-color":"","background-image":"","background-repeat":"repeat","background-position":"center center","background-size":"auto","background-attachment":"scroll","background-type":"","background-media":"","overlay-type":"","overlay-color":"","overlay-opacity":"","overlay-gradient":""},"mobile":{"background-color":"","background-image":"","background-repeat":"repeat","background-position":"center center","background-size":"auto","background-attachment":"scroll","background-type":"","background-media":"","overlay-type":"","overlay-color":"","overlay-opacity":"","overlay-gradient":""}},"ast-content-background-meta":{"desktop":{"background-color":"var(--ast-global-color-5)","background-image":"","background-repeat":"repeat","background-position":"center center","background-size":"auto","background-attachment":"scroll","background-type":"","background-media":"","overlay-type":"","overlay-color":"","overlay-opacity":"","overlay-gradient":""},"tablet":{"background-color":"var(--ast-global-color-5)","background-image":"","background-repeat":"repeat","background-position":"center center","background-size":"auto","background-attachment":"scroll","background-type":"","background-media":"","overlay-type":"","overlay-color":"","overlay-opacity":"","overlay-gradient":""},"mobile":{"background-color":"var(--ast-global-color-5)","background-image":"","background-repeat":"repeat","background-position":"center center","background-size":"auto","background-attachment":"scroll","background-type":"","background-media":"","overlay-type":"","overlay-color":"","overlay-opacity":"","overlay-gradient":""}},"_vp_format_video_url":"","_vp_image_focal_point":[]},"product_brand":[],"product_cat":[609,235],"product_tag":[],"class_list":{"0":"post-28684","1":"product","2":"type-product","3":"status-publish","4":"has-post-thumbnail","6":"product_cat-extraibles-de-cocina","7":"product_cat-muebles-y-cajones","8":"pa_capacidad-de-carga-10-kilos-capacidad-maxima-por-bandeja","9":"pa_usos-cajones-de-cocina-closet-despensa-etc","10":"desktop-align-left","11":"tablet-align-left","12":"mobile-align-left","13":"ast-product-gallery-layout-horizontal","14":"ast-product-gallery-with-no-image","15":"ast-product-tabs-layout-horizontal","17":"first","18":"instock","19":"shipping-taxable","20":"product-type-simple"},"aioseo_notices":[],"uagb_featured_image_src":{"full":["https:\/\/ducasseindustrial.com\/ar\/wp-content\/uploads\/sites\/17\/2026\/05\/organizador_450_2_.jpg",2000,2000,false],"thumbnail":["https:\/\/ducasseindustrial.com\/ar\/wp-content\/uploads\/sites\/17\/2026\/05\/organizador_450_2_-300x300.jpg",300,300,true],"medium":["https:\/\/ducasseindustrial.com\/ar\/wp-content\/uploads\/sites\/17\/2026\/05\/organizador_450_2_-600x600.jpg",600,600,true],"medium_large":["https:\/\/ducasseindustrial.com\/ar\/wp-content\/uploads\/sites\/17\/2026\/05\/organizador_450_2_-768x768.jpg",768,768,true],"large":["https:\/\/ducasseindustrial.com\/ar\/wp-content\/uploads\/sites\/17\/2026\/05\/organizador_450_2_-1024x1024.jpg",1024,1024,true],"1536x1536":["https:\/\/ducasseindustrial.com\/ar\/wp-content\/uploads\/sites\/17\/2026\/05\/organizador_450_2_-1536x1536.jpg",1536,1536,true],"2048x2048":["https:\/\/ducasseindustrial.com\/ar\/wp-content\/uploads\/sites\/17\/2026\/05\/organizador_450_2_.jpg",2000,2000,false],"vp_sm":["https:\/\/ducasseindustrial.com\/ar\/wp-content\/uploads\/sites\/17\/2026\/05\/organizador_450_2_-500x500.jpg",500,500,true],"vp_md":["https:\/\/ducasseindustrial.com\/ar\/wp-content\/uploads\/sites\/17\/2026\/05\/organizador_450_2_-800x800.jpg",800,800,true],"vp_lg":["https:\/\/ducasseindustrial.com\/ar\/wp-content\/uploads\/sites\/17\/2026\/05\/organizador_450_2_-1280x1280.jpg",1280,1280,true],"vp_xl":["https:\/\/ducasseindustrial.com\/ar\/wp-content\/uploads\/sites\/17\/2026\/05\/organizador_450_2_-1920x1920.jpg",1920,1920,true],"vp_sm_popup":["https:\/\/ducasseindustrial.com\/ar\/wp-content\/uploads\/sites\/17\/2026\/05\/organizador_450_2_-500x500.jpg",500,500,true],"vp_md_popup":["https:\/\/ducasseindustrial.com\/ar\/wp-content\/uploads\/sites\/17\/2026\/05\/organizador_450_2_-800x800.jpg",800,800,true],"vp_xl_popup":["https:\/\/ducasseindustrial.com\/ar\/wp-content\/uploads\/sites\/17\/2026\/05\/organizador_450_2_-1920x1920.jpg",1920,1920,true],"woocommerce_thumbnail":["https:\/\/ducasseindustrial.com\/ar\/wp-content\/uploads\/sites\/17\/2026\/05\/organizador_450_2_-600x600.jpg",600,600,true],"woocommerce_single":["https:\/\/ducasseindustrial.com\/ar\/wp-content\/uploads\/sites\/17\/2026\/05\/organizador_450_2_-1024x1024.jpg",1024,1024,true],"woocommerce_gallery_thumbnail":["https:\/\/ducasseindustrial.com\/ar\/wp-content\/uploads\/sites\/17\/2026\/05\/organizador_450_2_-100x100.jpg",100,100,true],"variation_swatches_image_size":["https:\/\/ducasseindustrial.com\/ar\/wp-content\/uploads\/sites\/17\/2026\/05\/organizador_450_2_-50x50.jpg",50,50,true],"variation_swatches_tooltip_size":["https:\/\/ducasseindustrial.com\/ar\/wp-content\/uploads\/sites\/17\/2026\/05\/organizador_450_2_-100x100.jpg",100,100,true]},"uagb_author_info":{"display_name":"emunoz","author_link":"https:\/\/ducasseindustrial.com\/ar\/author\/"},"uagb_comment_info":0,"uagb_excerpt":"Maximiza el espacio y la comodidad en tu cocina con nuestro organizador extra\u00edble, ideal para mantener todo al alcance de la mano. Su estructura met\u00e1lica ofrece durabilidad y estabilidad, mientras que su dise\u00f1o deslizante permite un acceso r\u00e1pido y ordenado a tus utensilios, ollas o productos. Disponible en diferentes medidas para adaptarse a tus muebles,&hellip;","_links":{"self":[{"href":"https:\/\/ducasseindustrial.com\/ar\/wp-json\/wp\/v2\/product\/28684","targetHints":{"allow":["GET"]}}],"collection":[{"href":"https:\/\/ducasseindustrial.com\/ar\/wp-json\/wp\/v2\/product"}],"about":[{"href":"https:\/\/ducasseindustrial.com\/ar\/wp-json\/wp\/v2\/types\/product"}],"replies":[{"embeddable":true,"href":"https:\/\/ducasseindustrial.com\/ar\/wp-json\/wp\/v2\/comments?post=28684"}],"version-history":[{"count":1,"href":"https:\/\/ducasseindustrial.com\/ar\/wp-json\/wp\/v2\/product\/28684\/revisions"}],"predecessor-version":[{"id":28686,"href":"https:\/\/ducasseindustrial.com\/ar\/wp-json\/wp\/v2\/product\/28684\/revisions\/28686"}],"wp:featuredmedia":[{"embeddable":true,"href":"https:\/\/ducasseindustrial.com\/ar\/wp-json\/wp\/v2\/media\/28685"}],"wp:attachment":[{"href":"https:\/\/ducasseindustrial.com\/ar\/wp-json\/wp\/v2\/media?parent=28684"}],"wp:term":[{"taxonomy":"product_brand","embeddable":true,"href":"https:\/\/ducasseindustrial.com\/ar\/wp-json\/wp\/v2\/product_brand?post=28684"},{"taxonomy":"product_cat","embeddable":true,"href":"https:\/\/ducasseindustrial.com\/ar\/wp-json\/wp\/v2\/product_cat?post=28684"},{"taxonomy":"product_tag","embeddable":true,"href":"https:\/\/ducasseindustrial.com\/ar\/wp-json\/wp\/v2\/product_tag?post=28684"}],"curies":[{"name":"wp","href":"https:\/\/api.w.org\/{rel}","templated":true}]}}