{"id":28690,"date":"2026-05-04T10:02:52","date_gmt":"2026-05-04T14:02:52","guid":{"rendered":"https:\/\/ducasseindustrial.com\/ar\/?post_type=product&#038;p=28690"},"modified":"2026-05-04T10:02:52","modified_gmt":"2026-05-04T14:02:52","slug":"cesta-extraible-900","status":"publish","type":"product","link":"https:\/\/ducasseindustrial.com\/ar\/product\/cesta-extraible-900\/","title":{"rendered":"CESTA EXTRA\u00cdBLE 900"},"content":{"rendered":"<p><strong>Caj\u00f3n armable met\u00e1lico de 3 lados \u2013 60 y 90 cm<\/strong><br \/>\nOrganiza tus espacios con <strong>resistencia y dise\u00f1o moderno<\/strong>. Este caj\u00f3n met\u00e1lico de tres lados es <strong>f\u00e1cil de armar<\/strong>, ofrece <strong>gran estabilidad<\/strong> y se adapta a muebles de cocina, cl\u00f3sets y m\u00e1s. Disponible en <strong>60 cm y 90 cm<\/strong>, es la soluci\u00f3n perfecta para quienes buscan <strong>funcionalidad y durabilidad<\/strong> en cada detalle.<\/p>\n","protected":false},"excerpt":{"rendered":"<p>Caj\u00f3n armable met\u00e1lico de 3 lados \u2013 60 y 90 cm Organiza tus espacios con resistencia y dise\u00f1o moderno. Este caj\u00f3n met\u00e1lico de tres lados es f\u00e1cil de armar, ofrece gran estabilidad y se adapta a muebles de cocina, cl\u00f3sets y m\u00e1s. Disponible en 60 cm y 90 cm, es la soluci\u00f3n perfecta para quienes [&hellip;]<\/p>\n","protected":false},"featured_media":28691,"comment_status":"closed","ping_status":"closed","template":"","meta":{"_uag_custom_page_level_css":"","site-sidebar-layout":"default","site-content-layout":"","ast-site-content-layout":"default","site-content-style":"default","site-sidebar-style":"default","ast-global-header-display":"","ast-banner-title-visibility":"","ast-main-header-display":"","ast-hfb-above-header-display":"","ast-hfb-below-header-display":"","ast-hfb-mobile-header-display":"","site-post-title":"","ast-breadcrumbs-content":"","ast-featured-img":"","footer-sml-layout":"","theme-transparent-header-meta":"default","adv-header-id-meta":"","stick-header-meta":"default","header-above-stick-meta":"","header-main-stick-meta":"","header-below-stick-meta":"","astra-migrate-meta-layouts":"set","ast-page-background-enabled":"default","ast-page-background-meta":{"desktop":{"background-color":"var(--ast-global-color-4)","background-image":"","background-repeat":"repeat","background-position":"center center","background-size":"auto","background-attachment":"scroll","background-type":"","background-media":"","overlay-type":"","overlay-color":"","overlay-opacity":"","overlay-gradient":""},"tablet":{"background-color":"","background-image":"","background-repeat":"repeat","background-position":"center center","background-size":"auto","background-attachment":"scroll","background-type":"","background-media":"","overlay-type":"","overlay-color":"","overlay-opacity":"","overlay-gradient":""},"mobile":{"background-color":"","background-image":"","background-repeat":"repeat","background-position":"center center","background-size":"auto","background-attachment":"scroll","background-type":"","background-media":"","overlay-type":"","overlay-color":"","overlay-opacity":"","overlay-gradient":""}},"ast-content-background-meta":{"desktop":{"background-color":"var(--ast-global-color-5)","background-image":"","background-repeat":"repeat","background-position":"center center","background-size":"auto","background-attachment":"scroll","background-type":"","background-media":"","overlay-type":"","overlay-color":"","overlay-opacity":"","overlay-gradient":""},"tablet":{"background-color":"var(--ast-global-color-5)","background-image":"","background-repeat":"repeat","background-position":"center center","background-size":"auto","background-attachment":"scroll","background-type":"","background-media":"","overlay-type":"","overlay-color":"","overlay-opacity":"","overlay-gradient":""},"mobile":{"background-color":"var(--ast-global-color-5)","background-image":"","background-repeat":"repeat","background-position":"center center","background-size":"auto","background-attachment":"scroll","background-type":"","background-media":"","overlay-type":"","overlay-color":"","overlay-opacity":"","overlay-gradient":""}},"_vp_format_video_url":"","_vp_image_focal_point":[]},"product_brand":[],"product_cat":[609,235],"product_tag":[],"class_list":{"0":"post-28690","1":"product","2":"type-product","3":"status-publish","4":"has-post-thumbnail","6":"product_cat-extraibles-de-cocina","7":"product_cat-muebles-y-cajones","8":"pa_capacidad-de-carga-10-kilos-capacidad-maxima-por-bandeja","9":"pa_usos-cajones-de-cocina-closet-despensa-etc","10":"desktop-align-left","11":"tablet-align-left","12":"mobile-align-left","13":"ast-product-gallery-layout-horizontal","14":"ast-product-gallery-with-no-image","15":"ast-product-tabs-layout-horizontal","17":"first","18":"instock","19":"shipping-taxable","20":"product-type-simple"},"aioseo_notices":[],"uagb_featured_image_src":{"full":["https:\/\/ducasseindustrial.com\/ar\/wp-content\/uploads\/sites\/17\/2026\/05\/cajon_3_lados_aplicacion-1.jpg",2400,2400,false],"thumbnail":["https:\/\/ducasseindustrial.com\/ar\/wp-content\/uploads\/sites\/17\/2026\/05\/cajon_3_lados_aplicacion-1-300x300.jpg",300,300,true],"medium":["https:\/\/ducasseindustrial.com\/ar\/wp-content\/uploads\/sites\/17\/2026\/05\/cajon_3_lados_aplicacion-1-600x600.jpg",600,600,true],"medium_large":["https:\/\/ducasseindustrial.com\/ar\/wp-content\/uploads\/sites\/17\/2026\/05\/cajon_3_lados_aplicacion-1-768x768.jpg",768,768,true],"large":["https:\/\/ducasseindustrial.com\/ar\/wp-content\/uploads\/sites\/17\/2026\/05\/cajon_3_lados_aplicacion-1-1024x1024.jpg",1024,1024,true],"1536x1536":["https:\/\/ducasseindustrial.com\/ar\/wp-content\/uploads\/sites\/17\/2026\/05\/cajon_3_lados_aplicacion-1-1536x1536.jpg",1536,1536,true],"2048x2048":["https:\/\/ducasseindustrial.com\/ar\/wp-content\/uploads\/sites\/17\/2026\/05\/cajon_3_lados_aplicacion-1-2048x2048.jpg",2048,2048,true],"vp_sm":["https:\/\/ducasseindustrial.com\/ar\/wp-content\/uploads\/sites\/17\/2026\/05\/cajon_3_lados_aplicacion-1-500x500.jpg",500,500,true],"vp_md":["https:\/\/ducasseindustrial.com\/ar\/wp-content\/uploads\/sites\/17\/2026\/05\/cajon_3_lados_aplicacion-1-800x800.jpg",800,800,true],"vp_lg":["https:\/\/ducasseindustrial.com\/ar\/wp-content\/uploads\/sites\/17\/2026\/05\/cajon_3_lados_aplicacion-1-1280x1280.jpg",1280,1280,true],"vp_xl":["https:\/\/ducasseindustrial.com\/ar\/wp-content\/uploads\/sites\/17\/2026\/05\/cajon_3_lados_aplicacion-1-1920x1920.jpg",1920,1920,true],"vp_sm_popup":["https:\/\/ducasseindustrial.com\/ar\/wp-content\/uploads\/sites\/17\/2026\/05\/cajon_3_lados_aplicacion-1-500x500.jpg",500,500,true],"vp_md_popup":["https:\/\/ducasseindustrial.com\/ar\/wp-content\/uploads\/sites\/17\/2026\/05\/cajon_3_lados_aplicacion-1-800x800.jpg",800,800,true],"vp_xl_popup":["https:\/\/ducasseindustrial.com\/ar\/wp-content\/uploads\/sites\/17\/2026\/05\/cajon_3_lados_aplicacion-1-1920x1920.jpg",1920,1920,true],"woocommerce_thumbnail":["https:\/\/ducasseindustrial.com\/ar\/wp-content\/uploads\/sites\/17\/2026\/05\/cajon_3_lados_aplicacion-1-600x600.jpg",600,600,true],"woocommerce_single":["https:\/\/ducasseindustrial.com\/ar\/wp-content\/uploads\/sites\/17\/2026\/05\/cajon_3_lados_aplicacion-1-1024x1024.jpg",1024,1024,true],"woocommerce_gallery_thumbnail":["https:\/\/ducasseindustrial.com\/ar\/wp-content\/uploads\/sites\/17\/2026\/05\/cajon_3_lados_aplicacion-1-100x100.jpg",100,100,true],"variation_swatches_image_size":["https:\/\/ducasseindustrial.com\/ar\/wp-content\/uploads\/sites\/17\/2026\/05\/cajon_3_lados_aplicacion-1-50x50.jpg",50,50,true],"variation_swatches_tooltip_size":["https:\/\/ducasseindustrial.com\/ar\/wp-content\/uploads\/sites\/17\/2026\/05\/cajon_3_lados_aplicacion-1-100x100.jpg",100,100,true]},"uagb_author_info":{"display_name":"emunoz","author_link":"https:\/\/ducasseindustrial.com\/ar\/author\/"},"uagb_comment_info":0,"uagb_excerpt":"Caj\u00f3n armable met\u00e1lico de 3 lados \u2013 60 y 90 cm Organiza tus espacios con resistencia y dise\u00f1o moderno. Este caj\u00f3n met\u00e1lico de tres lados es f\u00e1cil de armar, ofrece gran estabilidad y se adapta a muebles de cocina, cl\u00f3sets y m\u00e1s. Disponible en 60 cm y 90 cm, es la soluci\u00f3n perfecta para quienes&hellip;","_links":{"self":[{"href":"https:\/\/ducasseindustrial.com\/ar\/wp-json\/wp\/v2\/product\/28690","targetHints":{"allow":["GET"]}}],"collection":[{"href":"https:\/\/ducasseindustrial.com\/ar\/wp-json\/wp\/v2\/product"}],"about":[{"href":"https:\/\/ducasseindustrial.com\/ar\/wp-json\/wp\/v2\/types\/product"}],"replies":[{"embeddable":true,"href":"https:\/\/ducasseindustrial.com\/ar\/wp-json\/wp\/v2\/comments?post=28690"}],"version-history":[{"count":1,"href":"https:\/\/ducasseindustrial.com\/ar\/wp-json\/wp\/v2\/product\/28690\/revisions"}],"predecessor-version":[{"id":28692,"href":"https:\/\/ducasseindustrial.com\/ar\/wp-json\/wp\/v2\/product\/28690\/revisions\/28692"}],"wp:featuredmedia":[{"embeddable":true,"href":"https:\/\/ducasseindustrial.com\/ar\/wp-json\/wp\/v2\/media\/28691"}],"wp:attachment":[{"href":"https:\/\/ducasseindustrial.com\/ar\/wp-json\/wp\/v2\/media?parent=28690"}],"wp:term":[{"taxonomy":"product_brand","embeddable":true,"href":"https:\/\/ducasseindustrial.com\/ar\/wp-json\/wp\/v2\/product_brand?post=28690"},{"taxonomy":"product_cat","embeddable":true,"href":"https:\/\/ducasseindustrial.com\/ar\/wp-json\/wp\/v2\/product_cat?post=28690"},{"taxonomy":"product_tag","embeddable":true,"href":"https:\/\/ducasseindustrial.com\/ar\/wp-json\/wp\/v2\/product_tag?post=28690"}],"curies":[{"name":"wp","href":"https:\/\/api.w.org\/{rel}","templated":true}]}}