{"id":12003,"date":"2020-11-02T12:43:20","date_gmt":"2020-11-02T16:43:20","guid":{"rendered":"https:\/\/ducasseindustrial.com\/br\/arquitectura\/puertas-de-paso"},"modified":"2020-11-02T12:43:20","modified_gmt":"2020-11-02T16:43:20","slug":"puertas-de-paso","status":"publish","type":"page","link":"https:\/\/ducasseindustrial.com\/br\/arquitectura\/puertas-de-paso\/","title":{"rendered":"Puertas de paso"},"content":{"rendered":"\n<h1>PUERTAS DE PASO<\/h1>\n<h2>Divisiones de ambientes internos<\/h2>\n<p>Cada espacio de la casa o de la oficina es \u00fanico y entenderlo en su conjunto hace que podamos brindar la mejor soluci\u00f3n para dividir e integrar un ambiente de otro. Nuestros sistemas corredizos permiten el f\u00e1cil acceso y tr\u00e1nsito dentro del espacio interno, permitiendo disfrutar con libertad de cada m2.<\/p>\n<ul>\n<li>\n\t\t\t\t\t\t\t\t\t\tAhora con cierre suave y asistido que evita el rebote y ofrece mayor seguridad en puertas simples.\n\t\t\t\t\t\t\t\t\t<\/li>\n<li>\n\t\t\t\t\t\t\t\t\t\tAusencia de gu\u00eda al piso facilita el tr\u00e1nsito y la limpieza.\n\t\t\t\t\t\t\t\t\t<\/li>\n<li>\n\t\t\t\t\t\t\t\t\t\tPuede utilizarse con perfiler\u00eda met\u00e1lica.\n\t\t\t\t\t\t\t\t\t<\/li>\n<li>\n\t\t\t\t\t\t\t\t\t\tEst\u00e9tica muy cuidada que se incorpora a distintos estilos.\n\t\t\t\t\t\t\t\t\t<\/li>\n<li>\n\t\t\t\t\t\t\t\t\t\tAlto rendimiento en ciclos y vida \u00fatil.\n\t\t\t\t\t\t\t\t\t<\/li>\n<li>\n\t\t\t\t\t\t\t\t\t\tExcelente relaci\u00f3n precio\/calidad.\n\t\t\t\t\t\t\t\t\t<\/li>\n<\/ul>\n<ul>\n<li data-filter=\"*\">TODO<\/li>\n<li data-filter=\".eael-cf-vidrio\">VIDRIO<\/li>\n<li data-filter=\".eael-cf-madera\">MADERA<\/li>\n<\/ul>\n<p>\t\t\t\t<img decoding=\"async\" src=\"https:\/\/ducasseindustrial.com\/ar\/wp-content\/uploads\/sites\/17\/2020\/10\/03-puerta-de-paso-3.jpg\" data-lazy-src=\"https:\/\/ducasseindustrial.com\/ar\/wp-content\/uploads\/sites\/17\/2020\/10\/03-puerta-de-paso-3.jpg\" alt=\"\"><a href=\"https:\/\/ducasseindustrial.com\/ar\/wp-content\/uploads\/sites\/17\/2020\/10\/03-puerta-de-paso-3.jpg\" data-elementor-open-lightbox=\"no\"><\/p>\n<h5>DN-80 VD<\/h5>\n<p><\/a><br \/>\n\t\t\t\t<img decoding=\"async\" src=\"https:\/\/ducasseindustrial.com\/ar\/wp-content\/uploads\/sites\/17\/2020\/10\/03-puerta-de-paso-2.jpg\" data-lazy-src=\"https:\/\/ducasseindustrial.com\/ar\/wp-content\/uploads\/sites\/17\/2020\/10\/03-puerta-de-paso-2.jpg\" alt=\"\"><a href=\"https:\/\/ducasseindustrial.com\/ar\/wp-content\/uploads\/sites\/17\/2020\/10\/03-puerta-de-paso-2.jpg\" data-elementor-open-lightbox=\"no\"><\/p>\n<h5>DN-80 VD<\/h5>\n<p><\/a><br \/>\n\t\t\t\t<img decoding=\"async\" src=\"https:\/\/ducasseindustrial.com\/ar\/wp-content\/uploads\/sites\/17\/2020\/10\/03-puerta-de-paso5.jpg\" data-lazy-src=\"https:\/\/ducasseindustrial.com\/ar\/wp-content\/uploads\/sites\/17\/2020\/10\/03-puerta-de-paso5.jpg\" alt=\"\"><a href=\"https:\/\/ducasseindustrial.com\/ar\/wp-content\/uploads\/sites\/17\/2020\/10\/03-puerta-de-paso5.jpg\" data-elementor-open-lightbox=\"no\"><\/p>\n<h5>DN-80 VD<\/h5>\n<p><\/a><br \/>\n\t\t\t\t<img decoding=\"async\" src=\"https:\/\/ducasseindustrial.com\/ar\/wp-content\/uploads\/sites\/17\/2020\/10\/03-puerta-de-paso-1.jpg\" data-lazy-src=\"https:\/\/ducasseindustrial.com\/ar\/wp-content\/uploads\/sites\/17\/2020\/10\/03-puerta-de-paso-1.jpg\" alt=\"\"><a href=\"https:\/\/ducasseindustrial.com\/ar\/wp-content\/uploads\/sites\/17\/2020\/10\/03-puerta-de-paso-1.jpg\" data-elementor-open-lightbox=\"no\"><\/p>\n<h5>DN-150 VD<\/h5>\n<p><\/a><br \/>\n\t\t\t\t<img decoding=\"async\" src=\"https:\/\/ducasseindustrial.com\/ar\/wp-content\/uploads\/sites\/17\/2020\/10\/03-puerta-de-paso-8.jpg\" data-lazy-src=\"https:\/\/ducasseindustrial.com\/ar\/wp-content\/uploads\/sites\/17\/2020\/10\/03-puerta-de-paso-8.jpg\" alt=\"\"><a href=\"https:\/\/ducasseindustrial.com\/ar\/wp-content\/uploads\/sites\/17\/2020\/10\/03-puerta-de-paso-8.jpg\" data-elementor-open-lightbox=\"no\"><\/p>\n<h5>DN-150 MD<\/h5>\n<p><\/a><br \/>\n\t\t\t\t<img decoding=\"async\" src=\"https:\/\/ducasseindustrial.com\/ar\/wp-content\/uploads\/sites\/17\/2020\/10\/03-puerta-de-paso-7.jpg\" data-lazy-src=\"https:\/\/ducasseindustrial.com\/ar\/wp-content\/uploads\/sites\/17\/2020\/10\/03-puerta-de-paso-7.jpg\" alt=\"\"><a href=\"https:\/\/ducasseindustrial.com\/ar\/wp-content\/uploads\/sites\/17\/2020\/10\/03-puerta-de-paso-7.jpg\" data-elementor-open-lightbox=\"no\"><\/p>\n<h5>DN-50 SP<\/h5>\n<p><\/a><br \/>\n\t\t\t\t<img decoding=\"async\" src=\"https:\/\/ducasseindustrial.com\/ar\/wp-content\/uploads\/sites\/17\/2020\/10\/03-puerta-de-paso-6.jpg\" data-lazy-src=\"https:\/\/ducasseindustrial.com\/ar\/wp-content\/uploads\/sites\/17\/2020\/10\/03-puerta-de-paso-6.jpg\" alt=\"\"><a href=\"https:\/\/ducasseindustrial.com\/ar\/wp-content\/uploads\/sites\/17\/2020\/10\/03-puerta-de-paso-6.jpg\" data-elementor-open-lightbox=\"no\"><\/p>\n<h5>DN-80 CF<\/h5>\n<p><\/a><br \/>\n\t\t\t\t<img decoding=\"async\" src=\"https:\/\/ducasseindustrial.com\/ar\/wp-content\/uploads\/sites\/17\/2020\/10\/03-puerta-de-paso-4.jpg\" data-lazy-src=\"https:\/\/ducasseindustrial.com\/ar\/wp-content\/uploads\/sites\/17\/2020\/10\/03-puerta-de-paso-4.jpg\" alt=\"\"><a href=\"https:\/\/ducasseindustrial.com\/ar\/wp-content\/uploads\/sites\/17\/2020\/10\/03-puerta-de-paso-4.jpg\" data-elementor-open-lightbox=\"no\"><\/p>\n<h5>DN-80 VD<\/h5>\n<p><\/a><\/p>\n","protected":false},"excerpt":{"rendered":"<p>PUERTAS DE PASO Divisiones de ambientes internos Cada espacio de la casa o de la oficina es \u00fanico y entenderlo en su conjunto hace que podamos brindar la mejor soluci\u00f3n para dividir e integrar un ambiente de otro. Nuestros sistemas corredizos permiten el f\u00e1cil acceso y tr\u00e1nsito dentro del espacio interno, permitiendo disfrutar con libertad [&hellip;]<\/p>\n","protected":false},"author":5,"featured_media":0,"parent":12002,"menu_order":0,"comment_status":"closed","ping_status":"closed","template":"","meta":{"_uag_custom_page_level_css":"","site-sidebar-layout":"default","site-content-layout":"","ast-site-content-layout":"default","site-content-style":"default","site-sidebar-style":"default","ast-global-header-display":"","ast-banner-title-visibility":"","ast-main-header-display":"","ast-hfb-above-header-display":"","ast-hfb-below-header-display":"","ast-hfb-mobile-header-display":"","site-post-title":"","ast-breadcrumbs-content":"","ast-featured-img":"","footer-sml-layout":"","theme-transparent-header-meta":"","adv-header-id-meta":"","stick-header-meta":"","header-above-stick-meta":"","header-main-stick-meta":"","header-below-stick-meta":"","astra-migrate-meta-layouts":"default","ast-page-background-enabled":"default","ast-page-background-meta":{"desktop":{"background-color":"var(--ast-global-color-4)","background-image":"","background-repeat":"repeat","background-position":"center center","background-size":"auto","background-attachment":"scroll","background-type":"","background-media":"","overlay-type":"","overlay-color":"","overlay-opacity":"","overlay-gradient":""},"tablet":{"background-color":"","background-image":"","background-repeat":"repeat","background-position":"center center","background-size":"auto","background-attachment":"scroll","background-type":"","background-media":"","overlay-type":"","overlay-color":"","overlay-opacity":"","overlay-gradient":""},"mobile":{"background-color":"","background-image":"","background-repeat":"repeat","background-position":"center center","background-size":"auto","background-attachment":"scroll","background-type":"","background-media":"","overlay-type":"","overlay-color":"","overlay-opacity":"","overlay-gradient":""}},"ast-content-background-meta":{"desktop":{"background-color":"var(--ast-global-color-5)","background-image":"","background-repeat":"repeat","background-position":"center center","background-size":"auto","background-attachment":"scroll","background-type":"","background-media":"","overlay-type":"","overlay-color":"","overlay-opacity":"","overlay-gradient":""},"tablet":{"background-color":"var(--ast-global-color-5)","background-image":"","background-repeat":"repeat","background-position":"center center","background-size":"auto","background-attachment":"scroll","background-type":"","background-media":"","overlay-type":"","overlay-color":"","overlay-opacity":"","overlay-gradient":""},"mobile":{"background-color":"var(--ast-global-color-5)","background-image":"","background-repeat":"repeat","background-position":"center center","background-size":"auto","background-attachment":"scroll","background-type":"","background-media":"","overlay-type":"","overlay-color":"","overlay-opacity":"","overlay-gradient":""}},"_vp_format_video_url":"","_vp_image_focal_point":[],"footnotes":""},"class_list":["post-12003","page","type-page","status-publish","hentry"],"aioseo_notices":[],"uagb_featured_image_src":{"full":false,"thumbnail":false,"medium":false,"medium_large":false,"large":false,"1536x1536":false,"2048x2048":false,"vp_sm":false,"vp_md":false,"vp_lg":false,"vp_xl":false,"vp_sm_popup":false,"vp_md_popup":false,"vp_xl_popup":false,"woocommerce_thumbnail":false,"woocommerce_single":false,"woocommerce_gallery_thumbnail":false,"variation_swatches_image_size":false,"variation_swatches_tooltip_size":false},"uagb_author_info":{"display_name":"operador","author_link":"https:\/\/ducasseindustrial.com\/br\/author\/operador\/"},"uagb_comment_info":0,"uagb_excerpt":"PUERTAS DE PASO Divisiones de ambientes internos Cada espacio de la casa o de la oficina es \u00fanico y entenderlo en su conjunto hace que podamos brindar la mejor soluci\u00f3n para dividir e integrar un ambiente de otro. Nuestros sistemas corredizos permiten el f\u00e1cil acceso y tr\u00e1nsito dentro del espacio interno, permitiendo disfrutar con libertad&hellip;","_links":{"self":[{"href":"https:\/\/ducasseindustrial.com\/br\/wp-json\/wp\/v2\/pages\/12003","targetHints":{"allow":["GET"]}}],"collection":[{"href":"https:\/\/ducasseindustrial.com\/br\/wp-json\/wp\/v2\/pages"}],"about":[{"href":"https:\/\/ducasseindustrial.com\/br\/wp-json\/wp\/v2\/types\/page"}],"author":[{"embeddable":true,"href":"https:\/\/ducasseindustrial.com\/br\/wp-json\/wp\/v2\/users\/5"}],"replies":[{"embeddable":true,"href":"https:\/\/ducasseindustrial.com\/br\/wp-json\/wp\/v2\/comments?post=12003"}],"version-history":[{"count":0,"href":"https:\/\/ducasseindustrial.com\/br\/wp-json\/wp\/v2\/pages\/12003\/revisions"}],"up":[{"embeddable":true,"href":"https:\/\/ducasseindustrial.com\/br\/wp-json\/wp\/v2\/pages\/12002"}],"wp:attachment":[{"href":"https:\/\/ducasseindustrial.com\/br\/wp-json\/wp\/v2\/media?parent=12003"}],"curies":[{"name":"wp","href":"https:\/\/api.w.org\/{rel}","templated":true}]}}