{"id":12017,"date":"2020-10-26T08:51:12","date_gmt":"2020-10-26T12:51:12","guid":{"rendered":"https:\/\/ducasseindustrial.com\/br\/arquitectura\/quinchos-y-galerias"},"modified":"2020-10-26T08:51:12","modified_gmt":"2020-10-26T12:51:12","slug":"quinchos-y-galerias","status":"publish","type":"page","link":"https:\/\/ducasseindustrial.com\/br\/arquitectura\/quinchos-y-galerias\/","title":{"rendered":"quinchos y galer\u00edas"},"content":{"rendered":"\n<h1>Quinchos y Galer\u00edas<\/h1>\n<h2>DISFRUT\u00c1 TUS ESPACIOS TODO EL A\u00d1O<\/h2>\n<p>El cerramiento de quinchos y galer\u00edas semicubiertas con sistemas corredizos vidriados integra el espacio interior con el exterior generando una vista \u00fanica vers\u00e1til a todo tipo de ambientaciones y a\u00f1ade un nuevo espacio a tu casa para disfrutarlo en cualquier momento del a\u00f1o.<\/p>\n<ul>\n<li>\n\t\t\t\t\t\t\t\t\t\tVista limpia sin interrupciones.\n\t\t\t\t\t\t\t\t\t<\/li>\n<li>\n\t\t\t\t\t\t\t\t\t\tAusencia de gu\u00eda al piso facilita el tr\u00e1nsito y la limpieza.\n\t\t\t\t\t\t\t\t\t<\/li>\n<li>\n\t\t\t\t\t\t\t\t\t\tAlta resistencia de los materiales a la exposici\u00f3n solar y factores clim\u00e1ticos.\n\t\t\t\t\t\t\t\t\t<\/li>\n<li>\n\t\t\t\t\t\t\t\t\t\tAlta versatilidad en cantidad, tama\u00f1o de paneles y tipos de apilado.\n\t\t\t\t\t\t\t\t\t<\/li>\n<li>\n\t\t\t\t\t\t\t\t\t\tEst\u00e9tica muy cuidada se incorpora a distintos tipos de ambientaciones.\n\t\t\t\t\t\t\t\t\t<\/li>\n<li>\n\t\t\t\t\t\t\t\t\t\tExcelente relaci\u00f3n precio\/calidad.\n\t\t\t\t\t\t\t\t\t<\/li>\n<\/ul>\n<p>\t\t\t\t\t\t\t\t\t\t<img loading=\"lazy\" decoding=\"async\" width=\"900\" height=\"600\" src=\"https:\/\/ducasseindustrial.com\/ar\/wp-content\/uploads\/sites\/17\/2020\/10\/quinchos-y-galerias.gif\" alt=\"\" loading=\"lazy\" \/><\/p>\n","protected":false},"excerpt":{"rendered":"<p>Quinchos y Galer\u00edas DISFRUT\u00c1 TUS ESPACIOS TODO EL A\u00d1O El cerramiento de quinchos y galer\u00edas semicubiertas con sistemas corredizos vidriados integra el espacio interior con el exterior generando una vista \u00fanica vers\u00e1til a todo tipo de ambientaciones y a\u00f1ade un nuevo espacio a tu casa para disfrutarlo en cualquier momento del a\u00f1o. Vista limpia sin [&hellip;]<\/p>\n","protected":false},"author":5,"featured_media":0,"parent":12002,"menu_order":0,"comment_status":"closed","ping_status":"closed","template":"","meta":{"_uag_custom_page_level_css":"","site-sidebar-layout":"default","site-content-layout":"","ast-site-content-layout":"default","site-content-style":"default","site-sidebar-style":"default","ast-global-header-display":"","ast-banner-title-visibility":"","ast-main-header-display":"","ast-hfb-above-header-display":"","ast-hfb-below-header-display":"","ast-hfb-mobile-header-display":"","site-post-title":"","ast-breadcrumbs-content":"","ast-featured-img":"","footer-sml-layout":"","theme-transparent-header-meta":"","adv-header-id-meta":"","stick-header-meta":"","header-above-stick-meta":"","header-main-stick-meta":"","header-below-stick-meta":"","astra-migrate-meta-layouts":"default","ast-page-background-enabled":"default","ast-page-background-meta":{"desktop":{"background-color":"var(--ast-global-color-4)","background-image":"","background-repeat":"repeat","background-position":"center center","background-size":"auto","background-attachment":"scroll","background-type":"","background-media":"","overlay-type":"","overlay-color":"","overlay-opacity":"","overlay-gradient":""},"tablet":{"background-color":"","background-image":"","background-repeat":"repeat","background-position":"center center","background-size":"auto","background-attachment":"scroll","background-type":"","background-media":"","overlay-type":"","overlay-color":"","overlay-opacity":"","overlay-gradient":""},"mobile":{"background-color":"","background-image":"","background-repeat":"repeat","background-position":"center center","background-size":"auto","background-attachment":"scroll","background-type":"","background-media":"","overlay-type":"","overlay-color":"","overlay-opacity":"","overlay-gradient":""}},"ast-content-background-meta":{"desktop":{"background-color":"var(--ast-global-color-5)","background-image":"","background-repeat":"repeat","background-position":"center center","background-size":"auto","background-attachment":"scroll","background-type":"","background-media":"","overlay-type":"","overlay-color":"","overlay-opacity":"","overlay-gradient":""},"tablet":{"background-color":"var(--ast-global-color-5)","background-image":"","background-repeat":"repeat","background-position":"center center","background-size":"auto","background-attachment":"scroll","background-type":"","background-media":"","overlay-type":"","overlay-color":"","overlay-opacity":"","overlay-gradient":""},"mobile":{"background-color":"var(--ast-global-color-5)","background-image":"","background-repeat":"repeat","background-position":"center center","background-size":"auto","background-attachment":"scroll","background-type":"","background-media":"","overlay-type":"","overlay-color":"","overlay-opacity":"","overlay-gradient":""}},"_vp_format_video_url":"","_vp_image_focal_point":[],"footnotes":""},"class_list":["post-12017","page","type-page","status-publish","hentry"],"aioseo_notices":[],"uagb_featured_image_src":{"full":false,"thumbnail":false,"medium":false,"medium_large":false,"large":false,"1536x1536":false,"2048x2048":false,"vp_sm":false,"vp_md":false,"vp_lg":false,"vp_xl":false,"vp_sm_popup":false,"vp_md_popup":false,"vp_xl_popup":false,"woocommerce_thumbnail":false,"woocommerce_single":false,"woocommerce_gallery_thumbnail":false,"variation_swatches_image_size":false,"variation_swatches_tooltip_size":false},"uagb_author_info":{"display_name":"operador","author_link":"https:\/\/ducasseindustrial.com\/br\/author\/operador\/"},"uagb_comment_info":0,"uagb_excerpt":"Quinchos y Galer\u00edas DISFRUT\u00c1 TUS ESPACIOS TODO EL A\u00d1O El cerramiento de quinchos y galer\u00edas semicubiertas con sistemas corredizos vidriados integra el espacio interior con el exterior generando una vista \u00fanica vers\u00e1til a todo tipo de ambientaciones y a\u00f1ade un nuevo espacio a tu casa para disfrutarlo en cualquier momento del a\u00f1o. Vista limpia sin&hellip;","_links":{"self":[{"href":"https:\/\/ducasseindustrial.com\/br\/wp-json\/wp\/v2\/pages\/12017","targetHints":{"allow":["GET"]}}],"collection":[{"href":"https:\/\/ducasseindustrial.com\/br\/wp-json\/wp\/v2\/pages"}],"about":[{"href":"https:\/\/ducasseindustrial.com\/br\/wp-json\/wp\/v2\/types\/page"}],"author":[{"embeddable":true,"href":"https:\/\/ducasseindustrial.com\/br\/wp-json\/wp\/v2\/users\/5"}],"replies":[{"embeddable":true,"href":"https:\/\/ducasseindustrial.com\/br\/wp-json\/wp\/v2\/comments?post=12017"}],"version-history":[{"count":0,"href":"https:\/\/ducasseindustrial.com\/br\/wp-json\/wp\/v2\/pages\/12017\/revisions"}],"up":[{"embeddable":true,"href":"https:\/\/ducasseindustrial.com\/br\/wp-json\/wp\/v2\/pages\/12002"}],"wp:attachment":[{"href":"https:\/\/ducasseindustrial.com\/br\/wp-json\/wp\/v2\/media?parent=12017"}],"curies":[{"name":"wp","href":"https:\/\/api.w.org\/{rel}","templated":true}]}}