{"id":11159,"date":"2021-02-10T15:37:03","date_gmt":"2021-02-10T19:37:03","guid":{"rendered":"https:\/\/ducasseindustrial.com\/br\/product\/amortecedor-universal-40-60\/"},"modified":"2021-02-10T15:37:06","modified_gmt":"2021-02-10T19:37:06","slug":"amortecedor-universal-40-60","status":"publish","type":"product","link":"https:\/\/ducasseindustrial.com\/br\/product\/amortecedor-universal-40-60\/","title":{"rendered":"AMORTECEDOR UNIVERSAL 40-60"},"content":{"rendered":"<p>Amortecedor de uso universal &#8211; adapte ao sistema de sua prefer\u00eancia. Poss\u00edvel instala\u00e7\u00e3o nos perfis guia CD40 simples (Perfil U)  e CD40 duplo (Perfil E). Fechamento suave e maior estabilidade. Use o amortecedor com os sistemas das linhas: DUCAMAX (Com Guia Simples, Guia Ajust\u00e1vel ou Guia Inteligente), CD50E (Com Guia Simples, Guia Ajust\u00e1vel ou Guia Inteligente), DUCAPLUS, DUCASOFT. Aplica\u00e7\u00e3o em portas dentro do v\u00e3o de m\u00e9dio a grande porte em madeira ou alum\u00ednio, capacidade de carga m\u00e1xima de 60kg. Indicado para portas com peso m\u00ednimo de 40kg. Pode ser instalado em um ou ambos os lados da porta e deve ser combinado com o sistema a sua escolha. Kit acompanha: 1 amortecedor, 1 acionador (pescador),1 base para acionador, 1 gabarito para pescador, parafusos.<\/p>\n<p>&nbsp;<\/p>\n","protected":false},"excerpt":{"rendered":"<p>Amortecedor de uso universal &#8211; adapte ao sistema de sua prefer\u00eancia. Poss\u00edvel instala\u00e7\u00e3o nos perfis guia CD40 simples (Perfil U) e CD40 duplo (Perfil E). Fechamento suave e maior estabilidade. Use o amortecedor com os sistemas das linhas: DUCAMAX (Com Guia Simples, Guia Ajust\u00e1vel ou Guia Inteligente), CD50E (Com Guia Simples, Guia Ajust\u00e1vel ou Guia [&hellip;]<\/p>\n","protected":false},"featured_media":8932,"comment_status":"closed","ping_status":"open","template":"","meta":{"_uag_custom_page_level_css":"","site-sidebar-layout":"default","site-content-layout":"","ast-site-content-layout":"default","site-content-style":"default","site-sidebar-style":"default","ast-global-header-display":"","ast-banner-title-visibility":"","ast-main-header-display":"","ast-hfb-above-header-display":"","ast-hfb-below-header-display":"","ast-hfb-mobile-header-display":"","site-post-title":"","ast-breadcrumbs-content":"","ast-featured-img":"","footer-sml-layout":"","theme-transparent-header-meta":"","adv-header-id-meta":"","stick-header-meta":"","header-above-stick-meta":"","header-main-stick-meta":"","header-below-stick-meta":"","astra-migrate-meta-layouts":"default","ast-page-background-enabled":"default","ast-page-background-meta":{"desktop":{"background-color":"var(--ast-global-color-4)","background-image":"","background-repeat":"repeat","background-position":"center center","background-size":"auto","background-attachment":"scroll","background-type":"","background-media":"","overlay-type":"","overlay-color":"","overlay-opacity":"","overlay-gradient":""},"tablet":{"background-color":"","background-image":"","background-repeat":"repeat","background-position":"center center","background-size":"auto","background-attachment":"scroll","background-type":"","background-media":"","overlay-type":"","overlay-color":"","overlay-opacity":"","overlay-gradient":""},"mobile":{"background-color":"","background-image":"","background-repeat":"repeat","background-position":"center center","background-size":"auto","background-attachment":"scroll","background-type":"","background-media":"","overlay-type":"","overlay-color":"","overlay-opacity":"","overlay-gradient":""}},"ast-content-background-meta":{"desktop":{"background-color":"var(--ast-global-color-5)","background-image":"","background-repeat":"repeat","background-position":"center center","background-size":"auto","background-attachment":"scroll","background-type":"","background-media":"","overlay-type":"","overlay-color":"","overlay-opacity":"","overlay-gradient":""},"tablet":{"background-color":"var(--ast-global-color-5)","background-image":"","background-repeat":"repeat","background-position":"center center","background-size":"auto","background-attachment":"scroll","background-type":"","background-media":"","overlay-type":"","overlay-color":"","overlay-opacity":"","overlay-gradient":""},"mobile":{"background-color":"var(--ast-global-color-5)","background-image":"","background-repeat":"repeat","background-position":"center center","background-size":"auto","background-attachment":"scroll","background-type":"","background-media":"","overlay-type":"","overlay-color":"","overlay-opacity":"","overlay-gradient":""}},"_vp_format_video_url":"","_vp_image_focal_point":[]},"product_brand":[],"product_cat":[373,372,17],"product_tag":[374,376,198,371],"class_list":{"0":"post-11159","1":"product","2":"type-product","3":"status-publish","4":"has-post-thumbnail","6":"product_cat-acessorios-armarios","7":"product_cat-armarios","8":"product_cat-productos","9":"product_tag-amortecedor","10":"product_tag-amortecedor-porta-apoiada","11":"product_tag-ducasse","12":"product_tag-moveis","13":"desktop-align-left","14":"tablet-align-left","15":"mobile-align-left","16":"ast-product-gallery-layout-horizontal","17":"ast-product-tabs-layout-horizontal","19":"first","20":"instock","21":"sold-individually","22":"purchasable","23":"product-type-simple"},"aioseo_notices":[],"uagb_featured_image_src":{"full":["https:\/\/ducasseindustrial.com\/br\/wp-content\/uploads\/sites\/24\/2020\/11\/BR_990933_IMG_PROD1_BL.jpg",1920,1080,false],"thumbnail":["https:\/\/ducasseindustrial.com\/br\/wp-content\/uploads\/sites\/24\/2020\/11\/BR_990933_IMG_PROD1_BL-300x300.jpg",300,300,true],"medium":["https:\/\/ducasseindustrial.com\/br\/wp-content\/uploads\/sites\/24\/2020\/11\/BR_990933_IMG_PROD1_BL-600x338.jpg",600,338,true],"medium_large":["https:\/\/ducasseindustrial.com\/br\/wp-content\/uploads\/sites\/24\/2020\/11\/BR_990933_IMG_PROD1_BL-768x432.jpg",768,432,true],"large":["https:\/\/ducasseindustrial.com\/br\/wp-content\/uploads\/sites\/24\/2020\/11\/BR_990933_IMG_PROD1_BL-1024x576.jpg",1024,576,true],"1536x1536":["https:\/\/ducasseindustrial.com\/br\/wp-content\/uploads\/sites\/24\/2020\/11\/BR_990933_IMG_PROD1_BL-1536x864.jpg",1536,864,true],"2048x2048":["https:\/\/ducasseindustrial.com\/br\/wp-content\/uploads\/sites\/24\/2020\/11\/BR_990933_IMG_PROD1_BL.jpg",1920,1080,false],"vp_sm":["https:\/\/ducasseindustrial.com\/br\/wp-content\/uploads\/sites\/24\/2020\/11\/BR_990933_IMG_PROD1_BL-500x281.jpg",500,281,true],"vp_md":["https:\/\/ducasseindustrial.com\/br\/wp-content\/uploads\/sites\/24\/2020\/11\/BR_990933_IMG_PROD1_BL-800x450.jpg",800,450,true],"vp_lg":["https:\/\/ducasseindustrial.com\/br\/wp-content\/uploads\/sites\/24\/2020\/11\/BR_990933_IMG_PROD1_BL-1280x720.jpg",1280,720,true],"vp_xl":["https:\/\/ducasseindustrial.com\/br\/wp-content\/uploads\/sites\/24\/2020\/11\/BR_990933_IMG_PROD1_BL.jpg",1920,1080,false],"vp_sm_popup":["https:\/\/ducasseindustrial.com\/br\/wp-content\/uploads\/sites\/24\/2020\/11\/BR_990933_IMG_PROD1_BL-500x281.jpg",500,281,true],"vp_md_popup":["https:\/\/ducasseindustrial.com\/br\/wp-content\/uploads\/sites\/24\/2020\/11\/BR_990933_IMG_PROD1_BL-800x450.jpg",800,450,true],"vp_xl_popup":["https:\/\/ducasseindustrial.com\/br\/wp-content\/uploads\/sites\/24\/2020\/11\/BR_990933_IMG_PROD1_BL.jpg",1920,1080,false],"woocommerce_thumbnail":["https:\/\/ducasseindustrial.com\/br\/wp-content\/uploads\/sites\/24\/2020\/11\/BR_990933_IMG_PROD1_BL-300x300.jpg",300,300,true],"woocommerce_single":["https:\/\/ducasseindustrial.com\/br\/wp-content\/uploads\/sites\/24\/2020\/11\/BR_990933_IMG_PROD1_BL-1024x576.jpg",1024,576,true],"woocommerce_gallery_thumbnail":["https:\/\/ducasseindustrial.com\/br\/wp-content\/uploads\/sites\/24\/2020\/11\/BR_990933_IMG_PROD1_BL-100x100.jpg",100,100,true],"variation_swatches_image_size":["https:\/\/ducasseindustrial.com\/br\/wp-content\/uploads\/sites\/24\/2020\/11\/BR_990933_IMG_PROD1_BL.jpg",50,28,false],"variation_swatches_tooltip_size":["https:\/\/ducasseindustrial.com\/br\/wp-content\/uploads\/sites\/24\/2020\/11\/BR_990933_IMG_PROD1_BL.jpg",100,56,false]},"uagb_author_info":{"display_name":"operador","author_link":"https:\/\/ducasseindustrial.com\/br\/author\/"},"uagb_comment_info":0,"uagb_excerpt":"Amortecedor de uso universal &#8211; adapte ao sistema de sua prefer\u00eancia. Poss\u00edvel instala\u00e7\u00e3o nos perfis guia CD40 simples (Perfil U) e CD40 duplo (Perfil E). Fechamento suave e maior estabilidade. Use o amortecedor com os sistemas das linhas: DUCAMAX (Com Guia Simples, Guia Ajust\u00e1vel ou Guia Inteligente), CD50E (Com Guia Simples, Guia Ajust\u00e1vel ou Guia&hellip;","_links":{"self":[{"href":"https:\/\/ducasseindustrial.com\/br\/wp-json\/wp\/v2\/product\/11159","targetHints":{"allow":["GET"]}}],"collection":[{"href":"https:\/\/ducasseindustrial.com\/br\/wp-json\/wp\/v2\/product"}],"about":[{"href":"https:\/\/ducasseindustrial.com\/br\/wp-json\/wp\/v2\/types\/product"}],"replies":[{"embeddable":true,"href":"https:\/\/ducasseindustrial.com\/br\/wp-json\/wp\/v2\/comments?post=11159"}],"version-history":[{"count":1,"href":"https:\/\/ducasseindustrial.com\/br\/wp-json\/wp\/v2\/product\/11159\/revisions"}],"predecessor-version":[{"id":11160,"href":"https:\/\/ducasseindustrial.com\/br\/wp-json\/wp\/v2\/product\/11159\/revisions\/11160"}],"wp:featuredmedia":[{"embeddable":true,"href":"https:\/\/ducasseindustrial.com\/br\/wp-json\/wp\/v2\/media\/8932"}],"wp:attachment":[{"href":"https:\/\/ducasseindustrial.com\/br\/wp-json\/wp\/v2\/media?parent=11159"}],"wp:term":[{"taxonomy":"product_brand","embeddable":true,"href":"https:\/\/ducasseindustrial.com\/br\/wp-json\/wp\/v2\/product_brand?post=11159"},{"taxonomy":"product_cat","embeddable":true,"href":"https:\/\/ducasseindustrial.com\/br\/wp-json\/wp\/v2\/product_cat?post=11159"},{"taxonomy":"product_tag","embeddable":true,"href":"https:\/\/ducasseindustrial.com\/br\/wp-json\/wp\/v2\/product_tag?post=11159"}],"curies":[{"name":"wp","href":"https:\/\/api.w.org\/{rel}","templated":true}]}}