{"id":11528,"date":"2021-02-10T15:40:42","date_gmt":"2021-02-10T19:40:42","guid":{"rendered":"https:\/\/ducasseindustrial.com\/br\/product\/kit-twin-oposto-madeira-aluminio-2-portas\/"},"modified":"2021-02-10T15:41:12","modified_gmt":"2021-02-10T19:41:12","slug":"kit-twin-oposto-madeira-aluminio-2-portas","status":"publish","type":"product","link":"https:\/\/ducasseindustrial.com\/br\/product\/kit-twin-oposto-madeira-aluminio-2-portas\/","title":{"rendered":"KIT TWIN OPOSTO &#8211; MADEIRA \/ ALUM\u00cdNIO &#8211; 2 PORTAS"},"content":{"rendered":"<p>Sistema suspenso com movimento sincronizado das potas, ao deslizar a primeira porta a segunda se desloca simultaneamente no sentido oposto. Indicado para portas de madeira ou com quadro de perfil de alum\u00ednio, desenvolvido para uso em divis\u00e3o de espa\u00e7os internso, dispensa o uso de trilhos no piso e permite o deslocamento f\u00e1cil e confort\u00e1vel das portas. Capacidade de carga: 80kg por folha. V\u00e3o m\u00e1ximo de abertura de 3m com instala\u00e7\u00e3o de duas portas de at\u00e9 1,55m (largura m\u00e1xima indicada pelo sistema) empilhando atr\u00e1s de um painel, parede ou porta fixa. Largura m\u00ednima de cada porta recomendada: 650mm. Espessura da porta de 18 a 35mm. Indicado para uso em divis\u00e3o de ambientes residenciais, comerciais e institucionais, permitindo uma grande abertura de v\u00e3o. Conhe\u00e7a a linha de Sanefas U21 para melhor acabamento. Kit acompanha: 4 carros + 2 placas com presilha + 2 placas simples + 4 placas para alum\u00ednio + 2 guias de piso + 2 freios com roldana + 2 freios simples + 13m de cabo + Chave Segmenta + Chave Allen + Parafusos.<\/p>\n<p>&nbsp;<\/p>\n","protected":false},"excerpt":{"rendered":"<p>Sistema suspenso com movimento sincronizado das potas, ao deslizar a primeira porta a segunda se desloca simultaneamente no sentido oposto. Indicado para portas de madeira ou com quadro de perfil de alum\u00ednio, desenvolvido para uso em divis\u00e3o de espa\u00e7os internso, dispensa o uso de trilhos no piso e permite o deslocamento f\u00e1cil e confort\u00e1vel das [&hellip;]<\/p>\n","protected":false},"featured_media":11750,"comment_status":"closed","ping_status":"open","template":"","meta":{"_uag_custom_page_level_css":"","site-sidebar-layout":"default","site-content-layout":"","ast-site-content-layout":"default","site-content-style":"default","site-sidebar-style":"default","ast-global-header-display":"","ast-banner-title-visibility":"","ast-main-header-display":"","ast-hfb-above-header-display":"","ast-hfb-below-header-display":"","ast-hfb-mobile-header-display":"","site-post-title":"","ast-breadcrumbs-content":"","ast-featured-img":"","footer-sml-layout":"","theme-transparent-header-meta":"","adv-header-id-meta":"","stick-header-meta":"","header-above-stick-meta":"","header-main-stick-meta":"","header-below-stick-meta":"","astra-migrate-meta-layouts":"default","ast-page-background-enabled":"default","ast-page-background-meta":{"desktop":{"background-color":"var(--ast-global-color-4)","background-image":"","background-repeat":"repeat","background-position":"center center","background-size":"auto","background-attachment":"scroll","background-type":"","background-media":"","overlay-type":"","overlay-color":"","overlay-opacity":"","overlay-gradient":""},"tablet":{"background-color":"","background-image":"","background-repeat":"repeat","background-position":"center center","background-size":"auto","background-attachment":"scroll","background-type":"","background-media":"","overlay-type":"","overlay-color":"","overlay-opacity":"","overlay-gradient":""},"mobile":{"background-color":"","background-image":"","background-repeat":"repeat","background-position":"center center","background-size":"auto","background-attachment":"scroll","background-type":"","background-media":"","overlay-type":"","overlay-color":"","overlay-opacity":"","overlay-gradient":""}},"ast-content-background-meta":{"desktop":{"background-color":"var(--ast-global-color-5)","background-image":"","background-repeat":"repeat","background-position":"center center","background-size":"auto","background-attachment":"scroll","background-type":"","background-media":"","overlay-type":"","overlay-color":"","overlay-opacity":"","overlay-gradient":""},"tablet":{"background-color":"var(--ast-global-color-5)","background-image":"","background-repeat":"repeat","background-position":"center center","background-size":"auto","background-attachment":"scroll","background-type":"","background-media":"","overlay-type":"","overlay-color":"","overlay-opacity":"","overlay-gradient":""},"mobile":{"background-color":"var(--ast-global-color-5)","background-image":"","background-repeat":"repeat","background-position":"center center","background-size":"auto","background-attachment":"scroll","background-type":"","background-media":"","overlay-type":"","overlay-color":"","overlay-opacity":"","overlay-gradient":""}},"_vp_format_video_url":"","_vp_image_focal_point":[]},"product_brand":[],"product_cat":[465,484,17],"product_tag":[198,490,195,491,489],"class_list":{"0":"post-11528","1":"product","2":"type-product","3":"status-publish","4":"has-post-thumbnail","6":"product_cat-divisao-de-ambiente","7":"product_cat-kits","8":"product_cat-productos","9":"product_tag-ducasse","10":"product_tag-oposto","11":"product_tag-sincronizado","12":"product_tag-sincronizado-oposto","13":"product_tag-twin","14":"desktop-align-left","15":"tablet-align-left","16":"mobile-align-left","17":"ast-product-gallery-layout-horizontal","18":"ast-product-tabs-layout-horizontal","20":"first","21":"instock","22":"sold-individually","23":"purchasable","24":"product-type-simple"},"aioseo_notices":[],"uagb_featured_image_src":{"full":["https:\/\/ducasseindustrial.com\/br\/wp-content\/uploads\/sites\/24\/2021\/02\/BR_970805_IMG_PROD1_BL.jpg",1920,1080,false],"thumbnail":["https:\/\/ducasseindustrial.com\/br\/wp-content\/uploads\/sites\/24\/2021\/02\/BR_970805_IMG_PROD1_BL-300x300.jpg",300,300,true],"medium":["https:\/\/ducasseindustrial.com\/br\/wp-content\/uploads\/sites\/24\/2021\/02\/BR_970805_IMG_PROD1_BL-600x338.jpg",600,338,true],"medium_large":["https:\/\/ducasseindustrial.com\/br\/wp-content\/uploads\/sites\/24\/2021\/02\/BR_970805_IMG_PROD1_BL-768x432.jpg",768,432,true],"large":["https:\/\/ducasseindustrial.com\/br\/wp-content\/uploads\/sites\/24\/2021\/02\/BR_970805_IMG_PROD1_BL-1024x576.jpg",1024,576,true],"1536x1536":["https:\/\/ducasseindustrial.com\/br\/wp-content\/uploads\/sites\/24\/2021\/02\/BR_970805_IMG_PROD1_BL-1536x864.jpg",1536,864,true],"2048x2048":["https:\/\/ducasseindustrial.com\/br\/wp-content\/uploads\/sites\/24\/2021\/02\/BR_970805_IMG_PROD1_BL.jpg",1920,1080,false],"vp_sm":["https:\/\/ducasseindustrial.com\/br\/wp-content\/uploads\/sites\/24\/2021\/02\/BR_970805_IMG_PROD1_BL-500x281.jpg",500,281,true],"vp_md":["https:\/\/ducasseindustrial.com\/br\/wp-content\/uploads\/sites\/24\/2021\/02\/BR_970805_IMG_PROD1_BL-800x450.jpg",800,450,true],"vp_lg":["https:\/\/ducasseindustrial.com\/br\/wp-content\/uploads\/sites\/24\/2021\/02\/BR_970805_IMG_PROD1_BL-1280x720.jpg",1280,720,true],"vp_xl":["https:\/\/ducasseindustrial.com\/br\/wp-content\/uploads\/sites\/24\/2021\/02\/BR_970805_IMG_PROD1_BL.jpg",1920,1080,false],"vp_sm_popup":["https:\/\/ducasseindustrial.com\/br\/wp-content\/uploads\/sites\/24\/2021\/02\/BR_970805_IMG_PROD1_BL-500x281.jpg",500,281,true],"vp_md_popup":["https:\/\/ducasseindustrial.com\/br\/wp-content\/uploads\/sites\/24\/2021\/02\/BR_970805_IMG_PROD1_BL-800x450.jpg",800,450,true],"vp_xl_popup":["https:\/\/ducasseindustrial.com\/br\/wp-content\/uploads\/sites\/24\/2021\/02\/BR_970805_IMG_PROD1_BL.jpg",1920,1080,false],"woocommerce_thumbnail":["https:\/\/ducasseindustrial.com\/br\/wp-content\/uploads\/sites\/24\/2021\/02\/BR_970805_IMG_PROD1_BL-300x300.jpg",300,300,true],"woocommerce_single":["https:\/\/ducasseindustrial.com\/br\/wp-content\/uploads\/sites\/24\/2021\/02\/BR_970805_IMG_PROD1_BL-1024x576.jpg",1024,576,true],"woocommerce_gallery_thumbnail":["https:\/\/ducasseindustrial.com\/br\/wp-content\/uploads\/sites\/24\/2021\/02\/BR_970805_IMG_PROD1_BL-100x100.jpg",100,100,true],"variation_swatches_image_size":["https:\/\/ducasseindustrial.com\/br\/wp-content\/uploads\/sites\/24\/2021\/02\/BR_970805_IMG_PROD1_BL.jpg",50,28,false],"variation_swatches_tooltip_size":["https:\/\/ducasseindustrial.com\/br\/wp-content\/uploads\/sites\/24\/2021\/02\/BR_970805_IMG_PROD1_BL.jpg",100,56,false]},"uagb_author_info":{"display_name":"operador","author_link":"https:\/\/ducasseindustrial.com\/br\/author\/"},"uagb_comment_info":0,"uagb_excerpt":"Sistema suspenso com movimento sincronizado das potas, ao deslizar a primeira porta a segunda se desloca simultaneamente no sentido oposto. Indicado para portas de madeira ou com quadro de perfil de alum\u00ednio, desenvolvido para uso em divis\u00e3o de espa\u00e7os internso, dispensa o uso de trilhos no piso e permite o deslocamento f\u00e1cil e confort\u00e1vel das&hellip;","_links":{"self":[{"href":"https:\/\/ducasseindustrial.com\/br\/wp-json\/wp\/v2\/product\/11528","targetHints":{"allow":["GET"]}}],"collection":[{"href":"https:\/\/ducasseindustrial.com\/br\/wp-json\/wp\/v2\/product"}],"about":[{"href":"https:\/\/ducasseindustrial.com\/br\/wp-json\/wp\/v2\/types\/product"}],"replies":[{"embeddable":true,"href":"https:\/\/ducasseindustrial.com\/br\/wp-json\/wp\/v2\/comments?post=11528"}],"version-history":[{"count":1,"href":"https:\/\/ducasseindustrial.com\/br\/wp-json\/wp\/v2\/product\/11528\/revisions"}],"predecessor-version":[{"id":11529,"href":"https:\/\/ducasseindustrial.com\/br\/wp-json\/wp\/v2\/product\/11528\/revisions\/11529"}],"wp:featuredmedia":[{"embeddable":true,"href":"https:\/\/ducasseindustrial.com\/br\/wp-json\/wp\/v2\/media\/11750"}],"wp:attachment":[{"href":"https:\/\/ducasseindustrial.com\/br\/wp-json\/wp\/v2\/media?parent=11528"}],"wp:term":[{"taxonomy":"product_brand","embeddable":true,"href":"https:\/\/ducasseindustrial.com\/br\/wp-json\/wp\/v2\/product_brand?post=11528"},{"taxonomy":"product_cat","embeddable":true,"href":"https:\/\/ducasseindustrial.com\/br\/wp-json\/wp\/v2\/product_cat?post=11528"},{"taxonomy":"product_tag","embeddable":true,"href":"https:\/\/ducasseindustrial.com\/br\/wp-json\/wp\/v2\/product_tag?post=11528"}],"curies":[{"name":"wp","href":"https:\/\/api.w.org\/{rel}","templated":true}]}}