{"id":11645,"date":"2021-02-10T15:45:04","date_gmt":"2021-02-10T19:45:04","guid":{"rendered":"https:\/\/ducasseindustrial.com\/br\/product\/kit-dn80es-sobreposto-1-porta\/"},"modified":"2021-02-10T15:45:43","modified_gmt":"2021-02-10T19:45:43","slug":"kit-dn80es-sobreposto-1-porta","status":"publish","type":"product","link":"https:\/\/ducasseindustrial.com\/br\/product\/kit-dn80es-sobreposto-1-porta\/","title":{"rendered":"KIT DN80ES SOBREPOSTO &#8211; 1 PORTA"},"content":{"rendered":"<p>Kit completo do sitema DN80ES em 1 porta com amortecimento em 1 sentido na ver\u00e3o sobreposta. Amortecedor com capacidade de carga de at\u00e9 80kg. Amortecedor testado e aprovado conforme normas ANSI-BHMA A-156.14-2002 G1, testado e aprovado para 100.000 ciclos. Amortecedor hidraulico acoplado diretamente no chassi do carro, proporcionando maior estabilidade ao deslizamento, n\u00e3o utilizando molas, evitando travamento e prolongando a vida \u00fatil do sistema. Seu desempenho permite ativar o amortecedor em caso de desengate, sem ter que desinstalar o sistema, seja durante a instala\u00e7\u00e3o ou uso di\u00e1rio. Indica-se portas com peso m\u00ednimo de 50kg e largura m\u00ednima de 550mm. Para uso em portas aplicadas dentro ou fora do v\u00e3o. Espessura m\u00ednima de 18mm. Uso exclusivo com trilho da fam\u00edlia U21, n\u00e3o instalar com trilho V21. Largura m\u00ednima de porta para instala\u00e7\u00e3o do kit de 550mm. Kit acompanha 1 amortecedor + 1 ativador + 1 carro DN80 + 1 freio DN80 + parfusos + 2 placas de sobrepor + 2 parafusos centrais + 1 guia de piso + porcas e parafusos.<\/p>\n<p>&nbsp;<\/p>\n","protected":false},"excerpt":{"rendered":"<p>Kit completo do sitema DN80ES em 1 porta com amortecimento em 1 sentido na ver\u00e3o sobreposta. Amortecedor com capacidade de carga de at\u00e9 80kg. Amortecedor testado e aprovado conforme normas ANSI-BHMA A-156.14-2002 G1, testado e aprovado para 100.000 ciclos. Amortecedor hidraulico acoplado diretamente no chassi do carro, proporcionando maior estabilidade ao deslizamento, n\u00e3o utilizando molas, [&hellip;]<\/p>\n","protected":false},"featured_media":11822,"comment_status":"closed","ping_status":"open","template":"","meta":{"_uag_custom_page_level_css":"","site-sidebar-layout":"default","site-content-layout":"","ast-site-content-layout":"default","site-content-style":"default","site-sidebar-style":"default","ast-global-header-display":"","ast-banner-title-visibility":"","ast-main-header-display":"","ast-hfb-above-header-display":"","ast-hfb-below-header-display":"","ast-hfb-mobile-header-display":"","site-post-title":"","ast-breadcrumbs-content":"","ast-featured-img":"","footer-sml-layout":"","theme-transparent-header-meta":"","adv-header-id-meta":"","stick-header-meta":"","header-above-stick-meta":"","header-main-stick-meta":"","header-below-stick-meta":"","astra-migrate-meta-layouts":"default","ast-page-background-enabled":"default","ast-page-background-meta":{"desktop":{"background-color":"var(--ast-global-color-4)","background-image":"","background-repeat":"repeat","background-position":"center center","background-size":"auto","background-attachment":"scroll","background-type":"","background-media":"","overlay-type":"","overlay-color":"","overlay-opacity":"","overlay-gradient":""},"tablet":{"background-color":"","background-image":"","background-repeat":"repeat","background-position":"center center","background-size":"auto","background-attachment":"scroll","background-type":"","background-media":"","overlay-type":"","overlay-color":"","overlay-opacity":"","overlay-gradient":""},"mobile":{"background-color":"","background-image":"","background-repeat":"repeat","background-position":"center center","background-size":"auto","background-attachment":"scroll","background-type":"","background-media":"","overlay-type":"","overlay-color":"","overlay-opacity":"","overlay-gradient":""}},"ast-content-background-meta":{"desktop":{"background-color":"var(--ast-global-color-5)","background-image":"","background-repeat":"repeat","background-position":"center center","background-size":"auto","background-attachment":"scroll","background-type":"","background-media":"","overlay-type":"","overlay-color":"","overlay-opacity":"","overlay-gradient":""},"tablet":{"background-color":"var(--ast-global-color-5)","background-image":"","background-repeat":"repeat","background-position":"center center","background-size":"auto","background-attachment":"scroll","background-type":"","background-media":"","overlay-type":"","overlay-color":"","overlay-opacity":"","overlay-gradient":""},"mobile":{"background-color":"var(--ast-global-color-5)","background-image":"","background-repeat":"repeat","background-position":"center center","background-size":"auto","background-attachment":"scroll","background-type":"","background-media":"","overlay-type":"","overlay-color":"","overlay-opacity":"","overlay-gradient":""}},"_vp_format_video_url":"","_vp_image_focal_point":[]},"product_brand":[],"product_cat":[518,441,17],"product_tag":[374,443,198,445],"class_list":{"0":"post-11645","1":"product","2":"type-product","3":"status-publish","4":"has-post-thumbnail","6":"product_cat-kits-portas-de-passagem","7":"product_cat-portas-de-passagem","8":"product_cat-productos","9":"product_tag-amortecedor","10":"product_tag-dn80","11":"product_tag-ducasse","12":"product_tag-porta-de-passagem","13":"desktop-align-left","14":"tablet-align-left","15":"mobile-align-left","16":"ast-product-gallery-layout-horizontal","17":"ast-product-tabs-layout-horizontal","19":"first","20":"instock","21":"sold-individually","22":"purchasable","23":"product-type-simple"},"aioseo_notices":[],"uagb_featured_image_src":{"full":["https:\/\/ducasseindustrial.com\/br\/wp-content\/uploads\/sites\/24\/2021\/02\/BR_990976_IMG_PROD1_BL.jpg",1920,1080,false],"thumbnail":["https:\/\/ducasseindustrial.com\/br\/wp-content\/uploads\/sites\/24\/2021\/02\/BR_990976_IMG_PROD1_BL-300x300.jpg",300,300,true],"medium":["https:\/\/ducasseindustrial.com\/br\/wp-content\/uploads\/sites\/24\/2021\/02\/BR_990976_IMG_PROD1_BL-600x338.jpg",600,338,true],"medium_large":["https:\/\/ducasseindustrial.com\/br\/wp-content\/uploads\/sites\/24\/2021\/02\/BR_990976_IMG_PROD1_BL-768x432.jpg",768,432,true],"large":["https:\/\/ducasseindustrial.com\/br\/wp-content\/uploads\/sites\/24\/2021\/02\/BR_990976_IMG_PROD1_BL-1024x576.jpg",1024,576,true],"1536x1536":["https:\/\/ducasseindustrial.com\/br\/wp-content\/uploads\/sites\/24\/2021\/02\/BR_990976_IMG_PROD1_BL-1536x864.jpg",1536,864,true],"2048x2048":["https:\/\/ducasseindustrial.com\/br\/wp-content\/uploads\/sites\/24\/2021\/02\/BR_990976_IMG_PROD1_BL.jpg",1920,1080,false],"vp_sm":["https:\/\/ducasseindustrial.com\/br\/wp-content\/uploads\/sites\/24\/2021\/02\/BR_990976_IMG_PROD1_BL-500x281.jpg",500,281,true],"vp_md":["https:\/\/ducasseindustrial.com\/br\/wp-content\/uploads\/sites\/24\/2021\/02\/BR_990976_IMG_PROD1_BL-800x450.jpg",800,450,true],"vp_lg":["https:\/\/ducasseindustrial.com\/br\/wp-content\/uploads\/sites\/24\/2021\/02\/BR_990976_IMG_PROD1_BL-1280x720.jpg",1280,720,true],"vp_xl":["https:\/\/ducasseindustrial.com\/br\/wp-content\/uploads\/sites\/24\/2021\/02\/BR_990976_IMG_PROD1_BL.jpg",1920,1080,false],"vp_sm_popup":["https:\/\/ducasseindustrial.com\/br\/wp-content\/uploads\/sites\/24\/2021\/02\/BR_990976_IMG_PROD1_BL-500x281.jpg",500,281,true],"vp_md_popup":["https:\/\/ducasseindustrial.com\/br\/wp-content\/uploads\/sites\/24\/2021\/02\/BR_990976_IMG_PROD1_BL-800x450.jpg",800,450,true],"vp_xl_popup":["https:\/\/ducasseindustrial.com\/br\/wp-content\/uploads\/sites\/24\/2021\/02\/BR_990976_IMG_PROD1_BL.jpg",1920,1080,false],"woocommerce_thumbnail":["https:\/\/ducasseindustrial.com\/br\/wp-content\/uploads\/sites\/24\/2021\/02\/BR_990976_IMG_PROD1_BL-300x300.jpg",300,300,true],"woocommerce_single":["https:\/\/ducasseindustrial.com\/br\/wp-content\/uploads\/sites\/24\/2021\/02\/BR_990976_IMG_PROD1_BL-1024x576.jpg",1024,576,true],"woocommerce_gallery_thumbnail":["https:\/\/ducasseindustrial.com\/br\/wp-content\/uploads\/sites\/24\/2021\/02\/BR_990976_IMG_PROD1_BL-100x100.jpg",100,100,true],"variation_swatches_image_size":["https:\/\/ducasseindustrial.com\/br\/wp-content\/uploads\/sites\/24\/2021\/02\/BR_990976_IMG_PROD1_BL.jpg",50,28,false],"variation_swatches_tooltip_size":["https:\/\/ducasseindustrial.com\/br\/wp-content\/uploads\/sites\/24\/2021\/02\/BR_990976_IMG_PROD1_BL.jpg",100,56,false]},"uagb_author_info":{"display_name":"operador","author_link":"https:\/\/ducasseindustrial.com\/br\/author\/"},"uagb_comment_info":0,"uagb_excerpt":"Kit completo do sitema DN80ES em 1 porta com amortecimento em 1 sentido na ver\u00e3o sobreposta. Amortecedor com capacidade de carga de at\u00e9 80kg. Amortecedor testado e aprovado conforme normas ANSI-BHMA A-156.14-2002 G1, testado e aprovado para 100.000 ciclos. Amortecedor hidraulico acoplado diretamente no chassi do carro, proporcionando maior estabilidade ao deslizamento, n\u00e3o utilizando molas,&hellip;","_links":{"self":[{"href":"https:\/\/ducasseindustrial.com\/br\/wp-json\/wp\/v2\/product\/11645","targetHints":{"allow":["GET"]}}],"collection":[{"href":"https:\/\/ducasseindustrial.com\/br\/wp-json\/wp\/v2\/product"}],"about":[{"href":"https:\/\/ducasseindustrial.com\/br\/wp-json\/wp\/v2\/types\/product"}],"replies":[{"embeddable":true,"href":"https:\/\/ducasseindustrial.com\/br\/wp-json\/wp\/v2\/comments?post=11645"}],"version-history":[{"count":1,"href":"https:\/\/ducasseindustrial.com\/br\/wp-json\/wp\/v2\/product\/11645\/revisions"}],"predecessor-version":[{"id":11646,"href":"https:\/\/ducasseindustrial.com\/br\/wp-json\/wp\/v2\/product\/11645\/revisions\/11646"}],"wp:featuredmedia":[{"embeddable":true,"href":"https:\/\/ducasseindustrial.com\/br\/wp-json\/wp\/v2\/media\/11822"}],"wp:attachment":[{"href":"https:\/\/ducasseindustrial.com\/br\/wp-json\/wp\/v2\/media?parent=11645"}],"wp:term":[{"taxonomy":"product_brand","embeddable":true,"href":"https:\/\/ducasseindustrial.com\/br\/wp-json\/wp\/v2\/product_brand?post=11645"},{"taxonomy":"product_cat","embeddable":true,"href":"https:\/\/ducasseindustrial.com\/br\/wp-json\/wp\/v2\/product_cat?post=11645"},{"taxonomy":"product_tag","embeddable":true,"href":"https:\/\/ducasseindustrial.com\/br\/wp-json\/wp\/v2\/product_tag?post=11645"}],"curies":[{"name":"wp","href":"https:\/\/api.w.org\/{rel}","templated":true}]}}