{"id":11648,"date":"2021-02-10T15:45:04","date_gmt":"2021-02-10T19:45:04","guid":{"rendered":"https:\/\/ducasseindustrial.com\/br\/product\/kit-dn150-com-freio-1-porta\/"},"modified":"2021-02-10T15:46:03","modified_gmt":"2021-02-10T19:46:03","slug":"kit-dn150-com-freio-1-porta","status":"publish","type":"product","link":"https:\/\/ducasseindustrial.com\/br\/product\/kit-dn150-com-freio-1-porta\/","title":{"rendered":"KIT DN150 COM FREIO &#8211; 1 PORTA"},"content":{"rendered":"<p>Sistema de correr suspenso de sobrepor e alta carga para portas de passagem. Sistema testado e aprovado para 100.000 ciclos conforme ANSI-BHMA A-156.14-2002 G1. Aplica\u00e7\u00e3o em portas de grande porte em madeira ou perfil de alum\u00ednio, espessura m\u00ednima de 30mm. Sistema com freio, fixado no topo da porta. Necessita usinagem para guia inferior. Sistema de alta carga, resistente a 150kg de carga, sem trilho no piso, indicado par portas de passagem e divis\u00f5es de ambientes. Pode ser aplicado dentro do v\u00e3o ou fora do v\u00e3o. Para aplica\u00e7\u00e3o fora do v\u00e3o, utilizar trilho U150 para sanefa e conector largo. Para melhor acabamento, utilizar Sanefa 150. Kit acompanha: 2 carros superiores + 2 plcas de montagem + 2 freios + 1 guia de piso + parafusos.<\/p>\n<p>&nbsp;<\/p>\n","protected":false},"excerpt":{"rendered":"<p>Sistema de correr suspenso de sobrepor e alta carga para portas de passagem. Sistema testado e aprovado para 100.000 ciclos conforme ANSI-BHMA A-156.14-2002 G1. Aplica\u00e7\u00e3o em portas de grande porte em madeira ou perfil de alum\u00ednio, espessura m\u00ednima de 30mm. Sistema com freio, fixado no topo da porta. Necessita usinagem para guia inferior. Sistema de [&hellip;]<\/p>\n","protected":false},"featured_media":11825,"comment_status":"closed","ping_status":"open","template":"","meta":{"_uag_custom_page_level_css":"","site-sidebar-layout":"default","site-content-layout":"","ast-site-content-layout":"default","site-content-style":"default","site-sidebar-style":"default","ast-global-header-display":"","ast-banner-title-visibility":"","ast-main-header-display":"","ast-hfb-above-header-display":"","ast-hfb-below-header-display":"","ast-hfb-mobile-header-display":"","site-post-title":"","ast-breadcrumbs-content":"","ast-featured-img":"","footer-sml-layout":"","theme-transparent-header-meta":"","adv-header-id-meta":"","stick-header-meta":"","header-above-stick-meta":"","header-main-stick-meta":"","header-below-stick-meta":"","astra-migrate-meta-layouts":"default","ast-page-background-enabled":"default","ast-page-background-meta":{"desktop":{"background-color":"var(--ast-global-color-4)","background-image":"","background-repeat":"repeat","background-position":"center center","background-size":"auto","background-attachment":"scroll","background-type":"","background-media":"","overlay-type":"","overlay-color":"","overlay-opacity":"","overlay-gradient":""},"tablet":{"background-color":"","background-image":"","background-repeat":"repeat","background-position":"center center","background-size":"auto","background-attachment":"scroll","background-type":"","background-media":"","overlay-type":"","overlay-color":"","overlay-opacity":"","overlay-gradient":""},"mobile":{"background-color":"","background-image":"","background-repeat":"repeat","background-position":"center center","background-size":"auto","background-attachment":"scroll","background-type":"","background-media":"","overlay-type":"","overlay-color":"","overlay-opacity":"","overlay-gradient":""}},"ast-content-background-meta":{"desktop":{"background-color":"var(--ast-global-color-5)","background-image":"","background-repeat":"repeat","background-position":"center center","background-size":"auto","background-attachment":"scroll","background-type":"","background-media":"","overlay-type":"","overlay-color":"","overlay-opacity":"","overlay-gradient":""},"tablet":{"background-color":"var(--ast-global-color-5)","background-image":"","background-repeat":"repeat","background-position":"center center","background-size":"auto","background-attachment":"scroll","background-type":"","background-media":"","overlay-type":"","overlay-color":"","overlay-opacity":"","overlay-gradient":""},"mobile":{"background-color":"var(--ast-global-color-5)","background-image":"","background-repeat":"repeat","background-position":"center center","background-size":"auto","background-attachment":"scroll","background-type":"","background-media":"","overlay-type":"","overlay-color":"","overlay-opacity":"","overlay-gradient":""}},"_vp_format_video_url":"","_vp_image_focal_point":[]},"product_brand":[],"product_cat":[518,441,17],"product_tag":[506,502,198,396,357],"class_list":{"0":"post-11648","1":"product","2":"type-product","3":"status-publish","4":"has-post-thumbnail","6":"product_cat-kits-portas-de-passagem","7":"product_cat-portas-de-passagem","8":"product_cat-productos","9":"product_tag-divisao-de-ambientes","10":"product_tag-dn150","11":"product_tag-ducasse","12":"product_tag-porta-deslizante","13":"product_tag-suspenso","14":"desktop-align-left","15":"tablet-align-left","16":"mobile-align-left","17":"ast-product-gallery-layout-horizontal","18":"ast-product-tabs-layout-horizontal","20":"first","21":"instock","22":"sold-individually","23":"purchasable","24":"product-type-simple"},"aioseo_notices":[],"uagb_featured_image_src":{"full":["https:\/\/ducasseindustrial.com\/br\/wp-content\/uploads\/sites\/24\/2021\/02\/BR_971032_IMG_PROD1_BL.jpg",1920,1080,false],"thumbnail":["https:\/\/ducasseindustrial.com\/br\/wp-content\/uploads\/sites\/24\/2021\/02\/BR_971032_IMG_PROD1_BL-300x300.jpg",300,300,true],"medium":["https:\/\/ducasseindustrial.com\/br\/wp-content\/uploads\/sites\/24\/2021\/02\/BR_971032_IMG_PROD1_BL-600x338.jpg",600,338,true],"medium_large":["https:\/\/ducasseindustrial.com\/br\/wp-content\/uploads\/sites\/24\/2021\/02\/BR_971032_IMG_PROD1_BL-768x432.jpg",768,432,true],"large":["https:\/\/ducasseindustrial.com\/br\/wp-content\/uploads\/sites\/24\/2021\/02\/BR_971032_IMG_PROD1_BL-1024x576.jpg",1024,576,true],"1536x1536":["https:\/\/ducasseindustrial.com\/br\/wp-content\/uploads\/sites\/24\/2021\/02\/BR_971032_IMG_PROD1_BL-1536x864.jpg",1536,864,true],"2048x2048":["https:\/\/ducasseindustrial.com\/br\/wp-content\/uploads\/sites\/24\/2021\/02\/BR_971032_IMG_PROD1_BL.jpg",1920,1080,false],"vp_sm":["https:\/\/ducasseindustrial.com\/br\/wp-content\/uploads\/sites\/24\/2021\/02\/BR_971032_IMG_PROD1_BL-500x281.jpg",500,281,true],"vp_md":["https:\/\/ducasseindustrial.com\/br\/wp-content\/uploads\/sites\/24\/2021\/02\/BR_971032_IMG_PROD1_BL-800x450.jpg",800,450,true],"vp_lg":["https:\/\/ducasseindustrial.com\/br\/wp-content\/uploads\/sites\/24\/2021\/02\/BR_971032_IMG_PROD1_BL-1280x720.jpg",1280,720,true],"vp_xl":["https:\/\/ducasseindustrial.com\/br\/wp-content\/uploads\/sites\/24\/2021\/02\/BR_971032_IMG_PROD1_BL.jpg",1920,1080,false],"vp_sm_popup":["https:\/\/ducasseindustrial.com\/br\/wp-content\/uploads\/sites\/24\/2021\/02\/BR_971032_IMG_PROD1_BL-500x281.jpg",500,281,true],"vp_md_popup":["https:\/\/ducasseindustrial.com\/br\/wp-content\/uploads\/sites\/24\/2021\/02\/BR_971032_IMG_PROD1_BL-800x450.jpg",800,450,true],"vp_xl_popup":["https:\/\/ducasseindustrial.com\/br\/wp-content\/uploads\/sites\/24\/2021\/02\/BR_971032_IMG_PROD1_BL.jpg",1920,1080,false],"woocommerce_thumbnail":["https:\/\/ducasseindustrial.com\/br\/wp-content\/uploads\/sites\/24\/2021\/02\/BR_971032_IMG_PROD1_BL-300x300.jpg",300,300,true],"woocommerce_single":["https:\/\/ducasseindustrial.com\/br\/wp-content\/uploads\/sites\/24\/2021\/02\/BR_971032_IMG_PROD1_BL-1024x576.jpg",1024,576,true],"woocommerce_gallery_thumbnail":["https:\/\/ducasseindustrial.com\/br\/wp-content\/uploads\/sites\/24\/2021\/02\/BR_971032_IMG_PROD1_BL-100x100.jpg",100,100,true],"variation_swatches_image_size":["https:\/\/ducasseindustrial.com\/br\/wp-content\/uploads\/sites\/24\/2021\/02\/BR_971032_IMG_PROD1_BL.jpg",50,28,false],"variation_swatches_tooltip_size":["https:\/\/ducasseindustrial.com\/br\/wp-content\/uploads\/sites\/24\/2021\/02\/BR_971032_IMG_PROD1_BL.jpg",100,56,false]},"uagb_author_info":{"display_name":"operador","author_link":"https:\/\/ducasseindustrial.com\/br\/author\/"},"uagb_comment_info":0,"uagb_excerpt":"Sistema de correr suspenso de sobrepor e alta carga para portas de passagem. Sistema testado e aprovado para 100.000 ciclos conforme ANSI-BHMA A-156.14-2002 G1. Aplica\u00e7\u00e3o em portas de grande porte em madeira ou perfil de alum\u00ednio, espessura m\u00ednima de 30mm. Sistema com freio, fixado no topo da porta. Necessita usinagem para guia inferior. Sistema de&hellip;","_links":{"self":[{"href":"https:\/\/ducasseindustrial.com\/br\/wp-json\/wp\/v2\/product\/11648","targetHints":{"allow":["GET"]}}],"collection":[{"href":"https:\/\/ducasseindustrial.com\/br\/wp-json\/wp\/v2\/product"}],"about":[{"href":"https:\/\/ducasseindustrial.com\/br\/wp-json\/wp\/v2\/types\/product"}],"replies":[{"embeddable":true,"href":"https:\/\/ducasseindustrial.com\/br\/wp-json\/wp\/v2\/comments?post=11648"}],"version-history":[{"count":1,"href":"https:\/\/ducasseindustrial.com\/br\/wp-json\/wp\/v2\/product\/11648\/revisions"}],"predecessor-version":[{"id":11649,"href":"https:\/\/ducasseindustrial.com\/br\/wp-json\/wp\/v2\/product\/11648\/revisions\/11649"}],"wp:featuredmedia":[{"embeddable":true,"href":"https:\/\/ducasseindustrial.com\/br\/wp-json\/wp\/v2\/media\/11825"}],"wp:attachment":[{"href":"https:\/\/ducasseindustrial.com\/br\/wp-json\/wp\/v2\/media?parent=11648"}],"wp:term":[{"taxonomy":"product_brand","embeddable":true,"href":"https:\/\/ducasseindustrial.com\/br\/wp-json\/wp\/v2\/product_brand?post=11648"},{"taxonomy":"product_cat","embeddable":true,"href":"https:\/\/ducasseindustrial.com\/br\/wp-json\/wp\/v2\/product_cat?post=11648"},{"taxonomy":"product_tag","embeddable":true,"href":"https:\/\/ducasseindustrial.com\/br\/wp-json\/wp\/v2\/product_tag?post=11648"}],"curies":[{"name":"wp","href":"https:\/\/api.w.org\/{rel}","templated":true}]}}