{"id":10127,"date":"2021-01-06T00:22:55","date_gmt":"2021-01-06T04:22:55","guid":{"rendered":"https:\/\/ducasseindustrial.com\/cl\/producto\/repisa-spezia"},"modified":"2021-01-06T00:22:57","modified_gmt":"2021-01-06T04:22:57","slug":"repisa-spezia","status":"publish","type":"product","link":"https:\/\/ducasseindustrial.com\/cl\/producto\/repisa-spezia","title":{"rendered":"REPISA SPEZIA"},"content":{"rendered":"<p>Repisas para la organizaci\u00f3n de espacios. Fabricado en acero y recubierto con pintura ep\u00f3xica para mayor durabilidad. Gracias a su geometr\u00eda es posible colocarla en diferentes espacios, cocina, ba\u00f1o, dormitorio,etc. Para colocar cuadros, plantas, condimentos, etc.<\/p>\n<p>&nbsp;<\/p>\n","protected":false},"excerpt":{"rendered":"<p>Repisas para la organizaci\u00f3n de espacios. Fabricado en acero y recubierto con pintura ep\u00f3xica para mayor durabilidad. Gracias a su geometr\u00eda es posible colocarla en diferentes espacios, cocina, ba\u00f1o, dormitorio,etc. Para colocar cuadros, plantas, condimentos, etc. &nbsp;<\/p>\n","protected":false},"featured_media":1923,"comment_status":"closed","ping_status":"open","template":"","meta":{"_uag_custom_page_level_css":"","site-sidebar-layout":"default","site-content-layout":"","ast-site-content-layout":"default","site-content-style":"default","site-sidebar-style":"default","ast-global-header-display":"","ast-banner-title-visibility":"","ast-main-header-display":"","ast-hfb-above-header-display":"","ast-hfb-below-header-display":"","ast-hfb-mobile-header-display":"","site-post-title":"","ast-breadcrumbs-content":"","ast-featured-img":"","footer-sml-layout":"","theme-transparent-header-meta":"","adv-header-id-meta":"","stick-header-meta":"","header-above-stick-meta":"","header-main-stick-meta":"","header-below-stick-meta":"","astra-migrate-meta-layouts":"default","ast-page-background-enabled":"default","ast-page-background-meta":{"desktop":{"background-color":"var(--ast-global-color-4)","background-image":"","background-repeat":"repeat","background-position":"center center","background-size":"auto","background-attachment":"scroll","background-type":"","background-media":"","overlay-type":"","overlay-color":"","overlay-opacity":"","overlay-gradient":""},"tablet":{"background-color":"","background-image":"","background-repeat":"repeat","background-position":"center center","background-size":"auto","background-attachment":"scroll","background-type":"","background-media":"","overlay-type":"","overlay-color":"","overlay-opacity":"","overlay-gradient":""},"mobile":{"background-color":"","background-image":"","background-repeat":"repeat","background-position":"center center","background-size":"auto","background-attachment":"scroll","background-type":"","background-media":"","overlay-type":"","overlay-color":"","overlay-opacity":"","overlay-gradient":""}},"ast-content-background-meta":{"desktop":{"background-color":"var(--ast-global-color-5)","background-image":"","background-repeat":"repeat","background-position":"center center","background-size":"auto","background-attachment":"scroll","background-type":"","background-media":"","overlay-type":"","overlay-color":"","overlay-opacity":"","overlay-gradient":""},"tablet":{"background-color":"var(--ast-global-color-5)","background-image":"","background-repeat":"repeat","background-position":"center center","background-size":"auto","background-attachment":"scroll","background-type":"","background-media":"","overlay-type":"","overlay-color":"","overlay-opacity":"","overlay-gradient":""},"mobile":{"background-color":"var(--ast-global-color-5)","background-image":"","background-repeat":"repeat","background-position":"center center","background-size":"auto","background-attachment":"scroll","background-type":"","background-media":"","overlay-type":"","overlay-color":"","overlay-opacity":"","overlay-gradient":""}},"_vp_format_video_url":"","_vp_image_focal_point":[]},"product_brand":[],"product_cat":[17,53,57],"product_tag":[89,85,88],"class_list":{"0":"post-10127","1":"product","2":"type-product","3":"status-publish","4":"has-post-thumbnail","6":"product_cat-productos","7":"product_cat-organizacion","8":"product_cat-repisas","9":"product_tag-decoracion","10":"product_tag-organizacion","11":"product_tag-repisas","12":"desktop-align-left","13":"tablet-align-left","14":"mobile-align-left","15":"ast-product-gallery-layout-horizontal","16":"ast-product-single-variable","17":"ast-product-tabs-layout-horizontal","19":"first","20":"instock","21":"sold-individually","22":"purchasable","23":"product-type-variable"},"aioseo_notices":[],"uagb_featured_image_src":{"full":["https:\/\/ducasseindustrial.com\/cl\/wp-content\/uploads\/sites\/25\/2020\/08\/CL_10101241000_img_prod1_bl.jpg",1920,1080,false],"thumbnail":["https:\/\/ducasseindustrial.com\/cl\/wp-content\/uploads\/sites\/25\/2020\/08\/CL_10101241000_img_prod1_bl-150x150.jpg",150,150,true],"medium":["https:\/\/ducasseindustrial.com\/cl\/wp-content\/uploads\/sites\/25\/2020\/08\/CL_10101241000_img_prod1_bl-300x169.jpg",300,169,true],"medium_large":["https:\/\/ducasseindustrial.com\/cl\/wp-content\/uploads\/sites\/25\/2020\/08\/CL_10101241000_img_prod1_bl-768x432.jpg",768,432,true],"large":["https:\/\/ducasseindustrial.com\/cl\/wp-content\/uploads\/sites\/25\/2020\/08\/CL_10101241000_img_prod1_bl-1024x576.jpg",1024,576,true],"1536x1536":["https:\/\/ducasseindustrial.com\/cl\/wp-content\/uploads\/sites\/25\/2020\/08\/CL_10101241000_img_prod1_bl-1536x864.jpg",1536,864,true],"2048x2048":["https:\/\/ducasseindustrial.com\/cl\/wp-content\/uploads\/sites\/25\/2020\/08\/CL_10101241000_img_prod1_bl.jpg",1920,1080,false],"vp_sm":["https:\/\/ducasseindustrial.com\/cl\/wp-content\/uploads\/sites\/25\/2020\/08\/CL_10101241000_img_prod1_bl.jpg",500,281,false],"vp_md":["https:\/\/ducasseindustrial.com\/cl\/wp-content\/uploads\/sites\/25\/2020\/08\/CL_10101241000_img_prod1_bl.jpg",800,450,false],"vp_lg":["https:\/\/ducasseindustrial.com\/cl\/wp-content\/uploads\/sites\/25\/2020\/08\/CL_10101241000_img_prod1_bl.jpg",1280,720,false],"vp_xl":["https:\/\/ducasseindustrial.com\/cl\/wp-content\/uploads\/sites\/25\/2020\/08\/CL_10101241000_img_prod1_bl.jpg",1920,1080,false],"vp_sm_popup":["https:\/\/ducasseindustrial.com\/cl\/wp-content\/uploads\/sites\/25\/2020\/08\/CL_10101241000_img_prod1_bl.jpg",500,281,false],"vp_md_popup":["https:\/\/ducasseindustrial.com\/cl\/wp-content\/uploads\/sites\/25\/2020\/08\/CL_10101241000_img_prod1_bl.jpg",800,450,false],"vp_xl_popup":["https:\/\/ducasseindustrial.com\/cl\/wp-content\/uploads\/sites\/25\/2020\/08\/CL_10101241000_img_prod1_bl.jpg",1920,1080,false],"woocommerce_thumbnail":["https:\/\/ducasseindustrial.com\/cl\/wp-content\/uploads\/sites\/25\/2020\/08\/CL_10101241000_img_prod1_bl-300x300.jpg",300,300,true],"woocommerce_single":["https:\/\/ducasseindustrial.com\/cl\/wp-content\/uploads\/sites\/25\/2020\/08\/CL_10101241000_img_prod1_bl-1024x576.jpg",1024,576,true],"woocommerce_gallery_thumbnail":["https:\/\/ducasseindustrial.com\/cl\/wp-content\/uploads\/sites\/25\/2020\/08\/CL_10101241000_img_prod1_bl-100x100.jpg",100,100,true],"variation_swatches_image_size":["https:\/\/ducasseindustrial.com\/cl\/wp-content\/uploads\/sites\/25\/2020\/08\/CL_10101241000_img_prod1_bl.jpg",50,28,false],"variation_swatches_tooltip_size":["https:\/\/ducasseindustrial.com\/cl\/wp-content\/uploads\/sites\/25\/2020\/08\/CL_10101241000_img_prod1_bl.jpg",100,56,false]},"uagb_author_info":{"display_name":"user","author_link":"https:\/\/ducasseindustrial.com\/cl\/archivo\/author"},"uagb_comment_info":0,"uagb_excerpt":"Repisas para la organizaci\u00f3n de espacios. Fabricado en acero y recubierto con pintura ep\u00f3xica para mayor durabilidad. Gracias a su geometr\u00eda es posible colocarla en diferentes espacios, cocina, ba\u00f1o, dormitorio,etc. Para colocar cuadros, plantas, condimentos, etc. &nbsp;","_links":{"self":[{"href":"https:\/\/ducasseindustrial.com\/cl\/wp-json\/wp\/v2\/product\/10127","targetHints":{"allow":["GET"]}}],"collection":[{"href":"https:\/\/ducasseindustrial.com\/cl\/wp-json\/wp\/v2\/product"}],"about":[{"href":"https:\/\/ducasseindustrial.com\/cl\/wp-json\/wp\/v2\/types\/product"}],"replies":[{"embeddable":true,"href":"https:\/\/ducasseindustrial.com\/cl\/wp-json\/wp\/v2\/comments?post=10127"}],"version-history":[{"count":1,"href":"https:\/\/ducasseindustrial.com\/cl\/wp-json\/wp\/v2\/product\/10127\/revisions"}],"predecessor-version":[{"id":10128,"href":"https:\/\/ducasseindustrial.com\/cl\/wp-json\/wp\/v2\/product\/10127\/revisions\/10128"}],"wp:featuredmedia":[{"embeddable":true,"href":"https:\/\/ducasseindustrial.com\/cl\/wp-json\/wp\/v2\/media\/1923"}],"wp:attachment":[{"href":"https:\/\/ducasseindustrial.com\/cl\/wp-json\/wp\/v2\/media?parent=10127"}],"wp:term":[{"taxonomy":"product_brand","embeddable":true,"href":"https:\/\/ducasseindustrial.com\/cl\/wp-json\/wp\/v2\/product_brand?post=10127"},{"taxonomy":"product_cat","embeddable":true,"href":"https:\/\/ducasseindustrial.com\/cl\/wp-json\/wp\/v2\/product_cat?post=10127"},{"taxonomy":"product_tag","embeddable":true,"href":"https:\/\/ducasseindustrial.com\/cl\/wp-json\/wp\/v2\/product_tag?post=10127"}],"curies":[{"name":"wp","href":"https:\/\/api.w.org\/{rel}","templated":true}]}}