{"id":20929,"date":"2021-09-02T11:31:11","date_gmt":"2021-09-02T15:31:11","guid":{"rendered":"https:\/\/ducasseindustrial.com\/cl\/producto\/percha-zoo-dino"},"modified":"2021-09-02T11:31:13","modified_gmt":"2021-09-02T15:31:13","slug":"percha-zoo-dino","status":"publish","type":"product","link":"https:\/\/ducasseindustrial.com\/cl\/producto\/percha-zoo-dino","title":{"rendered":"PERCHA ZOO  DINO"},"content":{"rendered":"<p>Percha decorativa Zoo para espacios infantiles fabricada en acero de 1,2mm de espesor, revestido en pintura no t\u00f3xica . Incluye fijaciones para muro s\u00f3lido y ligero. Dise\u00f1o de dinosaurio.<\/p>\n<p>&nbsp;<\/p>\n","protected":false},"excerpt":{"rendered":"<p>Percha decorativa Zoo para espacios infantiles fabricada en acero de 1,2mm de espesor, revestido en pintura no t\u00f3xica . Incluye fijaciones para muro s\u00f3lido y ligero. Dise\u00f1o de dinosaurio. &nbsp;<\/p>\n","protected":false},"featured_media":20820,"comment_status":"closed","ping_status":"open","template":"","meta":{"_uag_custom_page_level_css":"","site-sidebar-layout":"default","site-content-layout":"","ast-site-content-layout":"default","site-content-style":"default","site-sidebar-style":"default","ast-global-header-display":"","ast-banner-title-visibility":"","ast-main-header-display":"","ast-hfb-above-header-display":"","ast-hfb-below-header-display":"","ast-hfb-mobile-header-display":"","site-post-title":"","ast-breadcrumbs-content":"","ast-featured-img":"","footer-sml-layout":"","theme-transparent-header-meta":"","adv-header-id-meta":"","stick-header-meta":"","header-above-stick-meta":"","header-main-stick-meta":"","header-below-stick-meta":"","astra-migrate-meta-layouts":"default","ast-page-background-enabled":"default","ast-page-background-meta":{"desktop":{"background-color":"var(--ast-global-color-4)","background-image":"","background-repeat":"repeat","background-position":"center center","background-size":"auto","background-attachment":"scroll","background-type":"","background-media":"","overlay-type":"","overlay-color":"","overlay-opacity":"","overlay-gradient":""},"tablet":{"background-color":"","background-image":"","background-repeat":"repeat","background-position":"center center","background-size":"auto","background-attachment":"scroll","background-type":"","background-media":"","overlay-type":"","overlay-color":"","overlay-opacity":"","overlay-gradient":""},"mobile":{"background-color":"","background-image":"","background-repeat":"repeat","background-position":"center center","background-size":"auto","background-attachment":"scroll","background-type":"","background-media":"","overlay-type":"","overlay-color":"","overlay-opacity":"","overlay-gradient":""}},"ast-content-background-meta":{"desktop":{"background-color":"var(--ast-global-color-5)","background-image":"","background-repeat":"repeat","background-position":"center center","background-size":"auto","background-attachment":"scroll","background-type":"","background-media":"","overlay-type":"","overlay-color":"","overlay-opacity":"","overlay-gradient":""},"tablet":{"background-color":"var(--ast-global-color-5)","background-image":"","background-repeat":"repeat","background-position":"center center","background-size":"auto","background-attachment":"scroll","background-type":"","background-media":"","overlay-type":"","overlay-color":"","overlay-opacity":"","overlay-gradient":""},"mobile":{"background-color":"var(--ast-global-color-5)","background-image":"","background-repeat":"repeat","background-position":"center center","background-size":"auto","background-attachment":"scroll","background-type":"","background-media":"","overlay-type":"","overlay-color":"","overlay-opacity":"","overlay-gradient":""}},"_vp_format_video_url":"","_vp_image_focal_point":[]},"product_brand":[],"product_cat":[17,53,58],"product_tag":[402,89,85,83],"class_list":{"0":"post-20929","1":"product","2":"type-product","3":"status-publish","4":"has-post-thumbnail","6":"product_cat-productos","7":"product_cat-organizacion","8":"product_cat-mundo_infantil","9":"product_tag-deco","10":"product_tag-decoracion","11":"product_tag-organizacion","12":"product_tag-perchas","13":"desktop-align-left","14":"tablet-align-left","15":"mobile-align-left","16":"ast-product-gallery-layout-horizontal","17":"ast-product-tabs-layout-horizontal","19":"first","20":"instock","21":"sold-individually","22":"purchasable","23":"product-type-simple"},"aioseo_notices":[],"uagb_featured_image_src":{"full":["https:\/\/ducasseindustrial.com\/cl\/wp-content\/uploads\/sites\/25\/2021\/04\/CL_10101244013_IMG_PROD1_BL.jpg",1920,1920,false],"thumbnail":["https:\/\/ducasseindustrial.com\/cl\/wp-content\/uploads\/sites\/25\/2021\/04\/CL_10101244013_IMG_PROD1_BL-300x300.jpg",300,300,true],"medium":["https:\/\/ducasseindustrial.com\/cl\/wp-content\/uploads\/sites\/25\/2021\/04\/CL_10101244013_IMG_PROD1_BL-600x600.jpg",600,600,true],"medium_large":["https:\/\/ducasseindustrial.com\/cl\/wp-content\/uploads\/sites\/25\/2021\/04\/CL_10101244013_IMG_PROD1_BL-768x768.jpg",768,768,true],"large":["https:\/\/ducasseindustrial.com\/cl\/wp-content\/uploads\/sites\/25\/2021\/04\/CL_10101244013_IMG_PROD1_BL-1024x1024.jpg",1024,1024,true],"1536x1536":["https:\/\/ducasseindustrial.com\/cl\/wp-content\/uploads\/sites\/25\/2021\/04\/CL_10101244013_IMG_PROD1_BL-1536x1536.jpg",1536,1536,true],"2048x2048":["https:\/\/ducasseindustrial.com\/cl\/wp-content\/uploads\/sites\/25\/2021\/04\/CL_10101244013_IMG_PROD1_BL.jpg",1920,1920,false],"vp_sm":["https:\/\/ducasseindustrial.com\/cl\/wp-content\/uploads\/sites\/25\/2021\/04\/CL_10101244013_IMG_PROD1_BL-500x500.jpg",500,500,true],"vp_md":["https:\/\/ducasseindustrial.com\/cl\/wp-content\/uploads\/sites\/25\/2021\/04\/CL_10101244013_IMG_PROD1_BL-800x800.jpg",800,800,true],"vp_lg":["https:\/\/ducasseindustrial.com\/cl\/wp-content\/uploads\/sites\/25\/2021\/04\/CL_10101244013_IMG_PROD1_BL-1280x1280.jpg",1280,1280,true],"vp_xl":["https:\/\/ducasseindustrial.com\/cl\/wp-content\/uploads\/sites\/25\/2021\/04\/CL_10101244013_IMG_PROD1_BL.jpg",1920,1920,false],"vp_sm_popup":["https:\/\/ducasseindustrial.com\/cl\/wp-content\/uploads\/sites\/25\/2021\/04\/CL_10101244013_IMG_PROD1_BL-500x500.jpg",500,500,true],"vp_md_popup":["https:\/\/ducasseindustrial.com\/cl\/wp-content\/uploads\/sites\/25\/2021\/04\/CL_10101244013_IMG_PROD1_BL-800x800.jpg",800,800,true],"vp_xl_popup":["https:\/\/ducasseindustrial.com\/cl\/wp-content\/uploads\/sites\/25\/2021\/04\/CL_10101244013_IMG_PROD1_BL.jpg",1920,1920,false],"woocommerce_thumbnail":["https:\/\/ducasseindustrial.com\/cl\/wp-content\/uploads\/sites\/25\/2021\/04\/CL_10101244013_IMG_PROD1_BL-300x300.jpg",300,300,true],"woocommerce_single":["https:\/\/ducasseindustrial.com\/cl\/wp-content\/uploads\/sites\/25\/2021\/04\/CL_10101244013_IMG_PROD1_BL-1024x1024.jpg",1024,1024,true],"woocommerce_gallery_thumbnail":["https:\/\/ducasseindustrial.com\/cl\/wp-content\/uploads\/sites\/25\/2021\/04\/CL_10101244013_IMG_PROD1_BL-100x100.jpg",100,100,true],"variation_swatches_image_size":["https:\/\/ducasseindustrial.com\/cl\/wp-content\/uploads\/sites\/25\/2021\/04\/CL_10101244013_IMG_PROD1_BL.jpg",50,50,false],"variation_swatches_tooltip_size":["https:\/\/ducasseindustrial.com\/cl\/wp-content\/uploads\/sites\/25\/2021\/04\/CL_10101244013_IMG_PROD1_BL.jpg",100,100,false]},"uagb_author_info":{"display_name":"emunoz","author_link":"https:\/\/ducasseindustrial.com\/cl\/archivo\/author"},"uagb_comment_info":0,"uagb_excerpt":"Percha decorativa Zoo para espacios infantiles fabricada en acero de 1,2mm de espesor, revestido en pintura no t\u00f3xica . Incluye fijaciones para muro s\u00f3lido y ligero. Dise\u00f1o de dinosaurio. &nbsp;","_links":{"self":[{"href":"https:\/\/ducasseindustrial.com\/cl\/wp-json\/wp\/v2\/product\/20929","targetHints":{"allow":["GET"]}}],"collection":[{"href":"https:\/\/ducasseindustrial.com\/cl\/wp-json\/wp\/v2\/product"}],"about":[{"href":"https:\/\/ducasseindustrial.com\/cl\/wp-json\/wp\/v2\/types\/product"}],"replies":[{"embeddable":true,"href":"https:\/\/ducasseindustrial.com\/cl\/wp-json\/wp\/v2\/comments?post=20929"}],"version-history":[{"count":1,"href":"https:\/\/ducasseindustrial.com\/cl\/wp-json\/wp\/v2\/product\/20929\/revisions"}],"predecessor-version":[{"id":20930,"href":"https:\/\/ducasseindustrial.com\/cl\/wp-json\/wp\/v2\/product\/20929\/revisions\/20930"}],"wp:featuredmedia":[{"embeddable":true,"href":"https:\/\/ducasseindustrial.com\/cl\/wp-json\/wp\/v2\/media\/20820"}],"wp:attachment":[{"href":"https:\/\/ducasseindustrial.com\/cl\/wp-json\/wp\/v2\/media?parent=20929"}],"wp:term":[{"taxonomy":"product_brand","embeddable":true,"href":"https:\/\/ducasseindustrial.com\/cl\/wp-json\/wp\/v2\/product_brand?post=20929"},{"taxonomy":"product_cat","embeddable":true,"href":"https:\/\/ducasseindustrial.com\/cl\/wp-json\/wp\/v2\/product_cat?post=20929"},{"taxonomy":"product_tag","embeddable":true,"href":"https:\/\/ducasseindustrial.com\/cl\/wp-json\/wp\/v2\/product_tag?post=20929"}],"curies":[{"name":"wp","href":"https:\/\/api.w.org\/{rel}","templated":true}]}}