{"id":21365,"date":"2023-12-14T14:35:18","date_gmt":"2023-12-14T18:35:18","guid":{"rendered":"https:\/\/ducasseindustrial.com\/cl\/producto\/vintage-mas-trio-blanco"},"modified":"2023-12-21T17:32:38","modified_gmt":"2023-12-21T21:32:38","slug":"vintage-mas-trio-blanco","status":"publish","type":"product","link":"https:\/\/ducasseindustrial.com\/cl\/producto\/vintage-mas-trio-blanco","title":{"rendered":"Vintage mas trio blanco"},"content":{"rendered":"<p>Organizador met\u00e1lico de dise\u00f1o simple que se adapta a cualquier espacio, entregando superficies de apoyo y de espacios para el orden, compuesto de soportes met\u00e1licos en forma de escalerilla, lo que facilita el movimiento de sus diferentes bandejas, organiza f\u00e1cilmente en su parte inferior elementos de mayor tama\u00f1o. Lleva a otro nivel la organizaci\u00f3n incluyendo cajoneras y gabinetes<\/p>\n","protected":false},"excerpt":{"rendered":"<p>Con Mueble Vintage Mas, transformar\u00e1s cualquier ambiente gracias a sus m\u00faltiples configuraciones. Esta estanter\u00eda encuentra su lugar en cada hogar, ya sea en el hall de acceso, el escritorio o el sal\u00f3n-comedor.<\/p>\n","protected":false},"featured_media":21366,"comment_status":"open","ping_status":"open","template":"","meta":{"_uag_custom_page_level_css":"","site-sidebar-layout":"default","site-content-layout":"","ast-site-content-layout":"default","site-content-style":"default","site-sidebar-style":"default","ast-global-header-display":"","ast-banner-title-visibility":"","ast-main-header-display":"","ast-hfb-above-header-display":"","ast-hfb-below-header-display":"","ast-hfb-mobile-header-display":"","site-post-title":"","ast-breadcrumbs-content":"","ast-featured-img":"","footer-sml-layout":"","theme-transparent-header-meta":"","adv-header-id-meta":"","stick-header-meta":"","header-above-stick-meta":"","header-main-stick-meta":"","header-below-stick-meta":"","astra-migrate-meta-layouts":"default","ast-page-background-enabled":"default","ast-page-background-meta":{"desktop":{"background-color":"var(--ast-global-color-4)","background-image":"","background-repeat":"repeat","background-position":"center center","background-size":"auto","background-attachment":"scroll","background-type":"","background-media":"","overlay-type":"","overlay-color":"","overlay-opacity":"","overlay-gradient":""},"tablet":{"background-color":"","background-image":"","background-repeat":"repeat","background-position":"center center","background-size":"auto","background-attachment":"scroll","background-type":"","background-media":"","overlay-type":"","overlay-color":"","overlay-opacity":"","overlay-gradient":""},"mobile":{"background-color":"","background-image":"","background-repeat":"repeat","background-position":"center center","background-size":"auto","background-attachment":"scroll","background-type":"","background-media":"","overlay-type":"","overlay-color":"","overlay-opacity":"","overlay-gradient":""}},"ast-content-background-meta":{"desktop":{"background-color":"var(--ast-global-color-5)","background-image":"","background-repeat":"repeat","background-position":"center center","background-size":"auto","background-attachment":"scroll","background-type":"","background-media":"","overlay-type":"","overlay-color":"","overlay-opacity":"","overlay-gradient":""},"tablet":{"background-color":"var(--ast-global-color-5)","background-image":"","background-repeat":"repeat","background-position":"center center","background-size":"auto","background-attachment":"scroll","background-type":"","background-media":"","overlay-type":"","overlay-color":"","overlay-opacity":"","overlay-gradient":""},"mobile":{"background-color":"var(--ast-global-color-5)","background-image":"","background-repeat":"repeat","background-position":"center center","background-size":"auto","background-attachment":"scroll","background-type":"","background-media":"","overlay-type":"","overlay-color":"","overlay-opacity":"","overlay-gradient":""}},"_vp_format_video_url":"","_vp_image_focal_point":[]},"product_brand":[],"product_cat":[411,412,413,414],"product_tag":[415,248,416],"class_list":{"0":"post-21365","1":"product","2":"type-product","3":"status-publish","4":"has-post-thumbnail","6":"product_cat-nuevos","7":"product_cat-sin-categorizar","8":"product_cat-sistema-modular-2","9":"product_cat-vintage-mas","10":"product_tag-estanteria","11":"product_tag-mueble","12":"product_tag-repisa","13":"pa_capacidad-de-carga-10-kg-x-bandeja","14":"pa_color-blanco","15":"pa_cualidades-cuenta-con-instructivo-de-montaje-que-te-ayudara-paso-a-paso-en-la-instalacion-de-sus-componentes","16":"pa_cualidades-gracias-a-su-gran-capacidad-de-adaptarse-a-los-distintos-espacios","17":"pa_cualidades-organiza-todo-lo-que-quieras-en-el-espacio-que-quieras","18":"pa_cualidades-permite-crear-configuraciones-a-la-medida-y-totalmente-personalizadas","19":"pa_cualidades-posibilidad-de-reemplazar-muebles-grandes-y-toscos-mejorando-el-diseno-de-tus-ambientes-y-manteniendo-la-organizacion","20":"pa_dimensiones-182-4x182-5x31-6","21":"pa_material-acero","22":"pa_terminacion-mate","23":"pa_usos-organizacion-y-o-decoracion","24":"desktop-align-left","25":"tablet-align-left","26":"mobile-align-left","27":"ast-product-gallery-layout-horizontal","28":"ast-product-tabs-layout-horizontal","30":"first","31":"instock","32":"shipping-taxable","33":"purchasable","34":"product-type-simple"},"aioseo_notices":[],"uagb_featured_image_src":{"full":["https:\/\/ducasseindustrial.com\/cl\/wp-content\/uploads\/sites\/25\/2023\/12\/sistema-3x2-blanco-basico-1.jpg",2500,2500,false],"thumbnail":["https:\/\/ducasseindustrial.com\/cl\/wp-content\/uploads\/sites\/25\/2023\/12\/sistema-3x2-blanco-basico-1-300x300.jpg",300,300,true],"medium":["https:\/\/ducasseindustrial.com\/cl\/wp-content\/uploads\/sites\/25\/2023\/12\/sistema-3x2-blanco-basico-1-600x600.jpg",600,600,true],"medium_large":["https:\/\/ducasseindustrial.com\/cl\/wp-content\/uploads\/sites\/25\/2023\/12\/sistema-3x2-blanco-basico-1-768x768.jpg",768,768,true],"large":["https:\/\/ducasseindustrial.com\/cl\/wp-content\/uploads\/sites\/25\/2023\/12\/sistema-3x2-blanco-basico-1-1024x1024.jpg",1024,1024,true],"1536x1536":["https:\/\/ducasseindustrial.com\/cl\/wp-content\/uploads\/sites\/25\/2023\/12\/sistema-3x2-blanco-basico-1-1536x1536.jpg",1536,1536,true],"2048x2048":["https:\/\/ducasseindustrial.com\/cl\/wp-content\/uploads\/sites\/25\/2023\/12\/sistema-3x2-blanco-basico-1-2048x2048.jpg",2048,2048,true],"vp_sm":["https:\/\/ducasseindustrial.com\/cl\/wp-content\/uploads\/sites\/25\/2023\/12\/sistema-3x2-blanco-basico-1-500x500.jpg",500,500,true],"vp_md":["https:\/\/ducasseindustrial.com\/cl\/wp-content\/uploads\/sites\/25\/2023\/12\/sistema-3x2-blanco-basico-1-800x800.jpg",800,800,true],"vp_lg":["https:\/\/ducasseindustrial.com\/cl\/wp-content\/uploads\/sites\/25\/2023\/12\/sistema-3x2-blanco-basico-1-1280x1280.jpg",1280,1280,true],"vp_xl":["https:\/\/ducasseindustrial.com\/cl\/wp-content\/uploads\/sites\/25\/2023\/12\/sistema-3x2-blanco-basico-1-1920x1920.jpg",1920,1920,true],"vp_sm_popup":["https:\/\/ducasseindustrial.com\/cl\/wp-content\/uploads\/sites\/25\/2023\/12\/sistema-3x2-blanco-basico-1-500x500.jpg",500,500,true],"vp_md_popup":["https:\/\/ducasseindustrial.com\/cl\/wp-content\/uploads\/sites\/25\/2023\/12\/sistema-3x2-blanco-basico-1-800x800.jpg",800,800,true],"vp_xl_popup":["https:\/\/ducasseindustrial.com\/cl\/wp-content\/uploads\/sites\/25\/2023\/12\/sistema-3x2-blanco-basico-1-1920x1920.jpg",1920,1920,true],"woocommerce_thumbnail":["https:\/\/ducasseindustrial.com\/cl\/wp-content\/uploads\/sites\/25\/2023\/12\/sistema-3x2-blanco-basico-1-300x300.jpg",300,300,true],"woocommerce_single":["https:\/\/ducasseindustrial.com\/cl\/wp-content\/uploads\/sites\/25\/2023\/12\/sistema-3x2-blanco-basico-1-1024x1024.jpg",1024,1024,true],"woocommerce_gallery_thumbnail":["https:\/\/ducasseindustrial.com\/cl\/wp-content\/uploads\/sites\/25\/2023\/12\/sistema-3x2-blanco-basico-1-100x100.jpg",100,100,true],"variation_swatches_image_size":["https:\/\/ducasseindustrial.com\/cl\/wp-content\/uploads\/sites\/25\/2023\/12\/sistema-3x2-blanco-basico-1.jpg",50,50,false],"variation_swatches_tooltip_size":["https:\/\/ducasseindustrial.com\/cl\/wp-content\/uploads\/sites\/25\/2023\/12\/sistema-3x2-blanco-basico-1.jpg",100,100,false]},"uagb_author_info":{"display_name":"test","author_link":"https:\/\/ducasseindustrial.com\/cl\/archivo\/author"},"uagb_comment_info":0,"uagb_excerpt":"Con Mueble Vintage Mas, transformar\u00e1s cualquier ambiente gracias a sus m\u00faltiples configuraciones. Esta estanter\u00eda encuentra su lugar en cada hogar, ya sea en el hall de acceso, el escritorio o el sal\u00f3n-comedor.","_links":{"self":[{"href":"https:\/\/ducasseindustrial.com\/cl\/wp-json\/wp\/v2\/product\/21365","targetHints":{"allow":["GET"]}}],"collection":[{"href":"https:\/\/ducasseindustrial.com\/cl\/wp-json\/wp\/v2\/product"}],"about":[{"href":"https:\/\/ducasseindustrial.com\/cl\/wp-json\/wp\/v2\/types\/product"}],"replies":[{"embeddable":true,"href":"https:\/\/ducasseindustrial.com\/cl\/wp-json\/wp\/v2\/comments?post=21365"}],"version-history":[{"count":0,"href":"https:\/\/ducasseindustrial.com\/cl\/wp-json\/wp\/v2\/product\/21365\/revisions"}],"wp:featuredmedia":[{"embeddable":true,"href":"https:\/\/ducasseindustrial.com\/cl\/wp-json\/wp\/v2\/media\/21366"}],"wp:attachment":[{"href":"https:\/\/ducasseindustrial.com\/cl\/wp-json\/wp\/v2\/media?parent=21365"}],"wp:term":[{"taxonomy":"product_brand","embeddable":true,"href":"https:\/\/ducasseindustrial.com\/cl\/wp-json\/wp\/v2\/product_brand?post=21365"},{"taxonomy":"product_cat","embeddable":true,"href":"https:\/\/ducasseindustrial.com\/cl\/wp-json\/wp\/v2\/product_cat?post=21365"},{"taxonomy":"product_tag","embeddable":true,"href":"https:\/\/ducasseindustrial.com\/cl\/wp-json\/wp\/v2\/product_tag?post=21365"}],"curies":[{"name":"wp","href":"https:\/\/api.w.org\/{rel}","templated":true}]}}