{"id":9825,"date":"2021-01-06T00:20:56","date_gmt":"2021-01-06T04:20:56","guid":{"rendered":"https:\/\/ducasseindustrial.com\/cl\/producto\/bisagra-push-con-tarugos"},"modified":"2025-05-16T15:31:35","modified_gmt":"2025-05-16T19:31:35","slug":"bisagra-push-con-tarugos","status":"publish","type":"product","link":"https:\/\/ducasseindustrial.com\/cl\/producto\/bisagra-push-con-tarugos","title":{"rendered":"BISAGRA PUSH CON TARUGOS"},"content":{"rendered":"<p>Bisagra para puertas de muebles fabricadas en madera. Su montaje es slide-on, poseen terminaci\u00f3n niquelada y sistema doble acci\u00f3n evitando que se suelten los tornillos. Posee resorte con acci\u00f3n<br \/>\ninversa (no requiere tiradores), expulsando la puerta hacia afuera al presionar la zona donde est\u00e1 ubicado el ret\u00e9n. Bisagra con Tarugo 10&#215;5.<\/p>\n<p>&nbsp;<\/p>\n","protected":false},"excerpt":{"rendered":"<p>Bisagra para puertas de muebles fabricadas en madera. Su montaje es slide-on, poseen terminaci\u00f3n niquelada y sistema doble acci\u00f3n evitando que se suelten los tornillos. Posee resorte con acci\u00f3n inversa (no requiere tiradores), expulsando la puerta hacia afuera al presionar la zona donde est\u00e1 ubicado el ret\u00e9n. Bisagra con Tarugo 10&#215;5. &nbsp;<\/p>\n","protected":false},"featured_media":22284,"comment_status":"closed","ping_status":"closed","template":"","meta":{"_uag_custom_page_level_css":"","site-sidebar-layout":"default","site-content-layout":"","ast-site-content-layout":"default","site-content-style":"default","site-sidebar-style":"default","ast-global-header-display":"","ast-banner-title-visibility":"","ast-main-header-display":"","ast-hfb-above-header-display":"","ast-hfb-below-header-display":"","ast-hfb-mobile-header-display":"","site-post-title":"","ast-breadcrumbs-content":"","ast-featured-img":"","footer-sml-layout":"","theme-transparent-header-meta":"default","adv-header-id-meta":"","stick-header-meta":"default","header-above-stick-meta":"","header-main-stick-meta":"","header-below-stick-meta":"","astra-migrate-meta-layouts":"set","ast-page-background-enabled":"default","ast-page-background-meta":{"desktop":{"background-color":"var(--ast-global-color-4)","background-image":"","background-repeat":"repeat","background-position":"center center","background-size":"auto","background-attachment":"scroll","background-type":"","background-media":"","overlay-type":"","overlay-color":"","overlay-opacity":"","overlay-gradient":""},"tablet":{"background-color":"","background-image":"","background-repeat":"repeat","background-position":"center center","background-size":"auto","background-attachment":"scroll","background-type":"","background-media":"","overlay-type":"","overlay-color":"","overlay-opacity":"","overlay-gradient":""},"mobile":{"background-color":"","background-image":"","background-repeat":"repeat","background-position":"center center","background-size":"auto","background-attachment":"scroll","background-type":"","background-media":"","overlay-type":"","overlay-color":"","overlay-opacity":"","overlay-gradient":""}},"ast-content-background-meta":{"desktop":{"background-color":"var(--ast-global-color-5)","background-image":"","background-repeat":"repeat","background-position":"center center","background-size":"auto","background-attachment":"scroll","background-type":"","background-media":"","overlay-type":"","overlay-color":"","overlay-opacity":"","overlay-gradient":""},"tablet":{"background-color":"var(--ast-global-color-5)","background-image":"","background-repeat":"repeat","background-position":"center center","background-size":"auto","background-attachment":"scroll","background-type":"","background-media":"","overlay-type":"","overlay-color":"","overlay-opacity":"","overlay-gradient":""},"mobile":{"background-color":"var(--ast-global-color-5)","background-image":"","background-repeat":"repeat","background-position":"center center","background-size":"auto","background-attachment":"scroll","background-type":"","background-media":"","overlay-type":"","overlay-color":"","overlay-opacity":"","overlay-gradient":""}},"_vp_format_video_url":"","_vp_image_focal_point":[]},"product_brand":[],"product_cat":[17,235,246],"product_tag":[247,258,198,237,259],"class_list":{"0":"post-9825","1":"product","2":"type-product","3":"status-publish","4":"has-post-thumbnail","6":"product_cat-productos","7":"product_cat-muebles-y-cajones","8":"product_cat-bisagras-muebles-y-cajones","9":"product_tag-bisagra","10":"product_tag-cazoleta","11":"product_tag-ducasse","12":"product_tag-muebles","13":"product_tag-push","14":"desktop-align-left","15":"tablet-align-left","16":"mobile-align-left","17":"ast-product-gallery-layout-horizontal","18":"ast-product-gallery-with-no-image","19":"ast-product-single-variable","20":"ast-product-tabs-layout-horizontal","22":"first","23":"instock","24":"sold-individually","25":"purchasable","26":"product-type-variable"},"aioseo_notices":[],"uagb_featured_image_src":{"full":["https:\/\/ducasseindustrial.com\/cl\/wp-content\/uploads\/sites\/25\/2021\/01\/3010110000_bisagra_semi_curva_35mm.jpg",2500,2500,false],"thumbnail":["https:\/\/ducasseindustrial.com\/cl\/wp-content\/uploads\/sites\/25\/2021\/01\/3010110000_bisagra_semi_curva_35mm-300x300.jpg",300,300,true],"medium":["https:\/\/ducasseindustrial.com\/cl\/wp-content\/uploads\/sites\/25\/2021\/01\/3010110000_bisagra_semi_curva_35mm-600x600.jpg",600,600,true],"medium_large":["https:\/\/ducasseindustrial.com\/cl\/wp-content\/uploads\/sites\/25\/2021\/01\/3010110000_bisagra_semi_curva_35mm-768x768.jpg",768,768,true],"large":["https:\/\/ducasseindustrial.com\/cl\/wp-content\/uploads\/sites\/25\/2021\/01\/3010110000_bisagra_semi_curva_35mm-1024x1024.jpg",1024,1024,true],"1536x1536":["https:\/\/ducasseindustrial.com\/cl\/wp-content\/uploads\/sites\/25\/2021\/01\/3010110000_bisagra_semi_curva_35mm-1536x1536.jpg",1536,1536,true],"2048x2048":["https:\/\/ducasseindustrial.com\/cl\/wp-content\/uploads\/sites\/25\/2021\/01\/3010110000_bisagra_semi_curva_35mm-2048x2048.jpg",2048,2048,true],"vp_sm":["https:\/\/ducasseindustrial.com\/cl\/wp-content\/uploads\/sites\/25\/2021\/01\/3010110000_bisagra_semi_curva_35mm-500x500.jpg",500,500,true],"vp_md":["https:\/\/ducasseindustrial.com\/cl\/wp-content\/uploads\/sites\/25\/2021\/01\/3010110000_bisagra_semi_curva_35mm-800x800.jpg",800,800,true],"vp_lg":["https:\/\/ducasseindustrial.com\/cl\/wp-content\/uploads\/sites\/25\/2021\/01\/3010110000_bisagra_semi_curva_35mm-1280x1280.jpg",1280,1280,true],"vp_xl":["https:\/\/ducasseindustrial.com\/cl\/wp-content\/uploads\/sites\/25\/2021\/01\/3010110000_bisagra_semi_curva_35mm-1920x1920.jpg",1920,1920,true],"vp_sm_popup":["https:\/\/ducasseindustrial.com\/cl\/wp-content\/uploads\/sites\/25\/2021\/01\/3010110000_bisagra_semi_curva_35mm-500x500.jpg",500,500,true],"vp_md_popup":["https:\/\/ducasseindustrial.com\/cl\/wp-content\/uploads\/sites\/25\/2021\/01\/3010110000_bisagra_semi_curva_35mm-800x800.jpg",800,800,true],"vp_xl_popup":["https:\/\/ducasseindustrial.com\/cl\/wp-content\/uploads\/sites\/25\/2021\/01\/3010110000_bisagra_semi_curva_35mm-1920x1920.jpg",1920,1920,true],"woocommerce_thumbnail":["https:\/\/ducasseindustrial.com\/cl\/wp-content\/uploads\/sites\/25\/2021\/01\/3010110000_bisagra_semi_curva_35mm-300x300.jpg",300,300,true],"woocommerce_single":["https:\/\/ducasseindustrial.com\/cl\/wp-content\/uploads\/sites\/25\/2021\/01\/3010110000_bisagra_semi_curva_35mm-1024x1024.jpg",1024,1024,true],"woocommerce_gallery_thumbnail":["https:\/\/ducasseindustrial.com\/cl\/wp-content\/uploads\/sites\/25\/2021\/01\/3010110000_bisagra_semi_curva_35mm-100x100.jpg",100,100,true],"variation_swatches_image_size":["https:\/\/ducasseindustrial.com\/cl\/wp-content\/uploads\/sites\/25\/2021\/01\/3010110000_bisagra_semi_curva_35mm-50x50.jpg",50,50,true],"variation_swatches_tooltip_size":["https:\/\/ducasseindustrial.com\/cl\/wp-content\/uploads\/sites\/25\/2021\/01\/3010110000_bisagra_semi_curva_35mm-100x100.jpg",100,100,true]},"uagb_author_info":{"display_name":"user","author_link":"https:\/\/ducasseindustrial.com\/cl\/archivo\/author"},"uagb_comment_info":0,"uagb_excerpt":"Bisagra para puertas de muebles fabricadas en madera. Su montaje es slide-on, poseen terminaci\u00f3n niquelada y sistema doble acci\u00f3n evitando que se suelten los tornillos. Posee resorte con acci\u00f3n inversa (no requiere tiradores), expulsando la puerta hacia afuera al presionar la zona donde est\u00e1 ubicado el ret\u00e9n. Bisagra con Tarugo 10&#215;5. &nbsp;","_links":{"self":[{"href":"https:\/\/ducasseindustrial.com\/cl\/wp-json\/wp\/v2\/product\/9825","targetHints":{"allow":["GET"]}}],"collection":[{"href":"https:\/\/ducasseindustrial.com\/cl\/wp-json\/wp\/v2\/product"}],"about":[{"href":"https:\/\/ducasseindustrial.com\/cl\/wp-json\/wp\/v2\/types\/product"}],"replies":[{"embeddable":true,"href":"https:\/\/ducasseindustrial.com\/cl\/wp-json\/wp\/v2\/comments?post=9825"}],"version-history":[{"count":3,"href":"https:\/\/ducasseindustrial.com\/cl\/wp-json\/wp\/v2\/product\/9825\/revisions"}],"predecessor-version":[{"id":14259,"href":"https:\/\/ducasseindustrial.com\/cl\/wp-json\/wp\/v2\/product\/9825\/revisions\/14259"}],"wp:featuredmedia":[{"embeddable":true,"href":"https:\/\/ducasseindustrial.com\/cl\/wp-json\/wp\/v2\/media\/22284"}],"wp:attachment":[{"href":"https:\/\/ducasseindustrial.com\/cl\/wp-json\/wp\/v2\/media?parent=9825"}],"wp:term":[{"taxonomy":"product_brand","embeddable":true,"href":"https:\/\/ducasseindustrial.com\/cl\/wp-json\/wp\/v2\/product_brand?post=9825"},{"taxonomy":"product_cat","embeddable":true,"href":"https:\/\/ducasseindustrial.com\/cl\/wp-json\/wp\/v2\/product_cat?post=9825"},{"taxonomy":"product_tag","embeddable":true,"href":"https:\/\/ducasseindustrial.com\/cl\/wp-json\/wp\/v2\/product_tag?post=9825"}],"curies":[{"name":"wp","href":"https:\/\/api.w.org\/{rel}","templated":true}]}}