{"id":9902,"date":"2021-01-06T00:20:47","date_gmt":"2021-01-06T04:20:47","guid":{"rendered":"https:\/\/ducasseindustrial.com\/cl\/producto\/bisagra-clip-cierre-suave-con-tarugos"},"modified":"2021-01-06T00:20:52","modified_gmt":"2021-01-06T04:20:52","slug":"bisagra-clip-cierre-suave-con-tarugos","status":"publish","type":"product","link":"https:\/\/ducasseindustrial.com\/cl\/producto\/bisagra-clip-cierre-suave-con-tarugos","title":{"rendered":"BISAGRA CLIP CIERRE SUAVE CON TARUGOS"},"content":{"rendered":"<p>Bisagra para puertas de muebles fabricadas en madera. Su montaje es de tipo clip, poseen terminaci\u00f3n niquelada y sistema doble acci\u00f3n, evitando que se suelten los tornillos. Posee pist\u00f3n hidraulico, lo que retarda el cierre de la puerta al final de su recorrido. Incorpora tarugos en la base (todo en una sola pieza), permitiendo montar y desmontar sin debilitar el aglomerado. Optimiza los tiempos de instalaci\u00f3n al permitir su fijaci\u00f3n con mayor exactitud.<\/p>\n<p>&nbsp;<\/p>\n","protected":false},"excerpt":{"rendered":"<p>Bisagra para puertas de muebles fabricadas en madera. Su montaje es de tipo clip, poseen terminaci\u00f3n niquelada y sistema doble acci\u00f3n, evitando que se suelten los tornillos. Posee pist\u00f3n hidraulico, lo que retarda el cierre de la puerta al final de su recorrido. Incorpora tarugos en la base (todo en una sola pieza), permitiendo montar [&hellip;]<\/p>\n","protected":false},"featured_media":3930,"comment_status":"closed","ping_status":"open","template":"","meta":{"_uag_custom_page_level_css":"","site-sidebar-layout":"default","site-content-layout":"","ast-site-content-layout":"default","site-content-style":"default","site-sidebar-style":"default","ast-global-header-display":"","ast-banner-title-visibility":"","ast-main-header-display":"","ast-hfb-above-header-display":"","ast-hfb-below-header-display":"","ast-hfb-mobile-header-display":"","site-post-title":"","ast-breadcrumbs-content":"","ast-featured-img":"","footer-sml-layout":"","theme-transparent-header-meta":"","adv-header-id-meta":"","stick-header-meta":"","header-above-stick-meta":"","header-main-stick-meta":"","header-below-stick-meta":"","astra-migrate-meta-layouts":"default","ast-page-background-enabled":"default","ast-page-background-meta":{"desktop":{"background-color":"var(--ast-global-color-4)","background-image":"","background-repeat":"repeat","background-position":"center center","background-size":"auto","background-attachment":"scroll","background-type":"","background-media":"","overlay-type":"","overlay-color":"","overlay-opacity":"","overlay-gradient":""},"tablet":{"background-color":"","background-image":"","background-repeat":"repeat","background-position":"center center","background-size":"auto","background-attachment":"scroll","background-type":"","background-media":"","overlay-type":"","overlay-color":"","overlay-opacity":"","overlay-gradient":""},"mobile":{"background-color":"","background-image":"","background-repeat":"repeat","background-position":"center center","background-size":"auto","background-attachment":"scroll","background-type":"","background-media":"","overlay-type":"","overlay-color":"","overlay-opacity":"","overlay-gradient":""}},"ast-content-background-meta":{"desktop":{"background-color":"var(--ast-global-color-5)","background-image":"","background-repeat":"repeat","background-position":"center center","background-size":"auto","background-attachment":"scroll","background-type":"","background-media":"","overlay-type":"","overlay-color":"","overlay-opacity":"","overlay-gradient":""},"tablet":{"background-color":"var(--ast-global-color-5)","background-image":"","background-repeat":"repeat","background-position":"center center","background-size":"auto","background-attachment":"scroll","background-type":"","background-media":"","overlay-type":"","overlay-color":"","overlay-opacity":"","overlay-gradient":""},"mobile":{"background-color":"var(--ast-global-color-5)","background-image":"","background-repeat":"repeat","background-position":"center center","background-size":"auto","background-attachment":"scroll","background-type":"","background-media":"","overlay-type":"","overlay-color":"","overlay-opacity":"","overlay-gradient":""}},"_vp_format_video_url":"","_vp_image_focal_point":[]},"product_brand":[],"product_cat":[17,235,246],"product_tag":[247,271,258,198,237],"class_list":{"0":"post-9902","1":"product","2":"type-product","3":"status-publish","4":"has-post-thumbnail","6":"product_cat-productos","7":"product_cat-muebles-y-cajones","8":"product_cat-bisagras-muebles-y-cajones","9":"product_tag-bisagra","10":"product_tag-bisagra-clip","11":"product_tag-cazoleta","12":"product_tag-ducasse","13":"product_tag-muebles","14":"desktop-align-left","15":"tablet-align-left","16":"mobile-align-left","17":"ast-product-gallery-layout-horizontal","18":"ast-product-gallery-with-no-image","19":"ast-product-single-variable","20":"ast-product-tabs-layout-horizontal","22":"first","23":"instock","24":"sold-individually","25":"purchasable","26":"product-type-variable"},"aioseo_notices":[],"uagb_featured_image_src":{"full":["https:\/\/ducasseindustrial.com\/cl\/wp-content\/uploads\/sites\/25\/2020\/09\/CL_3010121250_IMG_PROD1_BL.jpg",1920,1080,false],"thumbnail":["https:\/\/ducasseindustrial.com\/cl\/wp-content\/uploads\/sites\/25\/2020\/09\/CL_3010121250_IMG_PROD1_BL-300x300.jpg",300,300,true],"medium":["https:\/\/ducasseindustrial.com\/cl\/wp-content\/uploads\/sites\/25\/2020\/09\/CL_3010121250_IMG_PROD1_BL-600x338.jpg",600,338,true],"medium_large":["https:\/\/ducasseindustrial.com\/cl\/wp-content\/uploads\/sites\/25\/2020\/09\/CL_3010121250_IMG_PROD1_BL-768x432.jpg",768,432,true],"large":["https:\/\/ducasseindustrial.com\/cl\/wp-content\/uploads\/sites\/25\/2020\/09\/CL_3010121250_IMG_PROD1_BL-1024x576.jpg",1024,576,true],"1536x1536":["https:\/\/ducasseindustrial.com\/cl\/wp-content\/uploads\/sites\/25\/2020\/09\/CL_3010121250_IMG_PROD1_BL-1536x864.jpg",1536,864,true],"2048x2048":["https:\/\/ducasseindustrial.com\/cl\/wp-content\/uploads\/sites\/25\/2020\/09\/CL_3010121250_IMG_PROD1_BL.jpg",1920,1080,false],"vp_sm":["https:\/\/ducasseindustrial.com\/cl\/wp-content\/uploads\/sites\/25\/2020\/09\/CL_3010121250_IMG_PROD1_BL-500x281.jpg",500,281,true],"vp_md":["https:\/\/ducasseindustrial.com\/cl\/wp-content\/uploads\/sites\/25\/2020\/09\/CL_3010121250_IMG_PROD1_BL-800x450.jpg",800,450,true],"vp_lg":["https:\/\/ducasseindustrial.com\/cl\/wp-content\/uploads\/sites\/25\/2020\/09\/CL_3010121250_IMG_PROD1_BL-1280x720.jpg",1280,720,true],"vp_xl":["https:\/\/ducasseindustrial.com\/cl\/wp-content\/uploads\/sites\/25\/2020\/09\/CL_3010121250_IMG_PROD1_BL.jpg",1920,1080,false],"vp_sm_popup":["https:\/\/ducasseindustrial.com\/cl\/wp-content\/uploads\/sites\/25\/2020\/09\/CL_3010121250_IMG_PROD1_BL-500x281.jpg",500,281,true],"vp_md_popup":["https:\/\/ducasseindustrial.com\/cl\/wp-content\/uploads\/sites\/25\/2020\/09\/CL_3010121250_IMG_PROD1_BL-800x450.jpg",800,450,true],"vp_xl_popup":["https:\/\/ducasseindustrial.com\/cl\/wp-content\/uploads\/sites\/25\/2020\/09\/CL_3010121250_IMG_PROD1_BL.jpg",1920,1080,false],"woocommerce_thumbnail":["https:\/\/ducasseindustrial.com\/cl\/wp-content\/uploads\/sites\/25\/2020\/09\/CL_3010121250_IMG_PROD1_BL-300x300.jpg",300,300,true],"woocommerce_single":["https:\/\/ducasseindustrial.com\/cl\/wp-content\/uploads\/sites\/25\/2020\/09\/CL_3010121250_IMG_PROD1_BL-1024x576.jpg",1024,576,true],"woocommerce_gallery_thumbnail":["https:\/\/ducasseindustrial.com\/cl\/wp-content\/uploads\/sites\/25\/2020\/09\/CL_3010121250_IMG_PROD1_BL-100x100.jpg",100,100,true],"variation_swatches_image_size":["https:\/\/ducasseindustrial.com\/cl\/wp-content\/uploads\/sites\/25\/2020\/09\/CL_3010121250_IMG_PROD1_BL.jpg",50,28,false],"variation_swatches_tooltip_size":["https:\/\/ducasseindustrial.com\/cl\/wp-content\/uploads\/sites\/25\/2020\/09\/CL_3010121250_IMG_PROD1_BL.jpg",100,56,false]},"uagb_author_info":{"display_name":"user","author_link":"https:\/\/ducasseindustrial.com\/cl\/archivo\/author"},"uagb_comment_info":0,"uagb_excerpt":"Bisagra para puertas de muebles fabricadas en madera. Su montaje es de tipo clip, poseen terminaci\u00f3n niquelada y sistema doble acci\u00f3n, evitando que se suelten los tornillos. Posee pist\u00f3n hidraulico, lo que retarda el cierre de la puerta al final de su recorrido. Incorpora tarugos en la base (todo en una sola pieza), permitiendo montar&hellip;","_links":{"self":[{"href":"https:\/\/ducasseindustrial.com\/cl\/wp-json\/wp\/v2\/product\/9902","targetHints":{"allow":["GET"]}}],"collection":[{"href":"https:\/\/ducasseindustrial.com\/cl\/wp-json\/wp\/v2\/product"}],"about":[{"href":"https:\/\/ducasseindustrial.com\/cl\/wp-json\/wp\/v2\/types\/product"}],"replies":[{"embeddable":true,"href":"https:\/\/ducasseindustrial.com\/cl\/wp-json\/wp\/v2\/comments?post=9902"}],"version-history":[{"count":1,"href":"https:\/\/ducasseindustrial.com\/cl\/wp-json\/wp\/v2\/product\/9902\/revisions"}],"predecessor-version":[{"id":9903,"href":"https:\/\/ducasseindustrial.com\/cl\/wp-json\/wp\/v2\/product\/9902\/revisions\/9903"}],"wp:featuredmedia":[{"embeddable":true,"href":"https:\/\/ducasseindustrial.com\/cl\/wp-json\/wp\/v2\/media\/3930"}],"wp:attachment":[{"href":"https:\/\/ducasseindustrial.com\/cl\/wp-json\/wp\/v2\/media?parent=9902"}],"wp:term":[{"taxonomy":"product_brand","embeddable":true,"href":"https:\/\/ducasseindustrial.com\/cl\/wp-json\/wp\/v2\/product_brand?post=9902"},{"taxonomy":"product_cat","embeddable":true,"href":"https:\/\/ducasseindustrial.com\/cl\/wp-json\/wp\/v2\/product_cat?post=9902"},{"taxonomy":"product_tag","embeddable":true,"href":"https:\/\/ducasseindustrial.com\/cl\/wp-json\/wp\/v2\/product_tag?post=9902"}],"curies":[{"name":"wp","href":"https:\/\/api.w.org\/{rel}","templated":true}]}}