{"id":10311,"date":"2020-10-20T16:51:52","date_gmt":"2020-10-20T20:51:52","guid":{"rendered":"https:\/\/ducasseindustrial.com\/co\/arquitectura-2\/instaladores"},"modified":"2020-10-20T16:51:52","modified_gmt":"2020-10-20T20:51:52","slug":"instaladores","status":"publish","type":"page","link":"https:\/\/ducasseindustrial.com\/co\/arquitectura-2\/instaladores\/","title":{"rendered":"Instaladores"},"content":{"rendered":"\n<h1>INSTALADORES CERTIFICADOS<\/h1>\n<h2>CON SHOWROOM<\/h2>\n<p>\t\t\t\t\t\t\t\t\t\t<img loading=\"lazy\" decoding=\"async\" width=\"160\" height=\"60\" src=\"https:\/\/ducasseindustrial.com\/ar\/wp-content\/uploads\/sites\/17\/2020\/10\/blinduch.jpg\" alt=\"\" loading=\"lazy\" \/>\t\t\t\t\t\t\t\t\t\t\t<\/p>\n<p><strong>CABA &#8211; Belgrano<\/strong><br \/>Superi 2461<br \/>4545-4955<\/p>\n<p>\t\t\t\t\t<a href=\"https:\/\/www.instagram.com\/blinduch_obras\/\" target=\"_blank\" rel=\"noopener noreferrer\"><br \/>\n\t\t\t\t\t\tInstagram<br \/>\n\t\t\t\t\t\t\t\t\t\t\t<\/a><br \/>\n\t\t\t\t\t<a href=\"https:\/\/blinduch.com.ar\/\" target=\"_blank\" rel=\"noopener noreferrer\"><br \/>\n\t\t\t\t\t\tDribbble<br \/>\n\t\t\t\t\t\t\t\t\t\t\t<\/a><br \/>\n\t\t\t\t\t\t\t\t\t\t<img loading=\"lazy\" decoding=\"async\" width=\"160\" height=\"60\" src=\"https:\/\/ducasseindustrial.com\/ar\/wp-content\/uploads\/sites\/17\/2020\/10\/cristal-diseno.jpg\" alt=\"\" loading=\"lazy\" \/>\t\t\t\t\t\t\t\t\t\t\t<\/p>\n<p><strong>CABA &#8211; Recoleta<\/strong><br \/>Paran\u00e1 968<br \/>4813-3221<\/p>\n<p>\t\t\t\t\t<a href=\"https:\/\/cristaldiseno.com\/\" target=\"_blank\" rel=\"noopener noreferrer\"><br \/>\n\t\t\t\t\t\tDribbble<br \/>\n\t\t\t\t\t\t\t\t\t\t\t<\/a><br \/>\n\t\t\t\t\t<a href=\"https:\/\/www.instagram.com\/cristaldiseno\/\" target=\"_blank\" rel=\"noopener noreferrer\"><br \/>\n\t\t\t\t\t\tInstagram<br \/>\n\t\t\t\t\t\t\t\t\t\t\t<\/a><br \/>\n\t\t\t\t\t\t\t\t\t\t<img loading=\"lazy\" decoding=\"async\" width=\"160\" height=\"60\" src=\"https:\/\/ducasseindustrial.com\/ar\/wp-content\/uploads\/sites\/17\/2020\/10\/mega-cristal.jpg\" alt=\"\" loading=\"lazy\" \/>\t\t\t\t\t\t\t\t\t\t\t<\/p>\n<p><strong>CABA &#8211; Villa Crespo<\/strong><br \/>Av. Juan B Justo 2132<br \/>4774-8915 \/ 4773-1775<\/p>\n<p>\t\t\t\t\t<a href=\"https:\/\/www.instagram.com\/mega_cristal\/\" target=\"_blank\" rel=\"noopener noreferrer\"><br \/>\n\t\t\t\t\t\tInstagram<br \/>\n\t\t\t\t\t\t\t\t\t\t\t<\/a><br \/>\n\t\t\t\t\t<a href=\"http:\/\/megacristal.com.ar\/\" target=\"_blank\" rel=\"noopener noreferrer\"><br \/>\n\t\t\t\t\t\tDribbble<br \/>\n\t\t\t\t\t\t\t\t\t\t\t<\/a><br \/>\n\t\t\t\t\t\t\t\t\t\t<img loading=\"lazy\" decoding=\"async\" width=\"160\" height=\"60\" src=\"https:\/\/ducasseindustrial.com\/ar\/wp-content\/uploads\/sites\/17\/2020\/10\/aislar.jpg\" alt=\"\" loading=\"lazy\" \/>\t\t\t\t\t\t\t\t\t\t\t<\/p>\n<p><strong>GBA &#8211; Adrogu\u00e9<\/strong><br \/>Av. Hip\u00f3lito Yrigoyen 12938<br \/>011-4293-7330<\/p>\n<p>\t\t\t\t\t<a href=\"https:\/\/aislarweb.com.ar\/\" target=\"_blank\" rel=\"noopener noreferrer\"><br \/>\n\t\t\t\t\t\tDribbble<br \/>\n\t\t\t\t\t\t\t\t\t\t\t<\/a><br \/>\n\t\t\t\t\t<a href=\"https:\/\/www.instagram.com\/grupo.aislar\/\" target=\"_blank\" rel=\"noopener noreferrer\"><br \/>\n\t\t\t\t\t\tInstagram<br \/>\n\t\t\t\t\t\t\t\t\t\t\t<\/a><br \/>\n\t\t\t\t\t\t\t\t\t\t<img loading=\"lazy\" decoding=\"async\" width=\"160\" height=\"60\" src=\"https:\/\/ducasseindustrial.com\/ar\/wp-content\/uploads\/sites\/17\/2020\/10\/alumetal.jpg\" alt=\"\" loading=\"lazy\" \/>\t\t\t\t\t\t\t\t\t\t\t<\/p>\n<p><strong>GBA &#8211; Jos\u00e9 Ingenieros<\/strong><br \/>F. Cay. Rodr\u00edguez 2534\u00a0<br \/>011-4712-9632\/7773<\/p>\n<p>\t\t\t\t\t<a href=\"http:\/\/www.alumetal.com.ar\/\" target=\"_blank\" rel=\"noopener noreferrer\"><br \/>\n\t\t\t\t\t\tDribbble<br \/>\n\t\t\t\t\t\t\t\t\t\t\t<\/a><br \/>\n\t\t\t\t\t<a href=\"https:\/\/www.instagram.com\/alumetal_ar\/\" target=\"_blank\" rel=\"noopener noreferrer\"><br \/>\n\t\t\t\t\t\tInstagram<br \/>\n\t\t\t\t\t\t\t\t\t\t\t<\/a><br \/>\n\t\t\t\t\t\t\t\t\t\t<img loading=\"lazy\" decoding=\"async\" width=\"160\" height=\"60\" src=\"https:\/\/ducasseindustrial.com\/ar\/wp-content\/uploads\/sites\/17\/2020\/10\/alumirai.png\" alt=\"\" loading=\"lazy\" \/>\t\t\t\t\t\t\t\t\t\t\t<\/p>\n<p><strong>GBA &#8211; Moreno<\/strong><br \/>Av. Gaona 10102\/10114<br \/>(km. 40,300) 237-463 3910\/3945<\/p>\n<p>\t\t\t\t\t<a href=\"http:\/\/alumirai.com.ar\/\" target=\"_blank\" rel=\"noopener noreferrer\"><br \/>\n\t\t\t\t\t\tDribbble<br \/>\n\t\t\t\t\t\t\t\t\t\t\t<\/a><br \/>\n\t\t\t\t\t\t\t\t\t\t<img loading=\"lazy\" decoding=\"async\" width=\"160\" height=\"60\" src=\"https:\/\/ducasseindustrial.com\/ar\/wp-content\/uploads\/sites\/17\/2020\/10\/genesis.jpg\" alt=\"\" loading=\"lazy\" \/>\t\t\t\t\t\t\t\t\t\t\t<\/p>\n<p><strong>GBA &#8211; Tres de Febrero<\/strong><br \/>Per\u00f3n 7938<br \/>4842-6777 \/ 5648-8488<\/p>\n<p>\t\t\t\t\t<a href=\"https:\/\/alpvcgenesis.com.ar\/\" target=\"_blank\" rel=\"noopener noreferrer\"><br \/>\n\t\t\t\t\t\tDribbble<br \/>\n\t\t\t\t\t\t\t\t\t\t\t<\/a><br \/>\n\t\t\t\t\t<a href=\"https:\/\/www.instagram.com\/genesis.pvc\/\" target=\"_blank\" rel=\"noopener noreferrer\"><br \/>\n\t\t\t\t\t\tInstagram<br \/>\n\t\t\t\t\t\t\t\t\t\t\t<\/a><br \/>\n\t\t\t\t\t\t\t\t\t\t<img loading=\"lazy\" decoding=\"async\" width=\"160\" height=\"60\" src=\"https:\/\/ducasseindustrial.com\/ar\/wp-content\/uploads\/sites\/17\/2020\/10\/instalglass.jpg\" alt=\"\" loading=\"lazy\" \/>\t\t\t\t\t\t\t\t\t\t\t<\/p>\n<p><strong>C\u00f3rdoba &#8211; La Calera<\/strong><br \/>Los \u00c1lamos 453<br \/>03543-460008<\/p>\n<p>\t\t\t\t\t<a href=\"https:\/\/instalglass.com.ar\/\" target=\"_blank\" rel=\"noopener noreferrer\"><br \/>\n\t\t\t\t\t\tDribbble<br \/>\n\t\t\t\t\t\t\t\t\t\t\t<\/a><br \/>\n\t\t\t\t\t\t\t\t\t\t<img loading=\"lazy\" decoding=\"async\" width=\"160\" height=\"60\" src=\"https:\/\/ducasseindustrial.com\/ar\/wp-content\/uploads\/sites\/17\/2020\/10\/reinaudi.jpg\" alt=\"\" loading=\"lazy\" \/>\t\t\t\t\t\t\t\t\t\t\t<\/p>\n<p><strong>C\u00f3rdoba &#8211; San Francisco<\/strong><br \/>Bv. Buenos Aires 547<br \/>03564-425678<\/p>\n<p>\t\t\t\t\t<a href=\"https:\/\/www.instagram.com\/reinaudividrios\/\" target=\"_blank\" rel=\"noopener noreferrer\"><br \/>\n\t\t\t\t\t\tInstagram<br \/>\n\t\t\t\t\t\t\t\t\t\t\t<\/a><\/p>\n<h1>INSTALADORES CERTIFICADOS<\/h1>\n<p style=\"text-align: left;\"><strong>CABA<\/strong> DIVITECNO SRL &#8211; Campana 1981 &#8211; 011-4581-4460 \/ 4582-3649 &#8211; Ig: <a title=\"Divitecno\" href=\"https:\/\/www.instagram.com\/divitecno\/\" target=\"_blank\" rel=\"noopener noreferrer\">@divitecno<\/a><\/p>\n<p style=\"text-align: left;\"><strong>GBA, Bernal:<\/strong> CHRISTIAN GIACOMAZZI- Dardo Rocha 1148 &#8211; 011-4251-4029<\/p>\n<p><strong>GBA, Florida:<\/strong> CRISTALES HERRERA &#8211; Campichuelo 326 &#8211; 011-4760-6650 &#8211; Ig: <a title=\"Cristales Herrera\" href=\"https:\/\/www.instagram.com\/cristalesherrera\/\" target=\"_blank\" rel=\"noopener noreferrer\">@cristalesherrera<\/a><\/p>\n<p style=\"text-align: left;\"><strong>GBA, Hurlingham:<\/strong> CENTRO INDUSTRIAL &#8211; DF. Pastre 1745 &#8211; 011-4759-7878 \/ 011-4662-0401<\/p>\n<p><strong>GBA, Villa Luzuriaga: <\/strong>VITRUM \u00a0&#8211; Triunvirato 2393, B1753\u00a0 &#8211; 011 6486-7193 ig: <a href=\"https:\/\/www.instagram.com\/vitrummamparas\/\">@vitrummamparas<\/a><\/p>\n<p style=\"text-align: left;\"><strong>Santa Fe, Rosario:<\/strong> TRAPANI &#8211; 1 de Mayo 3965 -(0341)670-1228 Ig: <a title=\"Trapani Vidrios\" href=\"https:\/\/www.instagram.com\/trapanividrios\/\" target=\"_blank\" rel=\"noopener noreferrer\">@trapanividrios<\/a><\/p>\n","protected":false},"excerpt":{"rendered":"<p>INSTALADORES CERTIFICADOS CON SHOWROOM CABA &#8211; BelgranoSuperi 24614545-4955 Instagram Dribbble CABA &#8211; RecoletaParan\u00e1 9684813-3221 Dribbble Instagram CABA &#8211; Villa CrespoAv. Juan B Justo 21324774-8915 \/ 4773-1775 Instagram Dribbble GBA &#8211; Adrogu\u00e9Av. Hip\u00f3lito Yrigoyen 12938011-4293-7330 Dribbble Instagram GBA &#8211; Jos\u00e9 IngenierosF. Cay. Rodr\u00edguez 2534\u00a0011-4712-9632\/7773 Dribbble Instagram GBA &#8211; MorenoAv. Gaona 10102\/10114(km. 40,300) 237-463 3910\/3945 Dribbble GBA [&hellip;]<\/p>\n","protected":false},"author":5,"featured_media":0,"parent":10295,"menu_order":0,"comment_status":"closed","ping_status":"closed","template":"","meta":{"_uag_custom_page_level_css":"","site-sidebar-layout":"default","site-content-layout":"","ast-site-content-layout":"default","site-content-style":"default","site-sidebar-style":"default","ast-global-header-display":"","ast-banner-title-visibility":"","ast-main-header-display":"","ast-hfb-above-header-display":"","ast-hfb-below-header-display":"","ast-hfb-mobile-header-display":"","site-post-title":"","ast-breadcrumbs-content":"","ast-featured-img":"","footer-sml-layout":"","theme-transparent-header-meta":"","adv-header-id-meta":"","stick-header-meta":"","header-above-stick-meta":"","header-main-stick-meta":"","header-below-stick-meta":"","astra-migrate-meta-layouts":"default","ast-page-background-enabled":"default","ast-page-background-meta":{"desktop":{"background-color":"var(--ast-global-color-4)","background-image":"","background-repeat":"repeat","background-position":"center center","background-size":"auto","background-attachment":"scroll","background-type":"","background-media":"","overlay-type":"","overlay-color":"","overlay-opacity":"","overlay-gradient":""},"tablet":{"background-color":"","background-image":"","background-repeat":"repeat","background-position":"center center","background-size":"auto","background-attachment":"scroll","background-type":"","background-media":"","overlay-type":"","overlay-color":"","overlay-opacity":"","overlay-gradient":""},"mobile":{"background-color":"","background-image":"","background-repeat":"repeat","background-position":"center center","background-size":"auto","background-attachment":"scroll","background-type":"","background-media":"","overlay-type":"","overlay-color":"","overlay-opacity":"","overlay-gradient":""}},"ast-content-background-meta":{"desktop":{"background-color":"var(--ast-global-color-5)","background-image":"","background-repeat":"repeat","background-position":"center center","background-size":"auto","background-attachment":"scroll","background-type":"","background-media":"","overlay-type":"","overlay-color":"","overlay-opacity":"","overlay-gradient":""},"tablet":{"background-color":"var(--ast-global-color-5)","background-image":"","background-repeat":"repeat","background-position":"center center","background-size":"auto","background-attachment":"scroll","background-type":"","background-media":"","overlay-type":"","overlay-color":"","overlay-opacity":"","overlay-gradient":""},"mobile":{"background-color":"var(--ast-global-color-5)","background-image":"","background-repeat":"repeat","background-position":"center center","background-size":"auto","background-attachment":"scroll","background-type":"","background-media":"","overlay-type":"","overlay-color":"","overlay-opacity":"","overlay-gradient":""}},"_vp_format_video_url":"","_vp_image_focal_point":[],"footnotes":""},"class_list":["post-10311","page","type-page","status-publish","hentry"],"aioseo_notices":[],"uagb_featured_image_src":{"full":false,"thumbnail":false,"medium":false,"medium_large":false,"large":false,"1536x1536":false,"2048x2048":false,"vp_sm":false,"vp_md":false,"vp_lg":false,"vp_xl":false,"vp_sm_popup":false,"vp_md_popup":false,"vp_xl_popup":false,"woocommerce_thumbnail":false,"woocommerce_single":false,"woocommerce_gallery_thumbnail":false,"variation_swatches_image_size":false,"variation_swatches_tooltip_size":false},"uagb_author_info":{"display_name":"operador","author_link":"https:\/\/ducasseindustrial.com\/co\/author\/operador\/"},"uagb_comment_info":0,"uagb_excerpt":"INSTALADORES CERTIFICADOS CON SHOWROOM CABA &#8211; BelgranoSuperi 24614545-4955 Instagram Dribbble CABA &#8211; RecoletaParan\u00e1 9684813-3221 Dribbble Instagram CABA &#8211; Villa CrespoAv. Juan B Justo 21324774-8915 \/ 4773-1775 Instagram Dribbble GBA &#8211; Adrogu\u00e9Av. Hip\u00f3lito Yrigoyen 12938011-4293-7330 Dribbble Instagram GBA &#8211; Jos\u00e9 IngenierosF. Cay. Rodr\u00edguez 2534\u00a0011-4712-9632\/7773 Dribbble Instagram GBA &#8211; MorenoAv. Gaona 10102\/10114(km. 40,300) 237-463 3910\/3945 Dribbble GBA&hellip;","_links":{"self":[{"href":"https:\/\/ducasseindustrial.com\/co\/wp-json\/wp\/v2\/pages\/10311","targetHints":{"allow":["GET"]}}],"collection":[{"href":"https:\/\/ducasseindustrial.com\/co\/wp-json\/wp\/v2\/pages"}],"about":[{"href":"https:\/\/ducasseindustrial.com\/co\/wp-json\/wp\/v2\/types\/page"}],"author":[{"embeddable":true,"href":"https:\/\/ducasseindustrial.com\/co\/wp-json\/wp\/v2\/users\/5"}],"replies":[{"embeddable":true,"href":"https:\/\/ducasseindustrial.com\/co\/wp-json\/wp\/v2\/comments?post=10311"}],"version-history":[{"count":0,"href":"https:\/\/ducasseindustrial.com\/co\/wp-json\/wp\/v2\/pages\/10311\/revisions"}],"up":[{"embeddable":true,"href":"https:\/\/ducasseindustrial.com\/co\/wp-json\/wp\/v2\/pages\/10295"}],"wp:attachment":[{"href":"https:\/\/ducasseindustrial.com\/co\/wp-json\/wp\/v2\/media?parent=10311"}],"curies":[{"name":"wp","href":"https:\/\/api.w.org\/{rel}","templated":true}]}}