{"id":11354,"date":"2022-07-01T13:09:42","date_gmt":"2022-07-01T17:09:42","guid":{"rendered":"https:\/\/ducasseindustrial.com\/co\/?post_type=product&#038;p=11354"},"modified":"2022-07-01T14:02:32","modified_gmt":"2022-07-01T18:02:32","slug":"d-slide-80","status":"publish","type":"product","link":"https:\/\/ducasseindustrial.com\/co\/product\/d-slide-80\/","title":{"rendered":"D &#8211; SLIDE 80"},"content":{"rendered":"<p>Sistema corredizo para puertas de vidrio con capacidad de carga desde 60 hasta 80 KG, riel de aluminio anodizado y gu\u00eda al piso. Se instala dentro del riel entregando una terminaci\u00f3n m\u00e1s limpia y ocultando la mordaza en su interior. Permite incorporar cierre suave con Easy Soft D-Slide 80.<\/p>\n","protected":false},"excerpt":{"rendered":"<p>Sistema corredizo para puertas de vidrio con capacidad de carga desde 60 hasta 80 KG, riel de aluminio anodizado y gu\u00eda al piso. Se instala dentro del riel entregando una terminaci\u00f3n m\u00e1s limpia y ocultando la mordaza en su interior. Permite incorporar cierre suave con Easy Soft D-Slide 80.<\/p>\n","protected":false},"featured_media":11356,"comment_status":"closed","ping_status":"closed","template":"","meta":{"_uag_custom_page_level_css":"","site-sidebar-layout":"default","site-content-layout":"default","ast-site-content-layout":"default","site-content-style":"default","site-sidebar-style":"default","ast-global-header-display":"","ast-banner-title-visibility":"","ast-main-header-display":"","ast-hfb-above-header-display":"","ast-hfb-below-header-display":"","ast-hfb-mobile-header-display":"","site-post-title":"","ast-breadcrumbs-content":"","ast-featured-img":"","footer-sml-layout":"","theme-transparent-header-meta":"default","adv-header-id-meta":"","stick-header-meta":"default","header-above-stick-meta":"","header-main-stick-meta":"","header-below-stick-meta":"","astra-migrate-meta-layouts":"default","ast-page-background-enabled":"default","ast-page-background-meta":{"desktop":{"background-color":"var(--ast-global-color-4)","background-image":"","background-repeat":"repeat","background-position":"center center","background-size":"auto","background-attachment":"scroll","background-type":"","background-media":"","overlay-type":"","overlay-color":"","overlay-opacity":"","overlay-gradient":""},"tablet":{"background-color":"","background-image":"","background-repeat":"repeat","background-position":"center center","background-size":"auto","background-attachment":"scroll","background-type":"","background-media":"","overlay-type":"","overlay-color":"","overlay-opacity":"","overlay-gradient":""},"mobile":{"background-color":"","background-image":"","background-repeat":"repeat","background-position":"center center","background-size":"auto","background-attachment":"scroll","background-type":"","background-media":"","overlay-type":"","overlay-color":"","overlay-opacity":"","overlay-gradient":""}},"ast-content-background-meta":{"desktop":{"background-color":"var(--ast-global-color-5)","background-image":"","background-repeat":"repeat","background-position":"center center","background-size":"auto","background-attachment":"scroll","background-type":"","background-media":"","overlay-type":"","overlay-color":"","overlay-opacity":"","overlay-gradient":""},"tablet":{"background-color":"var(--ast-global-color-5)","background-image":"","background-repeat":"repeat","background-position":"center center","background-size":"auto","background-attachment":"scroll","background-type":"","background-media":"","overlay-type":"","overlay-color":"","overlay-opacity":"","overlay-gradient":""},"mobile":{"background-color":"var(--ast-global-color-5)","background-image":"","background-repeat":"repeat","background-position":"center center","background-size":"auto","background-attachment":"scroll","background-type":"","background-media":"","overlay-type":"","overlay-color":"","overlay-opacity":"","overlay-gradient":""}},"_vp_format_video_url":"","_vp_image_focal_point":[]},"product_brand":[],"product_cat":[70,71,17],"product_tag":[198,214,215,217,216],"class_list":{"0":"post-11354","1":"product","2":"type-product","3":"status-publish","4":"has-post-thumbnail","6":"product_cat-puertas-de-paso","7":"product_cat-vidrio-puertas-de-paso","8":"product_cat-productos","9":"product_tag-ducasse","10":"product_tag-puerta-corredera","11":"product_tag-puerta-corrediza","12":"product_tag-puerta-de-paso","13":"product_tag-sistema-corredero","14":"desktop-align-left","15":"tablet-align-left","16":"mobile-align-left","17":"ast-product-gallery-layout-horizontal","18":"ast-product-tabs-layout-horizontal","20":"first","21":"instock","22":"sold-individually","23":"purchasable","24":"product-type-simple"},"aioseo_notices":[],"uagb_featured_image_src":{"full":["https:\/\/ducasseindustrial.com\/co\/wp-content\/uploads\/sites\/19\/2022\/07\/d-slide-80.jpg",2000,2000,false],"thumbnail":["https:\/\/ducasseindustrial.com\/co\/wp-content\/uploads\/sites\/19\/2022\/07\/d-slide-80-300x300.jpg",300,300,true],"medium":["https:\/\/ducasseindustrial.com\/co\/wp-content\/uploads\/sites\/19\/2022\/07\/d-slide-80-600x600.jpg",600,600,true],"medium_large":["https:\/\/ducasseindustrial.com\/co\/wp-content\/uploads\/sites\/19\/2022\/07\/d-slide-80-768x768.jpg",768,768,true],"large":["https:\/\/ducasseindustrial.com\/co\/wp-content\/uploads\/sites\/19\/2022\/07\/d-slide-80-1024x1024.jpg",1024,1024,true],"1536x1536":["https:\/\/ducasseindustrial.com\/co\/wp-content\/uploads\/sites\/19\/2022\/07\/d-slide-80-1536x1536.jpg",1536,1536,true],"2048x2048":["https:\/\/ducasseindustrial.com\/co\/wp-content\/uploads\/sites\/19\/2022\/07\/d-slide-80.jpg",2000,2000,false],"vp_sm":["https:\/\/ducasseindustrial.com\/co\/wp-content\/uploads\/sites\/19\/2022\/07\/d-slide-80-500x500.jpg",500,500,true],"vp_md":["https:\/\/ducasseindustrial.com\/co\/wp-content\/uploads\/sites\/19\/2022\/07\/d-slide-80-800x800.jpg",800,800,true],"vp_lg":["https:\/\/ducasseindustrial.com\/co\/wp-content\/uploads\/sites\/19\/2022\/07\/d-slide-80-1280x1280.jpg",1280,1280,true],"vp_xl":["https:\/\/ducasseindustrial.com\/co\/wp-content\/uploads\/sites\/19\/2022\/07\/d-slide-80-1920x1920.jpg",1920,1920,true],"vp_sm_popup":["https:\/\/ducasseindustrial.com\/co\/wp-content\/uploads\/sites\/19\/2022\/07\/d-slide-80-500x500.jpg",500,500,true],"vp_md_popup":["https:\/\/ducasseindustrial.com\/co\/wp-content\/uploads\/sites\/19\/2022\/07\/d-slide-80-800x800.jpg",800,800,true],"vp_xl_popup":["https:\/\/ducasseindustrial.com\/co\/wp-content\/uploads\/sites\/19\/2022\/07\/d-slide-80-1920x1920.jpg",1920,1920,true],"woocommerce_thumbnail":["https:\/\/ducasseindustrial.com\/co\/wp-content\/uploads\/sites\/19\/2022\/07\/d-slide-80-300x300.jpg",300,300,true],"woocommerce_single":["https:\/\/ducasseindustrial.com\/co\/wp-content\/uploads\/sites\/19\/2022\/07\/d-slide-80-1024x1024.jpg",1024,1024,true],"woocommerce_gallery_thumbnail":["https:\/\/ducasseindustrial.com\/co\/wp-content\/uploads\/sites\/19\/2022\/07\/d-slide-80-100x100.jpg",100,100,true],"variation_swatches_image_size":["https:\/\/ducasseindustrial.com\/co\/wp-content\/uploads\/sites\/19\/2022\/07\/d-slide-80.jpg",50,50,false],"variation_swatches_tooltip_size":["https:\/\/ducasseindustrial.com\/co\/wp-content\/uploads\/sites\/19\/2022\/07\/d-slide-80.jpg",100,100,false]},"uagb_author_info":{"display_name":"emunoz","author_link":"https:\/\/ducasseindustrial.com\/co\/author\/"},"uagb_comment_info":0,"uagb_excerpt":"Sistema corredizo para puertas de vidrio con capacidad de carga desde 60 hasta 80 KG, riel de aluminio anodizado y gu\u00eda al piso. Se instala dentro del riel entregando una terminaci\u00f3n m\u00e1s limpia y ocultando la mordaza en su interior. Permite incorporar cierre suave con Easy Soft D-Slide 80.","_links":{"self":[{"href":"https:\/\/ducasseindustrial.com\/co\/wp-json\/wp\/v2\/product\/11354","targetHints":{"allow":["GET"]}}],"collection":[{"href":"https:\/\/ducasseindustrial.com\/co\/wp-json\/wp\/v2\/product"}],"about":[{"href":"https:\/\/ducasseindustrial.com\/co\/wp-json\/wp\/v2\/types\/product"}],"replies":[{"embeddable":true,"href":"https:\/\/ducasseindustrial.com\/co\/wp-json\/wp\/v2\/comments?post=11354"}],"version-history":[{"count":2,"href":"https:\/\/ducasseindustrial.com\/co\/wp-json\/wp\/v2\/product\/11354\/revisions"}],"predecessor-version":[{"id":11358,"href":"https:\/\/ducasseindustrial.com\/co\/wp-json\/wp\/v2\/product\/11354\/revisions\/11358"}],"wp:featuredmedia":[{"embeddable":true,"href":"https:\/\/ducasseindustrial.com\/co\/wp-json\/wp\/v2\/media\/11356"}],"wp:attachment":[{"href":"https:\/\/ducasseindustrial.com\/co\/wp-json\/wp\/v2\/media?parent=11354"}],"wp:term":[{"taxonomy":"product_brand","embeddable":true,"href":"https:\/\/ducasseindustrial.com\/co\/wp-json\/wp\/v2\/product_brand?post=11354"},{"taxonomy":"product_cat","embeddable":true,"href":"https:\/\/ducasseindustrial.com\/co\/wp-json\/wp\/v2\/product_cat?post=11354"},{"taxonomy":"product_tag","embeddable":true,"href":"https:\/\/ducasseindustrial.com\/co\/wp-json\/wp\/v2\/product_tag?post=11354"}],"curies":[{"name":"wp","href":"https:\/\/api.w.org\/{rel}","templated":true}]}}