{"id":7609,"date":"2020-11-10T07:06:36","date_gmt":"2020-11-10T11:06:36","guid":{"rendered":"https:\/\/ducasseindustrial.com\/co\/product\/cd-50-cxr\/"},"modified":"2022-06-03T11:15:32","modified_gmt":"2022-06-03T15:15:32","slug":"cd-50-cxr","status":"publish","type":"product","link":"https:\/\/ducasseindustrial.com\/co\/product\/cd-50-cxr\/","title":{"rendered":"CD 50 CXR"},"content":{"rendered":"<p>Sistema corredizo al piso para puertas de cl\u00f3set. Permite instalaci\u00f3n embutida o sobrepuesta, ajustando la separaci\u00f3n de traslape entre puertas. Posee regulaci\u00f3n tanto en su instalaci\u00f3n sobrepuesta como embutida. Carro con sistema antidescarrilamiento. Se utiliza con perfil gu\u00eda AL CD-50 y dependiendo del requerimiento de su dise\u00f1o puede ser utilizado con: Riel AL CD-50 CX, Riel Doble CX -30, Riel Embutido CX.<\/p>\n<p>&nbsp;<\/p>\n","protected":false},"excerpt":{"rendered":"<p>Sistema corredizo al piso para puertas de cl\u00f3set. Permite instalaci\u00f3n embutida o sobrepuesta, ajustando la separaci\u00f3n de traslape entre puertas. Posee regulaci\u00f3n tanto en su instalaci\u00f3n sobrepuesta como embutida. Carro con sistema antidescarrilamiento. Se utiliza con perfil gu\u00eda AL CD-50 y dependiendo del requerimiento de su dise\u00f1o puede ser utilizado con: Riel AL CD-50 CX, [&hellip;]<\/p>\n","protected":false},"featured_media":7958,"comment_status":"closed","ping_status":"closed","template":"","meta":{"_uag_custom_page_level_css":"","site-sidebar-layout":"default","site-content-layout":"default","ast-site-content-layout":"default","site-content-style":"default","site-sidebar-style":"default","ast-global-header-display":"","ast-banner-title-visibility":"","ast-main-header-display":"","ast-hfb-above-header-display":"","ast-hfb-below-header-display":"","ast-hfb-mobile-header-display":"","site-post-title":"","ast-breadcrumbs-content":"","ast-featured-img":"","footer-sml-layout":"","theme-transparent-header-meta":"default","adv-header-id-meta":"","stick-header-meta":"default","header-above-stick-meta":"","header-main-stick-meta":"","header-below-stick-meta":"","astra-migrate-meta-layouts":"default","ast-page-background-enabled":"default","ast-page-background-meta":{"desktop":{"background-color":"var(--ast-global-color-4)","background-image":"","background-repeat":"repeat","background-position":"center center","background-size":"auto","background-attachment":"scroll","background-type":"","background-media":"","overlay-type":"","overlay-color":"","overlay-opacity":"","overlay-gradient":""},"tablet":{"background-color":"","background-image":"","background-repeat":"repeat","background-position":"center center","background-size":"auto","background-attachment":"scroll","background-type":"","background-media":"","overlay-type":"","overlay-color":"","overlay-opacity":"","overlay-gradient":""},"mobile":{"background-color":"","background-image":"","background-repeat":"repeat","background-position":"center center","background-size":"auto","background-attachment":"scroll","background-type":"","background-media":"","overlay-type":"","overlay-color":"","overlay-opacity":"","overlay-gradient":""}},"ast-content-background-meta":{"desktop":{"background-color":"var(--ast-global-color-5)","background-image":"","background-repeat":"repeat","background-position":"center center","background-size":"auto","background-attachment":"scroll","background-type":"","background-media":"","overlay-type":"","overlay-color":"","overlay-opacity":"","overlay-gradient":""},"tablet":{"background-color":"var(--ast-global-color-5)","background-image":"","background-repeat":"repeat","background-position":"center center","background-size":"auto","background-attachment":"scroll","background-type":"","background-media":"","overlay-type":"","overlay-color":"","overlay-opacity":"","overlay-gradient":""},"mobile":{"background-color":"var(--ast-global-color-5)","background-image":"","background-repeat":"repeat","background-position":"center center","background-size":"auto","background-attachment":"scroll","background-type":"","background-media":"","overlay-type":"","overlay-color":"","overlay-opacity":"","overlay-gradient":""}},"_vp_format_video_url":"","_vp_image_focal_point":[]},"product_brand":[],"product_cat":[227,276,17],"product_tag":[282,280,281,230,207,231,198,199,206,277,278],"class_list":{"0":"post-7609","1":"product","2":"type-product","3":"status-publish","4":"has-post-thumbnail","6":"product_cat-closet","7":"product_cat-sistemas-al-piso","8":"product_cat-productos","9":"product_tag-antidescarrilamiento","10":"product_tag-cd-50","11":"product_tag-cd50","12":"product_tag-closet","13":"product_tag-corredera","14":"product_tag-corredizo","15":"product_tag-ducasse","16":"product_tag-industrial","17":"product_tag-puerta","18":"product_tag-silencioso","19":"product_tag-suave","20":"desktop-align-left","21":"tablet-align-left","22":"mobile-align-left","23":"ast-product-gallery-layout-horizontal","24":"ast-product-tabs-layout-horizontal","26":"first","27":"instock","28":"sold-individually","29":"purchasable","30":"product-type-simple"},"aioseo_notices":[],"uagb_featured_image_src":{"full":["https:\/\/ducasseindustrial.com\/co\/wp-content\/uploads\/sites\/19\/2020\/09\/CO_10100106553_IMG_PROD1_BL.jpg",1920,1080,false],"thumbnail":["https:\/\/ducasseindustrial.com\/co\/wp-content\/uploads\/sites\/19\/2020\/09\/CO_10100106553_IMG_PROD1_BL-300x300.jpg",300,300,true],"medium":["https:\/\/ducasseindustrial.com\/co\/wp-content\/uploads\/sites\/19\/2020\/09\/CO_10100106553_IMG_PROD1_BL-600x338.jpg",600,338,true],"medium_large":["https:\/\/ducasseindustrial.com\/co\/wp-content\/uploads\/sites\/19\/2020\/09\/CO_10100106553_IMG_PROD1_BL-768x432.jpg",768,432,true],"large":["https:\/\/ducasseindustrial.com\/co\/wp-content\/uploads\/sites\/19\/2020\/09\/CO_10100106553_IMG_PROD1_BL-1024x576.jpg",1024,576,true],"1536x1536":["https:\/\/ducasseindustrial.com\/co\/wp-content\/uploads\/sites\/19\/2020\/09\/CO_10100106553_IMG_PROD1_BL-1536x864.jpg",1536,864,true],"2048x2048":["https:\/\/ducasseindustrial.com\/co\/wp-content\/uploads\/sites\/19\/2020\/09\/CO_10100106553_IMG_PROD1_BL.jpg",1920,1080,false],"vp_sm":["https:\/\/ducasseindustrial.com\/co\/wp-content\/uploads\/sites\/19\/2020\/09\/CO_10100106553_IMG_PROD1_BL-500x281.jpg",500,281,true],"vp_md":["https:\/\/ducasseindustrial.com\/co\/wp-content\/uploads\/sites\/19\/2020\/09\/CO_10100106553_IMG_PROD1_BL-800x450.jpg",800,450,true],"vp_lg":["https:\/\/ducasseindustrial.com\/co\/wp-content\/uploads\/sites\/19\/2020\/09\/CO_10100106553_IMG_PROD1_BL-1280x720.jpg",1280,720,true],"vp_xl":["https:\/\/ducasseindustrial.com\/co\/wp-content\/uploads\/sites\/19\/2020\/09\/CO_10100106553_IMG_PROD1_BL.jpg",1920,1080,false],"vp_sm_popup":["https:\/\/ducasseindustrial.com\/co\/wp-content\/uploads\/sites\/19\/2020\/09\/CO_10100106553_IMG_PROD1_BL-500x281.jpg",500,281,true],"vp_md_popup":["https:\/\/ducasseindustrial.com\/co\/wp-content\/uploads\/sites\/19\/2020\/09\/CO_10100106553_IMG_PROD1_BL-800x450.jpg",800,450,true],"vp_xl_popup":["https:\/\/ducasseindustrial.com\/co\/wp-content\/uploads\/sites\/19\/2020\/09\/CO_10100106553_IMG_PROD1_BL.jpg",1920,1080,false],"woocommerce_thumbnail":["https:\/\/ducasseindustrial.com\/co\/wp-content\/uploads\/sites\/19\/2020\/09\/CO_10100106553_IMG_PROD1_BL-300x300.jpg",300,300,true],"woocommerce_single":["https:\/\/ducasseindustrial.com\/co\/wp-content\/uploads\/sites\/19\/2020\/09\/CO_10100106553_IMG_PROD1_BL-1024x576.jpg",1024,576,true],"woocommerce_gallery_thumbnail":["https:\/\/ducasseindustrial.com\/co\/wp-content\/uploads\/sites\/19\/2020\/09\/CO_10100106553_IMG_PROD1_BL-100x100.jpg",100,100,true],"variation_swatches_image_size":["https:\/\/ducasseindustrial.com\/co\/wp-content\/uploads\/sites\/19\/2020\/09\/CO_10100106553_IMG_PROD1_BL.jpg",50,28,false],"variation_swatches_tooltip_size":["https:\/\/ducasseindustrial.com\/co\/wp-content\/uploads\/sites\/19\/2020\/09\/CO_10100106553_IMG_PROD1_BL.jpg",100,56,false]},"uagb_author_info":{"display_name":"user","author_link":"https:\/\/ducasseindustrial.com\/co\/author\/"},"uagb_comment_info":0,"uagb_excerpt":"Sistema corredizo al piso para puertas de cl\u00f3set. Permite instalaci\u00f3n embutida o sobrepuesta, ajustando la separaci\u00f3n de traslape entre puertas. Posee regulaci\u00f3n tanto en su instalaci\u00f3n sobrepuesta como embutida. Carro con sistema antidescarrilamiento. Se utiliza con perfil gu\u00eda AL CD-50 y dependiendo del requerimiento de su dise\u00f1o puede ser utilizado con: Riel AL CD-50 CX,&hellip;","_links":{"self":[{"href":"https:\/\/ducasseindustrial.com\/co\/wp-json\/wp\/v2\/product\/7609","targetHints":{"allow":["GET"]}}],"collection":[{"href":"https:\/\/ducasseindustrial.com\/co\/wp-json\/wp\/v2\/product"}],"about":[{"href":"https:\/\/ducasseindustrial.com\/co\/wp-json\/wp\/v2\/types\/product"}],"replies":[{"embeddable":true,"href":"https:\/\/ducasseindustrial.com\/co\/wp-json\/wp\/v2\/comments?post=7609"}],"version-history":[{"count":3,"href":"https:\/\/ducasseindustrial.com\/co\/wp-json\/wp\/v2\/product\/7609\/revisions"}],"predecessor-version":[{"id":11325,"href":"https:\/\/ducasseindustrial.com\/co\/wp-json\/wp\/v2\/product\/7609\/revisions\/11325"}],"wp:featuredmedia":[{"embeddable":true,"href":"https:\/\/ducasseindustrial.com\/co\/wp-json\/wp\/v2\/media\/7958"}],"wp:attachment":[{"href":"https:\/\/ducasseindustrial.com\/co\/wp-json\/wp\/v2\/media?parent=7609"}],"wp:term":[{"taxonomy":"product_brand","embeddable":true,"href":"https:\/\/ducasseindustrial.com\/co\/wp-json\/wp\/v2\/product_brand?post=7609"},{"taxonomy":"product_cat","embeddable":true,"href":"https:\/\/ducasseindustrial.com\/co\/wp-json\/wp\/v2\/product_cat?post=7609"},{"taxonomy":"product_tag","embeddable":true,"href":"https:\/\/ducasseindustrial.com\/co\/wp-json\/wp\/v2\/product_tag?post=7609"}],"curies":[{"name":"wp","href":"https:\/\/api.w.org\/{rel}","templated":true}]}}