{"id":9227,"date":"2020-11-10T07:06:45","date_gmt":"2020-11-10T11:06:45","guid":{"rendered":"https:\/\/ducasseindustrial.com\/co\/product\/set-percha-infantil-del-bosque\/"},"modified":"2020-11-10T07:06:48","modified_gmt":"2020-11-10T11:06:48","slug":"set-percha-infantil-del-bosque","status":"publish","type":"product","link":"https:\/\/ducasseindustrial.com\/co\/product\/set-percha-infantil-del-bosque\/","title":{"rendered":"SET PERCHA INFANTIL DEL BOSQUE"},"content":{"rendered":"<p>Set de 2 perchas con atractivos imanes de dise\u00f1os infantiles, fabricada en acero de 1,2 mm revestido en pintura blanca brillante no t\u00f3xica e incluye fijaciones para muro solido y ligero. Especialmente dise\u00f1adas para cualquier tipo de espacio infantil. Disponibles 4 set con imanes diferentes que permiten ser combinados entre ellos.<\/p>\n<p>&nbsp;<\/p>\n","protected":false},"excerpt":{"rendered":"<p>Set de 2 perchas con atractivos imanes de dise\u00f1os infantiles, fabricada en acero de 1,2 mm revestido en pintura blanca brillante no t\u00f3xica e incluye fijaciones para muro solido y ligero. Especialmente dise\u00f1adas para cualquier tipo de espacio infantil. Disponibles 4 set con imanes diferentes que permiten ser combinados entre ellos. &nbsp;<\/p>\n","protected":false},"featured_media":9230,"comment_status":"closed","ping_status":"open","template":"","meta":{"_uag_custom_page_level_css":"","site-sidebar-layout":"default","site-content-layout":"","ast-site-content-layout":"default","site-content-style":"default","site-sidebar-style":"default","ast-global-header-display":"","ast-banner-title-visibility":"","ast-main-header-display":"","ast-hfb-above-header-display":"","ast-hfb-below-header-display":"","ast-hfb-mobile-header-display":"","site-post-title":"","ast-breadcrumbs-content":"","ast-featured-img":"","footer-sml-layout":"","theme-transparent-header-meta":"","adv-header-id-meta":"","stick-header-meta":"","header-above-stick-meta":"","header-main-stick-meta":"","header-below-stick-meta":"","astra-migrate-meta-layouts":"default","ast-page-background-enabled":"default","ast-page-background-meta":{"desktop":{"background-color":"var(--ast-global-color-4)","background-image":"","background-repeat":"repeat","background-position":"center center","background-size":"auto","background-attachment":"scroll","background-type":"","background-media":"","overlay-type":"","overlay-color":"","overlay-opacity":"","overlay-gradient":""},"tablet":{"background-color":"","background-image":"","background-repeat":"repeat","background-position":"center center","background-size":"auto","background-attachment":"scroll","background-type":"","background-media":"","overlay-type":"","overlay-color":"","overlay-opacity":"","overlay-gradient":""},"mobile":{"background-color":"","background-image":"","background-repeat":"repeat","background-position":"center center","background-size":"auto","background-attachment":"scroll","background-type":"","background-media":"","overlay-type":"","overlay-color":"","overlay-opacity":"","overlay-gradient":""}},"ast-content-background-meta":{"desktop":{"background-color":"var(--ast-global-color-5)","background-image":"","background-repeat":"repeat","background-position":"center center","background-size":"auto","background-attachment":"scroll","background-type":"","background-media":"","overlay-type":"","overlay-color":"","overlay-opacity":"","overlay-gradient":""},"tablet":{"background-color":"var(--ast-global-color-5)","background-image":"","background-repeat":"repeat","background-position":"center center","background-size":"auto","background-attachment":"scroll","background-type":"","background-media":"","overlay-type":"","overlay-color":"","overlay-opacity":"","overlay-gradient":""},"mobile":{"background-color":"var(--ast-global-color-5)","background-image":"","background-repeat":"repeat","background-position":"center center","background-size":"auto","background-attachment":"scroll","background-type":"","background-media":"","overlay-type":"","overlay-color":"","overlay-opacity":"","overlay-gradient":""}},"_vp_format_video_url":"","_vp_image_focal_point":[]},"product_brand":[],"product_cat":[17,53,58],"product_tag":[85,83,84],"class_list":{"0":"post-9227","1":"product","2":"type-product","3":"status-publish","4":"has-post-thumbnail","6":"product_cat-productos","7":"product_cat-organizacion","8":"product_cat-mundo_infantil","9":"product_tag-organizacion","10":"product_tag-perchas","11":"product_tag-percheros","12":"desktop-align-left","13":"tablet-align-left","14":"mobile-align-left","15":"ast-product-gallery-layout-horizontal","16":"ast-product-tabs-layout-horizontal","18":"first","19":"instock","20":"sold-individually","21":"purchasable","22":"product-type-simple"},"aioseo_notices":[],"uagb_featured_image_src":{"full":["https:\/\/ducasseindustrial.com\/co\/wp-content\/uploads\/sites\/19\/2020\/11\/CO_10101244000_img_prod1_bl.jpg",1920,1080,false],"thumbnail":["https:\/\/ducasseindustrial.com\/co\/wp-content\/uploads\/sites\/19\/2020\/11\/CO_10101244000_img_prod1_bl-300x300.jpg",300,300,true],"medium":["https:\/\/ducasseindustrial.com\/co\/wp-content\/uploads\/sites\/19\/2020\/11\/CO_10101244000_img_prod1_bl-600x338.jpg",600,338,true],"medium_large":["https:\/\/ducasseindustrial.com\/co\/wp-content\/uploads\/sites\/19\/2020\/11\/CO_10101244000_img_prod1_bl-768x432.jpg",768,432,true],"large":["https:\/\/ducasseindustrial.com\/co\/wp-content\/uploads\/sites\/19\/2020\/11\/CO_10101244000_img_prod1_bl-1024x576.jpg",1024,576,true],"1536x1536":["https:\/\/ducasseindustrial.com\/co\/wp-content\/uploads\/sites\/19\/2020\/11\/CO_10101244000_img_prod1_bl-1536x864.jpg",1536,864,true],"2048x2048":["https:\/\/ducasseindustrial.com\/co\/wp-content\/uploads\/sites\/19\/2020\/11\/CO_10101244000_img_prod1_bl.jpg",1920,1080,false],"vp_sm":["https:\/\/ducasseindustrial.com\/co\/wp-content\/uploads\/sites\/19\/2020\/11\/CO_10101244000_img_prod1_bl-500x281.jpg",500,281,true],"vp_md":["https:\/\/ducasseindustrial.com\/co\/wp-content\/uploads\/sites\/19\/2020\/11\/CO_10101244000_img_prod1_bl-800x450.jpg",800,450,true],"vp_lg":["https:\/\/ducasseindustrial.com\/co\/wp-content\/uploads\/sites\/19\/2020\/11\/CO_10101244000_img_prod1_bl-1280x720.jpg",1280,720,true],"vp_xl":["https:\/\/ducasseindustrial.com\/co\/wp-content\/uploads\/sites\/19\/2020\/11\/CO_10101244000_img_prod1_bl.jpg",1920,1080,false],"vp_sm_popup":["https:\/\/ducasseindustrial.com\/co\/wp-content\/uploads\/sites\/19\/2020\/11\/CO_10101244000_img_prod1_bl-500x281.jpg",500,281,true],"vp_md_popup":["https:\/\/ducasseindustrial.com\/co\/wp-content\/uploads\/sites\/19\/2020\/11\/CO_10101244000_img_prod1_bl-800x450.jpg",800,450,true],"vp_xl_popup":["https:\/\/ducasseindustrial.com\/co\/wp-content\/uploads\/sites\/19\/2020\/11\/CO_10101244000_img_prod1_bl.jpg",1920,1080,false],"woocommerce_thumbnail":["https:\/\/ducasseindustrial.com\/co\/wp-content\/uploads\/sites\/19\/2020\/11\/CO_10101244000_img_prod1_bl-300x300.jpg",300,300,true],"woocommerce_single":["https:\/\/ducasseindustrial.com\/co\/wp-content\/uploads\/sites\/19\/2020\/11\/CO_10101244000_img_prod1_bl-1024x576.jpg",1024,576,true],"woocommerce_gallery_thumbnail":["https:\/\/ducasseindustrial.com\/co\/wp-content\/uploads\/sites\/19\/2020\/11\/CO_10101244000_img_prod1_bl-100x100.jpg",100,100,true],"variation_swatches_image_size":["https:\/\/ducasseindustrial.com\/co\/wp-content\/uploads\/sites\/19\/2020\/11\/CO_10101244000_img_prod1_bl.jpg",50,28,false],"variation_swatches_tooltip_size":["https:\/\/ducasseindustrial.com\/co\/wp-content\/uploads\/sites\/19\/2020\/11\/CO_10101244000_img_prod1_bl.jpg",100,56,false]},"uagb_author_info":{"display_name":"user","author_link":"https:\/\/ducasseindustrial.com\/co\/author\/"},"uagb_comment_info":0,"uagb_excerpt":"Set de 2 perchas con atractivos imanes de dise\u00f1os infantiles, fabricada en acero de 1,2 mm revestido en pintura blanca brillante no t\u00f3xica e incluye fijaciones para muro solido y ligero. Especialmente dise\u00f1adas para cualquier tipo de espacio infantil. Disponibles 4 set con imanes diferentes que permiten ser combinados entre ellos. &nbsp;","_links":{"self":[{"href":"https:\/\/ducasseindustrial.com\/co\/wp-json\/wp\/v2\/product\/9227","targetHints":{"allow":["GET"]}}],"collection":[{"href":"https:\/\/ducasseindustrial.com\/co\/wp-json\/wp\/v2\/product"}],"about":[{"href":"https:\/\/ducasseindustrial.com\/co\/wp-json\/wp\/v2\/types\/product"}],"replies":[{"embeddable":true,"href":"https:\/\/ducasseindustrial.com\/co\/wp-json\/wp\/v2\/comments?post=9227"}],"version-history":[{"count":1,"href":"https:\/\/ducasseindustrial.com\/co\/wp-json\/wp\/v2\/product\/9227\/revisions"}],"predecessor-version":[{"id":9228,"href":"https:\/\/ducasseindustrial.com\/co\/wp-json\/wp\/v2\/product\/9227\/revisions\/9228"}],"wp:featuredmedia":[{"embeddable":true,"href":"https:\/\/ducasseindustrial.com\/co\/wp-json\/wp\/v2\/media\/9230"}],"wp:attachment":[{"href":"https:\/\/ducasseindustrial.com\/co\/wp-json\/wp\/v2\/media?parent=9227"}],"wp:term":[{"taxonomy":"product_brand","embeddable":true,"href":"https:\/\/ducasseindustrial.com\/co\/wp-json\/wp\/v2\/product_brand?post=9227"},{"taxonomy":"product_cat","embeddable":true,"href":"https:\/\/ducasseindustrial.com\/co\/wp-json\/wp\/v2\/product_cat?post=9227"},{"taxonomy":"product_tag","embeddable":true,"href":"https:\/\/ducasseindustrial.com\/co\/wp-json\/wp\/v2\/product_tag?post=9227"}],"curies":[{"name":"wp","href":"https:\/\/api.w.org\/{rel}","templated":true}]}}