{"id":9300,"date":"2020-11-10T07:06:59","date_gmt":"2020-11-10T11:06:59","guid":{"rendered":"https:\/\/ducasseindustrial.com\/co\/product\/percha-vagon\/"},"modified":"2020-11-10T07:07:01","modified_gmt":"2020-11-10T11:07:01","slug":"percha-vagon","status":"publish","type":"product","link":"https:\/\/ducasseindustrial.com\/co\/product\/percha-vagon\/","title":{"rendered":"PERCHA VAG\u00d3N"},"content":{"rendered":"<p>Percha decorativa vag\u00f3n para espacios infantiles fabricada en acero de 1,5mm de espesor, revestido en pintura no t\u00f3xica color blanco brillante. Incluye fijaciones para muro s\u00f3lido y ligero. El dise\u00f1o del vag\u00f3n se complementa con la locomotra permitiendo agregar los vagones que se estime conveniente seg\u00fan cada necesidad.<\/p>\n<p>&nbsp;<\/p>\n","protected":false},"excerpt":{"rendered":"<p>Percha decorativa vag\u00f3n para espacios infantiles fabricada en acero de 1,5mm de espesor, revestido en pintura no t\u00f3xica color blanco brillante. Incluye fijaciones para muro s\u00f3lido y ligero. El dise\u00f1o del vag\u00f3n se complementa con la locomotra permitiendo agregar los vagones que se estime conveniente seg\u00fan cada necesidad. &nbsp;<\/p>\n","protected":false},"featured_media":9303,"comment_status":"closed","ping_status":"open","template":"","meta":{"_uag_custom_page_level_css":"","site-sidebar-layout":"default","site-content-layout":"","ast-site-content-layout":"default","site-content-style":"default","site-sidebar-style":"default","ast-global-header-display":"","ast-banner-title-visibility":"","ast-main-header-display":"","ast-hfb-above-header-display":"","ast-hfb-below-header-display":"","ast-hfb-mobile-header-display":"","site-post-title":"","ast-breadcrumbs-content":"","ast-featured-img":"","footer-sml-layout":"","theme-transparent-header-meta":"","adv-header-id-meta":"","stick-header-meta":"","header-above-stick-meta":"","header-main-stick-meta":"","header-below-stick-meta":"","astra-migrate-meta-layouts":"default","ast-page-background-enabled":"default","ast-page-background-meta":{"desktop":{"background-color":"var(--ast-global-color-4)","background-image":"","background-repeat":"repeat","background-position":"center center","background-size":"auto","background-attachment":"scroll","background-type":"","background-media":"","overlay-type":"","overlay-color":"","overlay-opacity":"","overlay-gradient":""},"tablet":{"background-color":"","background-image":"","background-repeat":"repeat","background-position":"center center","background-size":"auto","background-attachment":"scroll","background-type":"","background-media":"","overlay-type":"","overlay-color":"","overlay-opacity":"","overlay-gradient":""},"mobile":{"background-color":"","background-image":"","background-repeat":"repeat","background-position":"center center","background-size":"auto","background-attachment":"scroll","background-type":"","background-media":"","overlay-type":"","overlay-color":"","overlay-opacity":"","overlay-gradient":""}},"ast-content-background-meta":{"desktop":{"background-color":"var(--ast-global-color-5)","background-image":"","background-repeat":"repeat","background-position":"center center","background-size":"auto","background-attachment":"scroll","background-type":"","background-media":"","overlay-type":"","overlay-color":"","overlay-opacity":"","overlay-gradient":""},"tablet":{"background-color":"var(--ast-global-color-5)","background-image":"","background-repeat":"repeat","background-position":"center center","background-size":"auto","background-attachment":"scroll","background-type":"","background-media":"","overlay-type":"","overlay-color":"","overlay-opacity":"","overlay-gradient":""},"mobile":{"background-color":"var(--ast-global-color-5)","background-image":"","background-repeat":"repeat","background-position":"center center","background-size":"auto","background-attachment":"scroll","background-type":"","background-media":"","overlay-type":"","overlay-color":"","overlay-opacity":"","overlay-gradient":""}},"_vp_format_video_url":"","_vp_image_focal_point":[]},"product_brand":[],"product_cat":[17,53,58],"product_tag":[86,85,83,84],"class_list":{"0":"post-9300","1":"product","2":"type-product","3":"status-publish","4":"has-post-thumbnail","6":"product_cat-productos","7":"product_cat-organizacion","8":"product_cat-mundo_infantil","9":"product_tag-decoracion-infantil","10":"product_tag-organizacion","11":"product_tag-perchas","12":"product_tag-percheros","13":"desktop-align-left","14":"tablet-align-left","15":"mobile-align-left","16":"ast-product-gallery-layout-horizontal","17":"ast-product-single-variable","18":"ast-product-tabs-layout-horizontal","20":"first","21":"instock","22":"sold-individually","23":"purchasable","24":"product-type-variable"},"aioseo_notices":[],"uagb_featured_image_src":{"full":["https:\/\/ducasseindustrial.com\/co\/wp-content\/uploads\/sites\/19\/2020\/11\/CO_10101244015_img_prod1_bl.jpg",1200,1200,false],"thumbnail":["https:\/\/ducasseindustrial.com\/co\/wp-content\/uploads\/sites\/19\/2020\/11\/CO_10101244015_img_prod1_bl-300x300.jpg",300,300,true],"medium":["https:\/\/ducasseindustrial.com\/co\/wp-content\/uploads\/sites\/19\/2020\/11\/CO_10101244015_img_prod1_bl-600x600.jpg",600,600,true],"medium_large":["https:\/\/ducasseindustrial.com\/co\/wp-content\/uploads\/sites\/19\/2020\/11\/CO_10101244015_img_prod1_bl-768x768.jpg",768,768,true],"large":["https:\/\/ducasseindustrial.com\/co\/wp-content\/uploads\/sites\/19\/2020\/11\/CO_10101244015_img_prod1_bl-1024x1024.jpg",1024,1024,true],"1536x1536":["https:\/\/ducasseindustrial.com\/co\/wp-content\/uploads\/sites\/19\/2020\/11\/CO_10101244015_img_prod1_bl.jpg",1200,1200,false],"2048x2048":["https:\/\/ducasseindustrial.com\/co\/wp-content\/uploads\/sites\/19\/2020\/11\/CO_10101244015_img_prod1_bl.jpg",1200,1200,false],"vp_sm":["https:\/\/ducasseindustrial.com\/co\/wp-content\/uploads\/sites\/19\/2020\/11\/CO_10101244015_img_prod1_bl-500x500.jpg",500,500,true],"vp_md":["https:\/\/ducasseindustrial.com\/co\/wp-content\/uploads\/sites\/19\/2020\/11\/CO_10101244015_img_prod1_bl-800x800.jpg",800,800,true],"vp_lg":["https:\/\/ducasseindustrial.com\/co\/wp-content\/uploads\/sites\/19\/2020\/11\/CO_10101244015_img_prod1_bl.jpg",1200,1200,false],"vp_xl":["https:\/\/ducasseindustrial.com\/co\/wp-content\/uploads\/sites\/19\/2020\/11\/CO_10101244015_img_prod1_bl.jpg",1200,1200,false],"vp_sm_popup":["https:\/\/ducasseindustrial.com\/co\/wp-content\/uploads\/sites\/19\/2020\/11\/CO_10101244015_img_prod1_bl-500x500.jpg",500,500,true],"vp_md_popup":["https:\/\/ducasseindustrial.com\/co\/wp-content\/uploads\/sites\/19\/2020\/11\/CO_10101244015_img_prod1_bl-800x800.jpg",800,800,true],"vp_xl_popup":["https:\/\/ducasseindustrial.com\/co\/wp-content\/uploads\/sites\/19\/2020\/11\/CO_10101244015_img_prod1_bl.jpg",1200,1200,false],"woocommerce_thumbnail":["https:\/\/ducasseindustrial.com\/co\/wp-content\/uploads\/sites\/19\/2020\/11\/CO_10101244015_img_prod1_bl-300x300.jpg",300,300,true],"woocommerce_single":["https:\/\/ducasseindustrial.com\/co\/wp-content\/uploads\/sites\/19\/2020\/11\/CO_10101244015_img_prod1_bl-1024x1024.jpg",1024,1024,true],"woocommerce_gallery_thumbnail":["https:\/\/ducasseindustrial.com\/co\/wp-content\/uploads\/sites\/19\/2020\/11\/CO_10101244015_img_prod1_bl-100x100.jpg",100,100,true],"variation_swatches_image_size":["https:\/\/ducasseindustrial.com\/co\/wp-content\/uploads\/sites\/19\/2020\/11\/CO_10101244015_img_prod1_bl.jpg",50,50,false],"variation_swatches_tooltip_size":["https:\/\/ducasseindustrial.com\/co\/wp-content\/uploads\/sites\/19\/2020\/11\/CO_10101244015_img_prod1_bl.jpg",100,100,false]},"uagb_author_info":{"display_name":"user","author_link":"https:\/\/ducasseindustrial.com\/co\/author\/"},"uagb_comment_info":0,"uagb_excerpt":"Percha decorativa vag\u00f3n para espacios infantiles fabricada en acero de 1,5mm de espesor, revestido en pintura no t\u00f3xica color blanco brillante. Incluye fijaciones para muro s\u00f3lido y ligero. El dise\u00f1o del vag\u00f3n se complementa con la locomotra permitiendo agregar los vagones que se estime conveniente seg\u00fan cada necesidad. &nbsp;","_links":{"self":[{"href":"https:\/\/ducasseindustrial.com\/co\/wp-json\/wp\/v2\/product\/9300","targetHints":{"allow":["GET"]}}],"collection":[{"href":"https:\/\/ducasseindustrial.com\/co\/wp-json\/wp\/v2\/product"}],"about":[{"href":"https:\/\/ducasseindustrial.com\/co\/wp-json\/wp\/v2\/types\/product"}],"replies":[{"embeddable":true,"href":"https:\/\/ducasseindustrial.com\/co\/wp-json\/wp\/v2\/comments?post=9300"}],"version-history":[{"count":1,"href":"https:\/\/ducasseindustrial.com\/co\/wp-json\/wp\/v2\/product\/9300\/revisions"}],"predecessor-version":[{"id":9301,"href":"https:\/\/ducasseindustrial.com\/co\/wp-json\/wp\/v2\/product\/9300\/revisions\/9301"}],"wp:featuredmedia":[{"embeddable":true,"href":"https:\/\/ducasseindustrial.com\/co\/wp-json\/wp\/v2\/media\/9303"}],"wp:attachment":[{"href":"https:\/\/ducasseindustrial.com\/co\/wp-json\/wp\/v2\/media?parent=9300"}],"wp:term":[{"taxonomy":"product_brand","embeddable":true,"href":"https:\/\/ducasseindustrial.com\/co\/wp-json\/wp\/v2\/product_brand?post=9300"},{"taxonomy":"product_cat","embeddable":true,"href":"https:\/\/ducasseindustrial.com\/co\/wp-json\/wp\/v2\/product_cat?post=9300"},{"taxonomy":"product_tag","embeddable":true,"href":"https:\/\/ducasseindustrial.com\/co\/wp-json\/wp\/v2\/product_tag?post=9300"}],"curies":[{"name":"wp","href":"https:\/\/api.w.org\/{rel}","templated":true}]}}