{"id":9418,"date":"2020-11-10T07:07:22","date_gmt":"2020-11-10T11:07:22","guid":{"rendered":"https:\/\/ducasseindustrial.com\/co\/product\/kit-repisa-graduable-simple\/"},"modified":"2020-11-10T07:07:27","modified_gmt":"2020-11-10T11:07:27","slug":"kit-repisa-graduable-simple","status":"publish","type":"product","link":"https:\/\/ducasseindustrial.com\/co\/product\/kit-repisa-graduable-simple\/","title":{"rendered":"KIT REPISA GRADUABLE SIMPLE"},"content":{"rendered":"<p>Sistema de organizaci\u00f3n modular y escalable con car\u00e1cter decorativo para aplicaci\u00f3n en diversos espacios del hogar. Permite almacenar y organizar diversos elementos. Se compone de 2 pilares con ranura simple, 2 bandejas met\u00e1licas y 4 soportes de enganche simple, todos fabricados en acero recubierto con pintura ep\u00f3xica que evita rayaduras y brinda mayor durabilidad. El soporte cuenta con un sistema de enganche que permite graduar la distancia entre las bandejas, sin necesidad de desinstalar los pilares. Adem\u00e1s, las bandejas no requieren fijaciones. Incluye<br \/>\nfijaciones para muro s\u00f3lido y ligero.<\/p>\n<p>&nbsp;<\/p>\n","protected":false},"excerpt":{"rendered":"<p>Sistema de organizaci\u00f3n modular y escalable con car\u00e1cter decorativo para aplicaci\u00f3n en diversos espacios del hogar. Permite almacenar y organizar diversos elementos. Se compone de 2 pilares con ranura simple, 2 bandejas met\u00e1licas y 4 soportes de enganche simple, todos fabricados en acero recubierto con pintura ep\u00f3xica que evita rayaduras y brinda mayor durabilidad. El [&hellip;]<\/p>\n","protected":false},"featured_media":9421,"comment_status":"closed","ping_status":"open","template":"","meta":{"_uag_custom_page_level_css":"","site-sidebar-layout":"default","site-content-layout":"","ast-site-content-layout":"default","site-content-style":"default","site-sidebar-style":"default","ast-global-header-display":"","ast-banner-title-visibility":"","ast-main-header-display":"","ast-hfb-above-header-display":"","ast-hfb-below-header-display":"","ast-hfb-mobile-header-display":"","site-post-title":"","ast-breadcrumbs-content":"","ast-featured-img":"","footer-sml-layout":"","theme-transparent-header-meta":"","adv-header-id-meta":"","stick-header-meta":"","header-above-stick-meta":"","header-main-stick-meta":"","header-below-stick-meta":"","astra-migrate-meta-layouts":"default","ast-page-background-enabled":"default","ast-page-background-meta":{"desktop":{"background-color":"var(--ast-global-color-4)","background-image":"","background-repeat":"repeat","background-position":"center center","background-size":"auto","background-attachment":"scroll","background-type":"","background-media":"","overlay-type":"","overlay-color":"","overlay-opacity":"","overlay-gradient":""},"tablet":{"background-color":"","background-image":"","background-repeat":"repeat","background-position":"center center","background-size":"auto","background-attachment":"scroll","background-type":"","background-media":"","overlay-type":"","overlay-color":"","overlay-opacity":"","overlay-gradient":""},"mobile":{"background-color":"","background-image":"","background-repeat":"repeat","background-position":"center center","background-size":"auto","background-attachment":"scroll","background-type":"","background-media":"","overlay-type":"","overlay-color":"","overlay-opacity":"","overlay-gradient":""}},"ast-content-background-meta":{"desktop":{"background-color":"var(--ast-global-color-5)","background-image":"","background-repeat":"repeat","background-position":"center center","background-size":"auto","background-attachment":"scroll","background-type":"","background-media":"","overlay-type":"","overlay-color":"","overlay-opacity":"","overlay-gradient":""},"tablet":{"background-color":"var(--ast-global-color-5)","background-image":"","background-repeat":"repeat","background-position":"center center","background-size":"auto","background-attachment":"scroll","background-type":"","background-media":"","overlay-type":"","overlay-color":"","overlay-opacity":"","overlay-gradient":""},"mobile":{"background-color":"var(--ast-global-color-5)","background-image":"","background-repeat":"repeat","background-position":"center center","background-size":"auto","background-attachment":"scroll","background-type":"","background-media":"","overlay-type":"","overlay-color":"","overlay-opacity":"","overlay-gradient":""}},"_vp_format_video_url":"","_vp_image_focal_point":[]},"product_brand":[],"product_cat":[87,17,53],"product_tag":[89,85,88],"class_list":{"0":"post-9418","1":"product","2":"type-product","3":"status-publish","4":"has-post-thumbnail","6":"product_cat-sistema-modular","7":"product_cat-productos","8":"product_cat-organizacion","9":"product_tag-decoracion","10":"product_tag-organizacion","11":"product_tag-repisas","12":"desktop-align-left","13":"tablet-align-left","14":"mobile-align-left","15":"ast-product-gallery-layout-horizontal","16":"ast-product-single-variable","17":"ast-product-tabs-layout-horizontal","19":"first","20":"instock","21":"sold-individually","22":"purchasable","23":"product-type-variable"},"aioseo_notices":[],"uagb_featured_image_src":{"full":["https:\/\/ducasseindustrial.com\/co\/wp-content\/uploads\/sites\/19\/2020\/11\/CO_10101249720_IMG_PROD1_BL.jpg",1920,1080,false],"thumbnail":["https:\/\/ducasseindustrial.com\/co\/wp-content\/uploads\/sites\/19\/2020\/11\/CO_10101249720_IMG_PROD1_BL-300x300.jpg",300,300,true],"medium":["https:\/\/ducasseindustrial.com\/co\/wp-content\/uploads\/sites\/19\/2020\/11\/CO_10101249720_IMG_PROD1_BL-600x338.jpg",600,338,true],"medium_large":["https:\/\/ducasseindustrial.com\/co\/wp-content\/uploads\/sites\/19\/2020\/11\/CO_10101249720_IMG_PROD1_BL-768x432.jpg",768,432,true],"large":["https:\/\/ducasseindustrial.com\/co\/wp-content\/uploads\/sites\/19\/2020\/11\/CO_10101249720_IMG_PROD1_BL-1024x576.jpg",1024,576,true],"1536x1536":["https:\/\/ducasseindustrial.com\/co\/wp-content\/uploads\/sites\/19\/2020\/11\/CO_10101249720_IMG_PROD1_BL-1536x864.jpg",1536,864,true],"2048x2048":["https:\/\/ducasseindustrial.com\/co\/wp-content\/uploads\/sites\/19\/2020\/11\/CO_10101249720_IMG_PROD1_BL.jpg",1920,1080,false],"vp_sm":["https:\/\/ducasseindustrial.com\/co\/wp-content\/uploads\/sites\/19\/2020\/11\/CO_10101249720_IMG_PROD1_BL-500x281.jpg",500,281,true],"vp_md":["https:\/\/ducasseindustrial.com\/co\/wp-content\/uploads\/sites\/19\/2020\/11\/CO_10101249720_IMG_PROD1_BL-800x450.jpg",800,450,true],"vp_lg":["https:\/\/ducasseindustrial.com\/co\/wp-content\/uploads\/sites\/19\/2020\/11\/CO_10101249720_IMG_PROD1_BL-1280x720.jpg",1280,720,true],"vp_xl":["https:\/\/ducasseindustrial.com\/co\/wp-content\/uploads\/sites\/19\/2020\/11\/CO_10101249720_IMG_PROD1_BL.jpg",1920,1080,false],"vp_sm_popup":["https:\/\/ducasseindustrial.com\/co\/wp-content\/uploads\/sites\/19\/2020\/11\/CO_10101249720_IMG_PROD1_BL-500x281.jpg",500,281,true],"vp_md_popup":["https:\/\/ducasseindustrial.com\/co\/wp-content\/uploads\/sites\/19\/2020\/11\/CO_10101249720_IMG_PROD1_BL-800x450.jpg",800,450,true],"vp_xl_popup":["https:\/\/ducasseindustrial.com\/co\/wp-content\/uploads\/sites\/19\/2020\/11\/CO_10101249720_IMG_PROD1_BL.jpg",1920,1080,false],"woocommerce_thumbnail":["https:\/\/ducasseindustrial.com\/co\/wp-content\/uploads\/sites\/19\/2020\/11\/CO_10101249720_IMG_PROD1_BL-300x300.jpg",300,300,true],"woocommerce_single":["https:\/\/ducasseindustrial.com\/co\/wp-content\/uploads\/sites\/19\/2020\/11\/CO_10101249720_IMG_PROD1_BL-1024x576.jpg",1024,576,true],"woocommerce_gallery_thumbnail":["https:\/\/ducasseindustrial.com\/co\/wp-content\/uploads\/sites\/19\/2020\/11\/CO_10101249720_IMG_PROD1_BL-100x100.jpg",100,100,true],"variation_swatches_image_size":["https:\/\/ducasseindustrial.com\/co\/wp-content\/uploads\/sites\/19\/2020\/11\/CO_10101249720_IMG_PROD1_BL.jpg",50,28,false],"variation_swatches_tooltip_size":["https:\/\/ducasseindustrial.com\/co\/wp-content\/uploads\/sites\/19\/2020\/11\/CO_10101249720_IMG_PROD1_BL.jpg",100,56,false]},"uagb_author_info":{"display_name":"user","author_link":"https:\/\/ducasseindustrial.com\/co\/author\/"},"uagb_comment_info":0,"uagb_excerpt":"Sistema de organizaci\u00f3n modular y escalable con car\u00e1cter decorativo para aplicaci\u00f3n en diversos espacios del hogar. Permite almacenar y organizar diversos elementos. Se compone de 2 pilares con ranura simple, 2 bandejas met\u00e1licas y 4 soportes de enganche simple, todos fabricados en acero recubierto con pintura ep\u00f3xica que evita rayaduras y brinda mayor durabilidad. El&hellip;","_links":{"self":[{"href":"https:\/\/ducasseindustrial.com\/co\/wp-json\/wp\/v2\/product\/9418","targetHints":{"allow":["GET"]}}],"collection":[{"href":"https:\/\/ducasseindustrial.com\/co\/wp-json\/wp\/v2\/product"}],"about":[{"href":"https:\/\/ducasseindustrial.com\/co\/wp-json\/wp\/v2\/types\/product"}],"replies":[{"embeddable":true,"href":"https:\/\/ducasseindustrial.com\/co\/wp-json\/wp\/v2\/comments?post=9418"}],"version-history":[{"count":1,"href":"https:\/\/ducasseindustrial.com\/co\/wp-json\/wp\/v2\/product\/9418\/revisions"}],"predecessor-version":[{"id":9419,"href":"https:\/\/ducasseindustrial.com\/co\/wp-json\/wp\/v2\/product\/9418\/revisions\/9419"}],"wp:featuredmedia":[{"embeddable":true,"href":"https:\/\/ducasseindustrial.com\/co\/wp-json\/wp\/v2\/media\/9421"}],"wp:attachment":[{"href":"https:\/\/ducasseindustrial.com\/co\/wp-json\/wp\/v2\/media?parent=9418"}],"wp:term":[{"taxonomy":"product_brand","embeddable":true,"href":"https:\/\/ducasseindustrial.com\/co\/wp-json\/wp\/v2\/product_brand?post=9418"},{"taxonomy":"product_cat","embeddable":true,"href":"https:\/\/ducasseindustrial.com\/co\/wp-json\/wp\/v2\/product_cat?post=9418"},{"taxonomy":"product_tag","embeddable":true,"href":"https:\/\/ducasseindustrial.com\/co\/wp-json\/wp\/v2\/product_tag?post=9418"}],"curies":[{"name":"wp","href":"https:\/\/api.w.org\/{rel}","templated":true}]}}