{"id":9654,"date":"2020-11-10T07:08:51","date_gmt":"2020-11-10T11:08:51","guid":{"rendered":"https:\/\/ducasseindustrial.com\/co\/product\/dn-50-vd\/"},"modified":"2020-11-10T07:08:53","modified_gmt":"2020-11-10T11:08:53","slug":"dn-50-vd","status":"publish","type":"product","link":"https:\/\/ducasseindustrial.com\/co\/product\/dn-50-vd\/","title":{"rendered":"DN 50 VD"},"content":{"rendered":"<p>Sistema corredizo colgante para puertas de vidrio desde 15 hasta 50 kg. Excelencia en la rodadura basada en la utilizaci\u00f3n de la Tecnolog\u00eda CENTRAL DRIVE de rodamiento encapsulado central, lo que mantiene un balance perfecto en la distribuci\u00f3n de la carga en las 4 ruedas del carro. Desplazamiento suave y silencioso gracias a sus ruedas de Acetal que en combinaci\u00f3n con el riel de aluminio garantizan un funcionamiento suave por toda la vida util del carro.<\/p>\n<p>&nbsp;<\/p>\n","protected":false},"excerpt":{"rendered":"<p>Sistema corredizo colgante para puertas de vidrio desde 15 hasta 50 kg. Excelencia en la rodadura basada en la utilizaci\u00f3n de la Tecnolog\u00eda CENTRAL DRIVE de rodamiento encapsulado central, lo que mantiene un balance perfecto en la distribuci\u00f3n de la carga en las 4 ruedas del carro. Desplazamiento suave y silencioso gracias a sus ruedas [&hellip;]<\/p>\n","protected":false},"featured_media":9657,"comment_status":"closed","ping_status":"open","template":"","meta":{"_uag_custom_page_level_css":"","site-sidebar-layout":"default","site-content-layout":"","ast-site-content-layout":"default","site-content-style":"default","site-sidebar-style":"default","ast-global-header-display":"","ast-banner-title-visibility":"","ast-main-header-display":"","ast-hfb-above-header-display":"","ast-hfb-below-header-display":"","ast-hfb-mobile-header-display":"","site-post-title":"","ast-breadcrumbs-content":"","ast-featured-img":"","footer-sml-layout":"","theme-transparent-header-meta":"","adv-header-id-meta":"","stick-header-meta":"","header-above-stick-meta":"","header-main-stick-meta":"","header-below-stick-meta":"","astra-migrate-meta-layouts":"default","ast-page-background-enabled":"default","ast-page-background-meta":{"desktop":{"background-color":"var(--ast-global-color-4)","background-image":"","background-repeat":"repeat","background-position":"center center","background-size":"auto","background-attachment":"scroll","background-type":"","background-media":"","overlay-type":"","overlay-color":"","overlay-opacity":"","overlay-gradient":""},"tablet":{"background-color":"","background-image":"","background-repeat":"repeat","background-position":"center center","background-size":"auto","background-attachment":"scroll","background-type":"","background-media":"","overlay-type":"","overlay-color":"","overlay-opacity":"","overlay-gradient":""},"mobile":{"background-color":"","background-image":"","background-repeat":"repeat","background-position":"center center","background-size":"auto","background-attachment":"scroll","background-type":"","background-media":"","overlay-type":"","overlay-color":"","overlay-opacity":"","overlay-gradient":""}},"ast-content-background-meta":{"desktop":{"background-color":"var(--ast-global-color-5)","background-image":"","background-repeat":"repeat","background-position":"center center","background-size":"auto","background-attachment":"scroll","background-type":"","background-media":"","overlay-type":"","overlay-color":"","overlay-opacity":"","overlay-gradient":""},"tablet":{"background-color":"var(--ast-global-color-5)","background-image":"","background-repeat":"repeat","background-position":"center center","background-size":"auto","background-attachment":"scroll","background-type":"","background-media":"","overlay-type":"","overlay-color":"","overlay-opacity":"","overlay-gradient":""},"mobile":{"background-color":"var(--ast-global-color-5)","background-image":"","background-repeat":"repeat","background-position":"center center","background-size":"auto","background-attachment":"scroll","background-type":"","background-media":"","overlay-type":"","overlay-color":"","overlay-opacity":"","overlay-gradient":""}},"_vp_format_video_url":"","_vp_image_focal_point":[]},"product_brand":[],"product_cat":[70,71,17],"product_tag":[198,214,215,217,216],"class_list":{"0":"post-9654","1":"product","2":"type-product","3":"status-publish","4":"has-post-thumbnail","6":"product_cat-puertas-de-paso","7":"product_cat-vidrio-puertas-de-paso","8":"product_cat-productos","9":"product_tag-ducasse","10":"product_tag-puerta-corredera","11":"product_tag-puerta-corrediza","12":"product_tag-puerta-de-paso","13":"product_tag-sistema-corredero","14":"desktop-align-left","15":"tablet-align-left","16":"mobile-align-left","17":"ast-product-gallery-layout-horizontal","18":"ast-product-tabs-layout-horizontal","20":"first","21":"instock","22":"sold-individually","23":"purchasable","24":"product-type-simple"},"aioseo_notices":[],"uagb_featured_image_src":{"full":["https:\/\/ducasseindustrial.com\/co\/wp-content\/uploads\/sites\/19\/2020\/11\/CO_10100217272_IMG_PROD1_BL.jpg",1920,1080,false],"thumbnail":["https:\/\/ducasseindustrial.com\/co\/wp-content\/uploads\/sites\/19\/2020\/11\/CO_10100217272_IMG_PROD1_BL-300x300.jpg",300,300,true],"medium":["https:\/\/ducasseindustrial.com\/co\/wp-content\/uploads\/sites\/19\/2020\/11\/CO_10100217272_IMG_PROD1_BL-600x338.jpg",600,338,true],"medium_large":["https:\/\/ducasseindustrial.com\/co\/wp-content\/uploads\/sites\/19\/2020\/11\/CO_10100217272_IMG_PROD1_BL-768x432.jpg",768,432,true],"large":["https:\/\/ducasseindustrial.com\/co\/wp-content\/uploads\/sites\/19\/2020\/11\/CO_10100217272_IMG_PROD1_BL-1024x576.jpg",1024,576,true],"1536x1536":["https:\/\/ducasseindustrial.com\/co\/wp-content\/uploads\/sites\/19\/2020\/11\/CO_10100217272_IMG_PROD1_BL-1536x864.jpg",1536,864,true],"2048x2048":["https:\/\/ducasseindustrial.com\/co\/wp-content\/uploads\/sites\/19\/2020\/11\/CO_10100217272_IMG_PROD1_BL.jpg",1920,1080,false],"vp_sm":["https:\/\/ducasseindustrial.com\/co\/wp-content\/uploads\/sites\/19\/2020\/11\/CO_10100217272_IMG_PROD1_BL-500x281.jpg",500,281,true],"vp_md":["https:\/\/ducasseindustrial.com\/co\/wp-content\/uploads\/sites\/19\/2020\/11\/CO_10100217272_IMG_PROD1_BL-800x450.jpg",800,450,true],"vp_lg":["https:\/\/ducasseindustrial.com\/co\/wp-content\/uploads\/sites\/19\/2020\/11\/CO_10100217272_IMG_PROD1_BL-1280x720.jpg",1280,720,true],"vp_xl":["https:\/\/ducasseindustrial.com\/co\/wp-content\/uploads\/sites\/19\/2020\/11\/CO_10100217272_IMG_PROD1_BL.jpg",1920,1080,false],"vp_sm_popup":["https:\/\/ducasseindustrial.com\/co\/wp-content\/uploads\/sites\/19\/2020\/11\/CO_10100217272_IMG_PROD1_BL-500x281.jpg",500,281,true],"vp_md_popup":["https:\/\/ducasseindustrial.com\/co\/wp-content\/uploads\/sites\/19\/2020\/11\/CO_10100217272_IMG_PROD1_BL-800x450.jpg",800,450,true],"vp_xl_popup":["https:\/\/ducasseindustrial.com\/co\/wp-content\/uploads\/sites\/19\/2020\/11\/CO_10100217272_IMG_PROD1_BL.jpg",1920,1080,false],"woocommerce_thumbnail":["https:\/\/ducasseindustrial.com\/co\/wp-content\/uploads\/sites\/19\/2020\/11\/CO_10100217272_IMG_PROD1_BL-300x300.jpg",300,300,true],"woocommerce_single":["https:\/\/ducasseindustrial.com\/co\/wp-content\/uploads\/sites\/19\/2020\/11\/CO_10100217272_IMG_PROD1_BL-1024x576.jpg",1024,576,true],"woocommerce_gallery_thumbnail":["https:\/\/ducasseindustrial.com\/co\/wp-content\/uploads\/sites\/19\/2020\/11\/CO_10100217272_IMG_PROD1_BL-100x100.jpg",100,100,true],"variation_swatches_image_size":["https:\/\/ducasseindustrial.com\/co\/wp-content\/uploads\/sites\/19\/2020\/11\/CO_10100217272_IMG_PROD1_BL.jpg",50,28,false],"variation_swatches_tooltip_size":["https:\/\/ducasseindustrial.com\/co\/wp-content\/uploads\/sites\/19\/2020\/11\/CO_10100217272_IMG_PROD1_BL.jpg",100,56,false]},"uagb_author_info":{"display_name":"user","author_link":"https:\/\/ducasseindustrial.com\/co\/author\/"},"uagb_comment_info":0,"uagb_excerpt":"Sistema corredizo colgante para puertas de vidrio desde 15 hasta 50 kg. Excelencia en la rodadura basada en la utilizaci\u00f3n de la Tecnolog\u00eda CENTRAL DRIVE de rodamiento encapsulado central, lo que mantiene un balance perfecto en la distribuci\u00f3n de la carga en las 4 ruedas del carro. Desplazamiento suave y silencioso gracias a sus ruedas&hellip;","_links":{"self":[{"href":"https:\/\/ducasseindustrial.com\/co\/wp-json\/wp\/v2\/product\/9654","targetHints":{"allow":["GET"]}}],"collection":[{"href":"https:\/\/ducasseindustrial.com\/co\/wp-json\/wp\/v2\/product"}],"about":[{"href":"https:\/\/ducasseindustrial.com\/co\/wp-json\/wp\/v2\/types\/product"}],"replies":[{"embeddable":true,"href":"https:\/\/ducasseindustrial.com\/co\/wp-json\/wp\/v2\/comments?post=9654"}],"version-history":[{"count":1,"href":"https:\/\/ducasseindustrial.com\/co\/wp-json\/wp\/v2\/product\/9654\/revisions"}],"predecessor-version":[{"id":9655,"href":"https:\/\/ducasseindustrial.com\/co\/wp-json\/wp\/v2\/product\/9654\/revisions\/9655"}],"wp:featuredmedia":[{"embeddable":true,"href":"https:\/\/ducasseindustrial.com\/co\/wp-json\/wp\/v2\/media\/9657"}],"wp:attachment":[{"href":"https:\/\/ducasseindustrial.com\/co\/wp-json\/wp\/v2\/media?parent=9654"}],"wp:term":[{"taxonomy":"product_brand","embeddable":true,"href":"https:\/\/ducasseindustrial.com\/co\/wp-json\/wp\/v2\/product_brand?post=9654"},{"taxonomy":"product_cat","embeddable":true,"href":"https:\/\/ducasseindustrial.com\/co\/wp-json\/wp\/v2\/product_cat?post=9654"},{"taxonomy":"product_tag","embeddable":true,"href":"https:\/\/ducasseindustrial.com\/co\/wp-json\/wp\/v2\/product_tag?post=9654"}],"curies":[{"name":"wp","href":"https:\/\/api.w.org\/{rel}","templated":true}]}}