{"id":12899,"date":"2022-09-08T13:40:06","date_gmt":"2022-09-08T17:40:06","guid":{"rendered":"https:\/\/ducasseindustrial.com\/mx\/productos\/kit-repisa-graduable-simple\/"},"modified":"2022-09-08T13:40:11","modified_gmt":"2022-09-08T17:40:11","slug":"kit-repisa-graduable-simple","status":"publish","type":"product","link":"https:\/\/ducasseindustrial.com\/mx\/productos\/kit-repisa-graduable-simple\/","title":{"rendered":"KIT REPISA GRADUABLE SIMPLE"},"content":{"rendered":"<p>Sistema de organizaci\u00f3n modular y escalable con car\u00e1cter decorativo para aplicaci\u00f3n en diversos espacios del hogar tales como: cocina, sala de estar, dormitorio, etc. Permite almacenar y organizar diversos elementos. Se compone de 2 pilares con ranura simple, 2 bandejas met\u00e1licas y 4 soportes de enganche simple, todos fabricados en acero recubierto con pintura ep\u00f3xica que evita rayaduras y brinda mayor durabilidad. El soporte cuenta con un sistema de enganche que permite graduar la distancia entre las bandejas, sin necesidad de desinstalar los pilares. Adem\u00e1s, las bandejas no requieren fijaciones. Acero de 2.5 mm para los soportes y 1.9 mm para los pilares, pintados con atractivo acabo textura do mate. Incluye fijaciones para muro s\u00f3lido y ligero.<\/p>\n<p>&nbsp;<\/p>\n","protected":false},"excerpt":{"rendered":"<p>Sistema de organizaci\u00f3n modular y escalable con car\u00e1cter decorativo para aplicaci\u00f3n en diversos espacios del hogar tales como: cocina, sala de estar, dormitorio, etc. Permite almacenar y organizar diversos elementos. Se compone de 2 pilares con ranura simple, 2 bandejas met\u00e1licas y 4 soportes de enganche simple, todos fabricados en acero recubierto con pintura ep\u00f3xica [&hellip;]<\/p>\n","protected":false},"featured_media":8586,"comment_status":"closed","ping_status":"open","template":"","meta":{"_uag_custom_page_level_css":"","site-sidebar-layout":"default","site-content-layout":"","ast-site-content-layout":"default","site-content-style":"default","site-sidebar-style":"default","ast-global-header-display":"","ast-banner-title-visibility":"","ast-main-header-display":"","ast-hfb-above-header-display":"","ast-hfb-below-header-display":"","ast-hfb-mobile-header-display":"","site-post-title":"","ast-breadcrumbs-content":"","ast-featured-img":"","footer-sml-layout":"","theme-transparent-header-meta":"","adv-header-id-meta":"","stick-header-meta":"","header-above-stick-meta":"","header-main-stick-meta":"","header-below-stick-meta":"","astra-migrate-meta-layouts":"default","ast-page-background-enabled":"default","ast-page-background-meta":{"desktop":{"background-color":"var(--ast-global-color-4)","background-image":"","background-repeat":"repeat","background-position":"center center","background-size":"auto","background-attachment":"scroll","background-type":"","background-media":"","overlay-type":"","overlay-color":"","overlay-opacity":"","overlay-gradient":""},"tablet":{"background-color":"","background-image":"","background-repeat":"repeat","background-position":"center center","background-size":"auto","background-attachment":"scroll","background-type":"","background-media":"","overlay-type":"","overlay-color":"","overlay-opacity":"","overlay-gradient":""},"mobile":{"background-color":"","background-image":"","background-repeat":"repeat","background-position":"center center","background-size":"auto","background-attachment":"scroll","background-type":"","background-media":"","overlay-type":"","overlay-color":"","overlay-opacity":"","overlay-gradient":""}},"ast-content-background-meta":{"desktop":{"background-color":"var(--ast-global-color-5)","background-image":"","background-repeat":"repeat","background-position":"center center","background-size":"auto","background-attachment":"scroll","background-type":"","background-media":"","overlay-type":"","overlay-color":"","overlay-opacity":"","overlay-gradient":""},"tablet":{"background-color":"var(--ast-global-color-5)","background-image":"","background-repeat":"repeat","background-position":"center center","background-size":"auto","background-attachment":"scroll","background-type":"","background-media":"","overlay-type":"","overlay-color":"","overlay-opacity":"","overlay-gradient":""},"mobile":{"background-color":"var(--ast-global-color-5)","background-image":"","background-repeat":"repeat","background-position":"center center","background-size":"auto","background-attachment":"scroll","background-type":"","background-media":"","overlay-type":"","overlay-color":"","overlay-opacity":"","overlay-gradient":""}},"_vp_format_video_url":"","_vp_image_focal_point":[]},"product_brand":[],"product_cat":[87,17,53],"product_tag":[89,85,390,88],"class_list":{"0":"post-12899","1":"product","2":"type-product","3":"status-publish","4":"has-post-thumbnail","6":"product_cat-sistema-modular","7":"product_cat-productos","8":"product_cat-organizacion","9":"product_tag-decoracion","10":"product_tag-organizacion","11":"product_tag-repisa-modular","12":"product_tag-repisas","13":"desktop-align-left","14":"tablet-align-left","15":"mobile-align-left","16":"ast-product-gallery-layout-horizontal","17":"ast-product-single-variable","18":"ast-product-tabs-layout-horizontal","20":"first","21":"instock","22":"sold-individually","23":"purchasable","24":"product-type-variable"},"aioseo_notices":[],"uagb_featured_image_src":{"full":["https:\/\/ducasseindustrial.com\/mx\/wp-content\/uploads\/sites\/21\/2020\/09\/MX_10101249720_img_prod1_bl.png",1920,1080,false],"thumbnail":["https:\/\/ducasseindustrial.com\/mx\/wp-content\/uploads\/sites\/21\/2020\/09\/MX_10101249720_img_prod1_bl-300x300.png",300,300,true],"medium":["https:\/\/ducasseindustrial.com\/mx\/wp-content\/uploads\/sites\/21\/2020\/09\/MX_10101249720_img_prod1_bl-600x338.png",600,338,true],"medium_large":["https:\/\/ducasseindustrial.com\/mx\/wp-content\/uploads\/sites\/21\/2020\/09\/MX_10101249720_img_prod1_bl-768x432.png",768,432,true],"large":["https:\/\/ducasseindustrial.com\/mx\/wp-content\/uploads\/sites\/21\/2020\/09\/MX_10101249720_img_prod1_bl-1024x576.png",1024,576,true],"1536x1536":["https:\/\/ducasseindustrial.com\/mx\/wp-content\/uploads\/sites\/21\/2020\/09\/MX_10101249720_img_prod1_bl-1536x864.png",1536,864,true],"2048x2048":["https:\/\/ducasseindustrial.com\/mx\/wp-content\/uploads\/sites\/21\/2020\/09\/MX_10101249720_img_prod1_bl.png",1920,1080,false],"vp_sm":["https:\/\/ducasseindustrial.com\/mx\/wp-content\/uploads\/sites\/21\/2020\/09\/MX_10101249720_img_prod1_bl-500x281.png",500,281,true],"vp_md":["https:\/\/ducasseindustrial.com\/mx\/wp-content\/uploads\/sites\/21\/2020\/09\/MX_10101249720_img_prod1_bl-800x450.png",800,450,true],"vp_lg":["https:\/\/ducasseindustrial.com\/mx\/wp-content\/uploads\/sites\/21\/2020\/09\/MX_10101249720_img_prod1_bl-1280x720.png",1280,720,true],"vp_xl":["https:\/\/ducasseindustrial.com\/mx\/wp-content\/uploads\/sites\/21\/2020\/09\/MX_10101249720_img_prod1_bl.png",1920,1080,false],"vp_sm_popup":["https:\/\/ducasseindustrial.com\/mx\/wp-content\/uploads\/sites\/21\/2020\/09\/MX_10101249720_img_prod1_bl-500x281.png",500,281,true],"vp_md_popup":["https:\/\/ducasseindustrial.com\/mx\/wp-content\/uploads\/sites\/21\/2020\/09\/MX_10101249720_img_prod1_bl-800x450.png",800,450,true],"vp_xl_popup":["https:\/\/ducasseindustrial.com\/mx\/wp-content\/uploads\/sites\/21\/2020\/09\/MX_10101249720_img_prod1_bl.png",1920,1080,false],"woocommerce_thumbnail":["https:\/\/ducasseindustrial.com\/mx\/wp-content\/uploads\/sites\/21\/2020\/09\/MX_10101249720_img_prod1_bl-300x300.png",300,300,true],"woocommerce_single":["https:\/\/ducasseindustrial.com\/mx\/wp-content\/uploads\/sites\/21\/2020\/09\/MX_10101249720_img_prod1_bl-1024x576.png",1024,576,true],"woocommerce_gallery_thumbnail":["https:\/\/ducasseindustrial.com\/mx\/wp-content\/uploads\/sites\/21\/2020\/09\/MX_10101249720_img_prod1_bl-100x100.png",100,100,true],"variation_swatches_image_size":["https:\/\/ducasseindustrial.com\/mx\/wp-content\/uploads\/sites\/21\/2020\/09\/MX_10101249720_img_prod1_bl.png",50,28,false],"variation_swatches_tooltip_size":["https:\/\/ducasseindustrial.com\/mx\/wp-content\/uploads\/sites\/21\/2020\/09\/MX_10101249720_img_prod1_bl.png",100,56,false]},"uagb_author_info":{"display_name":"emunoz","author_link":"https:\/\/ducasseindustrial.com\/mx\/author\/"},"uagb_comment_info":0,"uagb_excerpt":"Sistema de organizaci\u00f3n modular y escalable con car\u00e1cter decorativo para aplicaci\u00f3n en diversos espacios del hogar tales como: cocina, sala de estar, dormitorio, etc. Permite almacenar y organizar diversos elementos. Se compone de 2 pilares con ranura simple, 2 bandejas met\u00e1licas y 4 soportes de enganche simple, todos fabricados en acero recubierto con pintura ep\u00f3xica&hellip;","_links":{"self":[{"href":"https:\/\/ducasseindustrial.com\/mx\/wp-json\/wp\/v2\/product\/12899","targetHints":{"allow":["GET"]}}],"collection":[{"href":"https:\/\/ducasseindustrial.com\/mx\/wp-json\/wp\/v2\/product"}],"about":[{"href":"https:\/\/ducasseindustrial.com\/mx\/wp-json\/wp\/v2\/types\/product"}],"replies":[{"embeddable":true,"href":"https:\/\/ducasseindustrial.com\/mx\/wp-json\/wp\/v2\/comments?post=12899"}],"version-history":[{"count":5,"href":"https:\/\/ducasseindustrial.com\/mx\/wp-json\/wp\/v2\/product\/12899\/revisions"}],"predecessor-version":[{"id":16590,"href":"https:\/\/ducasseindustrial.com\/mx\/wp-json\/wp\/v2\/product\/12899\/revisions\/16590"}],"wp:featuredmedia":[{"embeddable":true,"href":"https:\/\/ducasseindustrial.com\/mx\/wp-json\/wp\/v2\/media\/8586"}],"wp:attachment":[{"href":"https:\/\/ducasseindustrial.com\/mx\/wp-json\/wp\/v2\/media?parent=12899"}],"wp:term":[{"taxonomy":"product_brand","embeddable":true,"href":"https:\/\/ducasseindustrial.com\/mx\/wp-json\/wp\/v2\/product_brand?post=12899"},{"taxonomy":"product_cat","embeddable":true,"href":"https:\/\/ducasseindustrial.com\/mx\/wp-json\/wp\/v2\/product_cat?post=12899"},{"taxonomy":"product_tag","embeddable":true,"href":"https:\/\/ducasseindustrial.com\/mx\/wp-json\/wp\/v2\/product_tag?post=12899"}],"curies":[{"name":"wp","href":"https:\/\/api.w.org\/{rel}","templated":true}]}}