{"id":13210,"date":"2022-09-09T12:01:17","date_gmt":"2022-09-09T16:01:17","guid":{"rendered":"https:\/\/ducasseindustrial.com\/mx\/productos\/guia-doble-cx-22-al\/"},"modified":"2022-09-09T12:01:25","modified_gmt":"2022-09-09T16:01:25","slug":"guia-doble-cx-22-al","status":"publish","type":"product","link":"https:\/\/ducasseindustrial.com\/mx\/productos\/guia-doble-cx-22-al\/","title":{"rendered":"GUIA DOBLE CX-22 AL"},"content":{"rendered":"<p>Perfil gu\u00eda de aluminio para closet de doble pista para instalaci\u00f3n superior sobrepuesta, dentro del vano. Elimina la luz superior. F\u00e1cil y r\u00e1pida de instalar. Rango de espesor de puerta: 15 a 22 mm. Usar con sistemas CD-50 E Y S<\/p>\n<p>&nbsp;<\/p>\n","protected":false},"excerpt":{"rendered":"<p>Perfil gu\u00eda de aluminio para closet de doble pista para instalaci\u00f3n superior sobrepuesta, dentro del vano. Elimina la luz superior. F\u00e1cil y r\u00e1pida de instalar. Rango de espesor de puerta: 15 a 22 mm. Usar con sistemas CD-50 E Y S &nbsp;<\/p>\n","protected":false},"featured_media":10925,"comment_status":"closed","ping_status":"open","template":"","meta":{"_uag_custom_page_level_css":"","site-sidebar-layout":"default","site-content-layout":"","ast-site-content-layout":"default","site-content-style":"default","site-sidebar-style":"default","ast-global-header-display":"","ast-banner-title-visibility":"","ast-main-header-display":"","ast-hfb-above-header-display":"","ast-hfb-below-header-display":"","ast-hfb-mobile-header-display":"","site-post-title":"","ast-breadcrumbs-content":"","ast-featured-img":"","footer-sml-layout":"","theme-transparent-header-meta":"","adv-header-id-meta":"","stick-header-meta":"","header-above-stick-meta":"","header-main-stick-meta":"","header-below-stick-meta":"","astra-migrate-meta-layouts":"default","ast-page-background-enabled":"default","ast-page-background-meta":{"desktop":{"background-color":"var(--ast-global-color-4)","background-image":"","background-repeat":"repeat","background-position":"center center","background-size":"auto","background-attachment":"scroll","background-type":"","background-media":"","overlay-type":"","overlay-color":"","overlay-opacity":"","overlay-gradient":""},"tablet":{"background-color":"","background-image":"","background-repeat":"repeat","background-position":"center center","background-size":"auto","background-attachment":"scroll","background-type":"","background-media":"","overlay-type":"","overlay-color":"","overlay-opacity":"","overlay-gradient":""},"mobile":{"background-color":"","background-image":"","background-repeat":"repeat","background-position":"center center","background-size":"auto","background-attachment":"scroll","background-type":"","background-media":"","overlay-type":"","overlay-color":"","overlay-opacity":"","overlay-gradient":""}},"ast-content-background-meta":{"desktop":{"background-color":"var(--ast-global-color-5)","background-image":"","background-repeat":"repeat","background-position":"center center","background-size":"auto","background-attachment":"scroll","background-type":"","background-media":"","overlay-type":"","overlay-color":"","overlay-opacity":"","overlay-gradient":""},"tablet":{"background-color":"var(--ast-global-color-5)","background-image":"","background-repeat":"repeat","background-position":"center center","background-size":"auto","background-attachment":"scroll","background-type":"","background-media":"","overlay-type":"","overlay-color":"","overlay-opacity":"","overlay-gradient":""},"mobile":{"background-color":"var(--ast-global-color-5)","background-image":"","background-repeat":"repeat","background-position":"center center","background-size":"auto","background-attachment":"scroll","background-type":"","background-media":"","overlay-type":"","overlay-color":"","overlay-opacity":"","overlay-gradient":""}},"_vp_format_video_url":"","_vp_image_focal_point":[]},"product_brand":[],"product_cat":[227,509,508,17],"product_tag":[442,441],"class_list":{"0":"post-13210","1":"product","2":"type-product","3":"status-publish","4":"has-post-thumbnail","6":"product_cat-closet","7":"product_cat-perfiles-guia-y-cenefas","8":"product_cat-rieles","9":"product_cat-productos","10":"product_tag-guia-aereo","11":"product_tag-guia-doble","12":"desktop-align-left","13":"tablet-align-left","14":"mobile-align-left","15":"ast-product-gallery-layout-horizontal","16":"ast-product-gallery-with-no-image","17":"ast-product-single-variable","18":"ast-product-tabs-layout-horizontal","20":"first","21":"instock","22":"sold-individually","23":"purchasable","24":"product-type-variable"},"aioseo_notices":[],"uagb_featured_image_src":{"full":["https:\/\/ducasseindustrial.com\/mx\/wp-content\/uploads\/sites\/21\/2021\/07\/MX_51037020024_IMG_PROD1_BL-scaled.jpg",2560,1841,false],"thumbnail":["https:\/\/ducasseindustrial.com\/mx\/wp-content\/uploads\/sites\/21\/2021\/07\/MX_51037020024_IMG_PROD1_BL-300x300.jpg",300,300,true],"medium":["https:\/\/ducasseindustrial.com\/mx\/wp-content\/uploads\/sites\/21\/2021\/07\/MX_51037020024_IMG_PROD1_BL-600x431.jpg",600,431,true],"medium_large":["https:\/\/ducasseindustrial.com\/mx\/wp-content\/uploads\/sites\/21\/2021\/07\/MX_51037020024_IMG_PROD1_BL-768x552.jpg",768,552,true],"large":["https:\/\/ducasseindustrial.com\/mx\/wp-content\/uploads\/sites\/21\/2021\/07\/MX_51037020024_IMG_PROD1_BL-1024x736.jpg",1024,736,true],"1536x1536":["https:\/\/ducasseindustrial.com\/mx\/wp-content\/uploads\/sites\/21\/2021\/07\/MX_51037020024_IMG_PROD1_BL-1536x1104.jpg",1536,1104,true],"2048x2048":["https:\/\/ducasseindustrial.com\/mx\/wp-content\/uploads\/sites\/21\/2021\/07\/MX_51037020024_IMG_PROD1_BL-2048x1473.jpg",2048,1473,true],"vp_sm":["https:\/\/ducasseindustrial.com\/mx\/wp-content\/uploads\/sites\/21\/2021\/07\/MX_51037020024_IMG_PROD1_BL-500x360.jpg",500,360,true],"vp_md":["https:\/\/ducasseindustrial.com\/mx\/wp-content\/uploads\/sites\/21\/2021\/07\/MX_51037020024_IMG_PROD1_BL-800x575.jpg",800,575,true],"vp_lg":["https:\/\/ducasseindustrial.com\/mx\/wp-content\/uploads\/sites\/21\/2021\/07\/MX_51037020024_IMG_PROD1_BL-1280x920.jpg",1280,920,true],"vp_xl":["https:\/\/ducasseindustrial.com\/mx\/wp-content\/uploads\/sites\/21\/2021\/07\/MX_51037020024_IMG_PROD1_BL-1920x1380.jpg",1920,1380,true],"vp_sm_popup":["https:\/\/ducasseindustrial.com\/mx\/wp-content\/uploads\/sites\/21\/2021\/07\/MX_51037020024_IMG_PROD1_BL-500x360.jpg",500,360,true],"vp_md_popup":["https:\/\/ducasseindustrial.com\/mx\/wp-content\/uploads\/sites\/21\/2021\/07\/MX_51037020024_IMG_PROD1_BL-800x575.jpg",800,575,true],"vp_xl_popup":["https:\/\/ducasseindustrial.com\/mx\/wp-content\/uploads\/sites\/21\/2021\/07\/MX_51037020024_IMG_PROD1_BL-1920x1380.jpg",1920,1380,true],"woocommerce_thumbnail":["https:\/\/ducasseindustrial.com\/mx\/wp-content\/uploads\/sites\/21\/2021\/07\/MX_51037020024_IMG_PROD1_BL-300x300.jpg",300,300,true],"woocommerce_single":["https:\/\/ducasseindustrial.com\/mx\/wp-content\/uploads\/sites\/21\/2021\/07\/MX_51037020024_IMG_PROD1_BL-1024x736.jpg",1024,736,true],"woocommerce_gallery_thumbnail":["https:\/\/ducasseindustrial.com\/mx\/wp-content\/uploads\/sites\/21\/2021\/07\/MX_51037020024_IMG_PROD1_BL-100x100.jpg",100,100,true],"variation_swatches_image_size":["https:\/\/ducasseindustrial.com\/mx\/wp-content\/uploads\/sites\/21\/2021\/07\/MX_51037020024_IMG_PROD1_BL-scaled.jpg",50,36,false],"variation_swatches_tooltip_size":["https:\/\/ducasseindustrial.com\/mx\/wp-content\/uploads\/sites\/21\/2021\/07\/MX_51037020024_IMG_PROD1_BL-scaled.jpg",100,72,false]},"uagb_author_info":{"display_name":"emunoz","author_link":"https:\/\/ducasseindustrial.com\/mx\/author\/"},"uagb_comment_info":0,"uagb_excerpt":"Perfil gu\u00eda de aluminio para closet de doble pista para instalaci\u00f3n superior sobrepuesta, dentro del vano. Elimina la luz superior. F\u00e1cil y r\u00e1pida de instalar. Rango de espesor de puerta: 15 a 22 mm. Usar con sistemas CD-50 E Y S &nbsp;","_links":{"self":[{"href":"https:\/\/ducasseindustrial.com\/mx\/wp-json\/wp\/v2\/product\/13210","targetHints":{"allow":["GET"]}}],"collection":[{"href":"https:\/\/ducasseindustrial.com\/mx\/wp-json\/wp\/v2\/product"}],"about":[{"href":"https:\/\/ducasseindustrial.com\/mx\/wp-json\/wp\/v2\/types\/product"}],"replies":[{"embeddable":true,"href":"https:\/\/ducasseindustrial.com\/mx\/wp-json\/wp\/v2\/comments?post=13210"}],"version-history":[{"count":1,"href":"https:\/\/ducasseindustrial.com\/mx\/wp-json\/wp\/v2\/product\/13210\/revisions"}],"predecessor-version":[{"id":13211,"href":"https:\/\/ducasseindustrial.com\/mx\/wp-json\/wp\/v2\/product\/13210\/revisions\/13211"}],"wp:featuredmedia":[{"embeddable":true,"href":"https:\/\/ducasseindustrial.com\/mx\/wp-json\/wp\/v2\/media\/10925"}],"wp:attachment":[{"href":"https:\/\/ducasseindustrial.com\/mx\/wp-json\/wp\/v2\/media?parent=13210"}],"wp:term":[{"taxonomy":"product_brand","embeddable":true,"href":"https:\/\/ducasseindustrial.com\/mx\/wp-json\/wp\/v2\/product_brand?post=13210"},{"taxonomy":"product_cat","embeddable":true,"href":"https:\/\/ducasseindustrial.com\/mx\/wp-json\/wp\/v2\/product_cat?post=13210"},{"taxonomy":"product_tag","embeddable":true,"href":"https:\/\/ducasseindustrial.com\/mx\/wp-json\/wp\/v2\/product_tag?post=13210"}],"curies":[{"name":"wp","href":"https:\/\/api.w.org\/{rel}","templated":true}]}}