{"id":13487,"date":"2022-09-08T13:38:53","date_gmt":"2022-09-08T17:38:53","guid":{"rendered":"https:\/\/ducasseindustrial.com\/mx\/productos\/pl-2550\/"},"modified":"2022-09-08T13:38:56","modified_gmt":"2022-09-08T17:38:56","slug":"pl-2550","status":"publish","type":"product","link":"https:\/\/ducasseindustrial.com\/mx\/productos\/pl-2550\/","title":{"rendered":"PL 2550"},"content":{"rendered":"<p>Sistema corredizo para armar 2 puertas plegables de cl\u00f3set, con costado abisagrado con bisagras de cazoleta. Montaje sobrepuesto, (de parche) lo que permite cubrir vanos de piso a cielo. Seg\u00fan la instalaci\u00f3n de carros en el riel, se pueden plegar puertas a ambos lados del vano, con instalaci\u00f3n espejo.<\/p>\n<p>&nbsp;<\/p>\n","protected":false},"excerpt":{"rendered":"<p>Sistema corredizo para armar 2 puertas plegables de cl\u00f3set, con costado abisagrado con bisagras de cazoleta. Montaje sobrepuesto, (de parche) lo que permite cubrir vanos de piso a cielo. Seg\u00fan la instalaci\u00f3n de carros en el riel, se pueden plegar puertas a ambos lados del vano, con instalaci\u00f3n espejo. &nbsp;<\/p>\n","protected":false},"featured_media":11778,"comment_status":"closed","ping_status":"open","template":"","meta":{"_uag_custom_page_level_css":"","site-sidebar-layout":"default","site-content-layout":"","ast-site-content-layout":"default","site-content-style":"default","site-sidebar-style":"default","ast-global-header-display":"","ast-banner-title-visibility":"","ast-main-header-display":"","ast-hfb-above-header-display":"","ast-hfb-below-header-display":"","ast-hfb-mobile-header-display":"","site-post-title":"","ast-breadcrumbs-content":"","ast-featured-img":"","footer-sml-layout":"","theme-transparent-header-meta":"","adv-header-id-meta":"","stick-header-meta":"","header-above-stick-meta":"","header-main-stick-meta":"","header-below-stick-meta":"","astra-migrate-meta-layouts":"default","ast-page-background-enabled":"default","ast-page-background-meta":{"desktop":{"background-color":"var(--ast-global-color-4)","background-image":"","background-repeat":"repeat","background-position":"center center","background-size":"auto","background-attachment":"scroll","background-type":"","background-media":"","overlay-type":"","overlay-color":"","overlay-opacity":"","overlay-gradient":""},"tablet":{"background-color":"","background-image":"","background-repeat":"repeat","background-position":"center center","background-size":"auto","background-attachment":"scroll","background-type":"","background-media":"","overlay-type":"","overlay-color":"","overlay-opacity":"","overlay-gradient":""},"mobile":{"background-color":"","background-image":"","background-repeat":"repeat","background-position":"center center","background-size":"auto","background-attachment":"scroll","background-type":"","background-media":"","overlay-type":"","overlay-color":"","overlay-opacity":"","overlay-gradient":""}},"ast-content-background-meta":{"desktop":{"background-color":"var(--ast-global-color-5)","background-image":"","background-repeat":"repeat","background-position":"center center","background-size":"auto","background-attachment":"scroll","background-type":"","background-media":"","overlay-type":"","overlay-color":"","overlay-opacity":"","overlay-gradient":""},"tablet":{"background-color":"var(--ast-global-color-5)","background-image":"","background-repeat":"repeat","background-position":"center center","background-size":"auto","background-attachment":"scroll","background-type":"","background-media":"","overlay-type":"","overlay-color":"","overlay-opacity":"","overlay-gradient":""},"mobile":{"background-color":"var(--ast-global-color-5)","background-image":"","background-repeat":"repeat","background-position":"center center","background-size":"auto","background-attachment":"scroll","background-type":"","background-media":"","overlay-type":"","overlay-color":"","overlay-opacity":"","overlay-gradient":""}},"_vp_format_video_url":"","_vp_image_focal_point":[]},"product_brand":[],"product_cat":[227,260,17],"product_tag":[230,198,199,240,363,362],"class_list":{"0":"post-13487","1":"product","2":"type-product","3":"status-publish","4":"has-post-thumbnail","6":"product_cat-closet","7":"product_cat-sistemas-plegables","8":"product_cat-productos","9":"product_tag-closet","10":"product_tag-ducasse","11":"product_tag-industrial","12":"product_tag-plegable","13":"product_tag-puerta-de-acordeon","14":"product_tag-puerta-de-parche","15":"desktop-align-left","16":"tablet-align-left","17":"mobile-align-left","18":"ast-product-gallery-layout-horizontal","19":"ast-product-gallery-with-no-image","20":"ast-product-tabs-layout-horizontal","22":"first","23":"instock","24":"sold-individually","25":"purchasable","26":"product-type-simple"},"aioseo_notices":[],"uagb_featured_image_src":{"full":["https:\/\/ducasseindustrial.com\/mx\/wp-content\/uploads\/sites\/21\/2021\/07\/MX_10100800703_IMG_PROD1_BL.png",2904,2088,false],"thumbnail":["https:\/\/ducasseindustrial.com\/mx\/wp-content\/uploads\/sites\/21\/2021\/07\/MX_10100800703_IMG_PROD1_BL-300x300.png",300,300,true],"medium":["https:\/\/ducasseindustrial.com\/mx\/wp-content\/uploads\/sites\/21\/2021\/07\/MX_10100800703_IMG_PROD1_BL-600x431.png",600,431,true],"medium_large":["https:\/\/ducasseindustrial.com\/mx\/wp-content\/uploads\/sites\/21\/2021\/07\/MX_10100800703_IMG_PROD1_BL-768x552.png",768,552,true],"large":["https:\/\/ducasseindustrial.com\/mx\/wp-content\/uploads\/sites\/21\/2021\/07\/MX_10100800703_IMG_PROD1_BL-1024x736.png",1024,736,true],"1536x1536":["https:\/\/ducasseindustrial.com\/mx\/wp-content\/uploads\/sites\/21\/2021\/07\/MX_10100800703_IMG_PROD1_BL-1536x1104.png",1536,1104,true],"2048x2048":["https:\/\/ducasseindustrial.com\/mx\/wp-content\/uploads\/sites\/21\/2021\/07\/MX_10100800703_IMG_PROD1_BL-2048x1473.png",2048,1473,true],"vp_sm":["https:\/\/ducasseindustrial.com\/mx\/wp-content\/uploads\/sites\/21\/2021\/07\/MX_10100800703_IMG_PROD1_BL-500x360.png",500,360,true],"vp_md":["https:\/\/ducasseindustrial.com\/mx\/wp-content\/uploads\/sites\/21\/2021\/07\/MX_10100800703_IMG_PROD1_BL-800x575.png",800,575,true],"vp_lg":["https:\/\/ducasseindustrial.com\/mx\/wp-content\/uploads\/sites\/21\/2021\/07\/MX_10100800703_IMG_PROD1_BL-1280x920.png",1280,920,true],"vp_xl":["https:\/\/ducasseindustrial.com\/mx\/wp-content\/uploads\/sites\/21\/2021\/07\/MX_10100800703_IMG_PROD1_BL-1920x1380.png",1920,1380,true],"vp_sm_popup":["https:\/\/ducasseindustrial.com\/mx\/wp-content\/uploads\/sites\/21\/2021\/07\/MX_10100800703_IMG_PROD1_BL-500x360.png",500,360,true],"vp_md_popup":["https:\/\/ducasseindustrial.com\/mx\/wp-content\/uploads\/sites\/21\/2021\/07\/MX_10100800703_IMG_PROD1_BL-800x575.png",800,575,true],"vp_xl_popup":["https:\/\/ducasseindustrial.com\/mx\/wp-content\/uploads\/sites\/21\/2021\/07\/MX_10100800703_IMG_PROD1_BL-1920x1380.png",1920,1380,true],"woocommerce_thumbnail":["https:\/\/ducasseindustrial.com\/mx\/wp-content\/uploads\/sites\/21\/2021\/07\/MX_10100800703_IMG_PROD1_BL-300x300.png",300,300,true],"woocommerce_single":["https:\/\/ducasseindustrial.com\/mx\/wp-content\/uploads\/sites\/21\/2021\/07\/MX_10100800703_IMG_PROD1_BL-1024x736.png",1024,736,true],"woocommerce_gallery_thumbnail":["https:\/\/ducasseindustrial.com\/mx\/wp-content\/uploads\/sites\/21\/2021\/07\/MX_10100800703_IMG_PROD1_BL-100x100.png",100,100,true],"variation_swatches_image_size":["https:\/\/ducasseindustrial.com\/mx\/wp-content\/uploads\/sites\/21\/2021\/07\/MX_10100800703_IMG_PROD1_BL.png",50,36,false],"variation_swatches_tooltip_size":["https:\/\/ducasseindustrial.com\/mx\/wp-content\/uploads\/sites\/21\/2021\/07\/MX_10100800703_IMG_PROD1_BL.png",100,72,false]},"uagb_author_info":{"display_name":"emunoz","author_link":"https:\/\/ducasseindustrial.com\/mx\/author\/"},"uagb_comment_info":0,"uagb_excerpt":"Sistema corredizo para armar 2 puertas plegables de cl\u00f3set, con costado abisagrado con bisagras de cazoleta. Montaje sobrepuesto, (de parche) lo que permite cubrir vanos de piso a cielo. Seg\u00fan la instalaci\u00f3n de carros en el riel, se pueden plegar puertas a ambos lados del vano, con instalaci\u00f3n espejo. &nbsp;","_links":{"self":[{"href":"https:\/\/ducasseindustrial.com\/mx\/wp-json\/wp\/v2\/product\/13487","targetHints":{"allow":["GET"]}}],"collection":[{"href":"https:\/\/ducasseindustrial.com\/mx\/wp-json\/wp\/v2\/product"}],"about":[{"href":"https:\/\/ducasseindustrial.com\/mx\/wp-json\/wp\/v2\/types\/product"}],"replies":[{"embeddable":true,"href":"https:\/\/ducasseindustrial.com\/mx\/wp-json\/wp\/v2\/comments?post=13487"}],"version-history":[{"count":2,"href":"https:\/\/ducasseindustrial.com\/mx\/wp-json\/wp\/v2\/product\/13487\/revisions"}],"predecessor-version":[{"id":16218,"href":"https:\/\/ducasseindustrial.com\/mx\/wp-json\/wp\/v2\/product\/13487\/revisions\/16218"}],"wp:featuredmedia":[{"embeddable":true,"href":"https:\/\/ducasseindustrial.com\/mx\/wp-json\/wp\/v2\/media\/11778"}],"wp:attachment":[{"href":"https:\/\/ducasseindustrial.com\/mx\/wp-json\/wp\/v2\/media?parent=13487"}],"wp:term":[{"taxonomy":"product_brand","embeddable":true,"href":"https:\/\/ducasseindustrial.com\/mx\/wp-json\/wp\/v2\/product_brand?post=13487"},{"taxonomy":"product_cat","embeddable":true,"href":"https:\/\/ducasseindustrial.com\/mx\/wp-json\/wp\/v2\/product_cat?post=13487"},{"taxonomy":"product_tag","embeddable":true,"href":"https:\/\/ducasseindustrial.com\/mx\/wp-json\/wp\/v2\/product_tag?post=13487"}],"curies":[{"name":"wp","href":"https:\/\/api.w.org\/{rel}","templated":true}]}}