{"id":16172,"date":"2022-09-08T13:44:57","date_gmt":"2022-09-08T17:44:57","guid":{"rendered":"https:\/\/ducasseindustrial.com\/mx\/productos\/guia-pg-35\/"},"modified":"2022-09-08T13:45:05","modified_gmt":"2022-09-08T17:45:05","slug":"guia-pg-35","status":"publish","type":"product","link":"https:\/\/ducasseindustrial.com\/mx\/productos\/guia-pg-35\/","title":{"rendered":"GUIA PG-35"},"content":{"rendered":"<p>Gu\u00eda inferior para portones colgantes fabricada en acero con cabezal de bronce de di\u00e1metro 35. Se puede fijar al port\u00f3n o al piso.<\/p>\n<p>&nbsp;<\/p>\n","protected":false},"excerpt":{"rendered":"<p>Gu\u00eda inferior para portones colgantes fabricada en acero con cabezal de bronce de di\u00e1metro 35. Se puede fijar al port\u00f3n o al piso. &nbsp;<\/p>\n","protected":false},"featured_media":10943,"comment_status":"closed","ping_status":"open","template":"","meta":{"_uag_custom_page_level_css":"","site-sidebar-layout":"default","site-content-layout":"","ast-site-content-layout":"default","site-content-style":"default","site-sidebar-style":"default","ast-global-header-display":"","ast-banner-title-visibility":"","ast-main-header-display":"","ast-hfb-above-header-display":"","ast-hfb-below-header-display":"","ast-hfb-mobile-header-display":"","site-post-title":"","ast-breadcrumbs-content":"","ast-featured-img":"","footer-sml-layout":"","theme-transparent-header-meta":"","adv-header-id-meta":"","stick-header-meta":"","header-above-stick-meta":"","header-main-stick-meta":"","header-below-stick-meta":"","astra-migrate-meta-layouts":"default","ast-page-background-enabled":"default","ast-page-background-meta":{"desktop":{"background-color":"var(--ast-global-color-4)","background-image":"","background-repeat":"repeat","background-position":"center center","background-size":"auto","background-attachment":"scroll","background-type":"","background-media":"","overlay-type":"","overlay-color":"","overlay-opacity":"","overlay-gradient":""},"tablet":{"background-color":"","background-image":"","background-repeat":"repeat","background-position":"center center","background-size":"auto","background-attachment":"scroll","background-type":"","background-media":"","overlay-type":"","overlay-color":"","overlay-opacity":"","overlay-gradient":""},"mobile":{"background-color":"","background-image":"","background-repeat":"repeat","background-position":"center center","background-size":"auto","background-attachment":"scroll","background-type":"","background-media":"","overlay-type":"","overlay-color":"","overlay-opacity":"","overlay-gradient":""}},"ast-content-background-meta":{"desktop":{"background-color":"var(--ast-global-color-5)","background-image":"","background-repeat":"repeat","background-position":"center center","background-size":"auto","background-attachment":"scroll","background-type":"","background-media":"","overlay-type":"","overlay-color":"","overlay-opacity":"","overlay-gradient":""},"tablet":{"background-color":"var(--ast-global-color-5)","background-image":"","background-repeat":"repeat","background-position":"center center","background-size":"auto","background-attachment":"scroll","background-type":"","background-media":"","overlay-type":"","overlay-color":"","overlay-opacity":"","overlay-gradient":""},"mobile":{"background-color":"var(--ast-global-color-5)","background-image":"","background-repeat":"repeat","background-position":"center center","background-size":"auto","background-attachment":"scroll","background-type":"","background-media":"","overlay-type":"","overlay-color":"","overlay-opacity":"","overlay-gradient":""}},"_vp_format_video_url":"","_vp_image_focal_point":[]},"product_brand":[],"product_cat":[304,303,17],"product_tag":[323],"class_list":{"0":"post-16172","1":"product","2":"type-product","3":"status-publish","4":"has-post-thumbnail","6":"product_cat-accesorios-portones","7":"product_cat-portones","8":"product_cat-productos","9":"product_tag-guia-porton","10":"desktop-align-left","11":"tablet-align-left","12":"mobile-align-left","13":"ast-product-gallery-layout-horizontal","14":"ast-product-gallery-with-no-image","15":"ast-product-tabs-layout-horizontal","17":"first","18":"instock","19":"sold-individually","20":"purchasable","21":"product-type-simple"},"aioseo_notices":[],"uagb_featured_image_src":{"full":["https:\/\/ducasseindustrial.com\/mx\/wp-content\/uploads\/sites\/21\/2021\/07\/MX_10101105501_IMG_PROD1_BL.png",2920,2080,false],"thumbnail":["https:\/\/ducasseindustrial.com\/mx\/wp-content\/uploads\/sites\/21\/2021\/07\/MX_10101105501_IMG_PROD1_BL-300x300.png",300,300,true],"medium":["https:\/\/ducasseindustrial.com\/mx\/wp-content\/uploads\/sites\/21\/2021\/07\/MX_10101105501_IMG_PROD1_BL-600x427.png",600,427,true],"medium_large":["https:\/\/ducasseindustrial.com\/mx\/wp-content\/uploads\/sites\/21\/2021\/07\/MX_10101105501_IMG_PROD1_BL-768x547.png",768,547,true],"large":["https:\/\/ducasseindustrial.com\/mx\/wp-content\/uploads\/sites\/21\/2021\/07\/MX_10101105501_IMG_PROD1_BL-1024x729.png",1024,729,true],"1536x1536":["https:\/\/ducasseindustrial.com\/mx\/wp-content\/uploads\/sites\/21\/2021\/07\/MX_10101105501_IMG_PROD1_BL-1536x1094.png",1536,1094,true],"2048x2048":["https:\/\/ducasseindustrial.com\/mx\/wp-content\/uploads\/sites\/21\/2021\/07\/MX_10101105501_IMG_PROD1_BL-2048x1459.png",2048,1459,true],"vp_sm":["https:\/\/ducasseindustrial.com\/mx\/wp-content\/uploads\/sites\/21\/2021\/07\/MX_10101105501_IMG_PROD1_BL-500x356.png",500,356,true],"vp_md":["https:\/\/ducasseindustrial.com\/mx\/wp-content\/uploads\/sites\/21\/2021\/07\/MX_10101105501_IMG_PROD1_BL-800x570.png",800,570,true],"vp_lg":["https:\/\/ducasseindustrial.com\/mx\/wp-content\/uploads\/sites\/21\/2021\/07\/MX_10101105501_IMG_PROD1_BL-1280x912.png",1280,912,true],"vp_xl":["https:\/\/ducasseindustrial.com\/mx\/wp-content\/uploads\/sites\/21\/2021\/07\/MX_10101105501_IMG_PROD1_BL-1920x1368.png",1920,1368,true],"vp_sm_popup":["https:\/\/ducasseindustrial.com\/mx\/wp-content\/uploads\/sites\/21\/2021\/07\/MX_10101105501_IMG_PROD1_BL-500x356.png",500,356,true],"vp_md_popup":["https:\/\/ducasseindustrial.com\/mx\/wp-content\/uploads\/sites\/21\/2021\/07\/MX_10101105501_IMG_PROD1_BL-800x570.png",800,570,true],"vp_xl_popup":["https:\/\/ducasseindustrial.com\/mx\/wp-content\/uploads\/sites\/21\/2021\/07\/MX_10101105501_IMG_PROD1_BL-1920x1368.png",1920,1368,true],"woocommerce_thumbnail":["https:\/\/ducasseindustrial.com\/mx\/wp-content\/uploads\/sites\/21\/2021\/07\/MX_10101105501_IMG_PROD1_BL-300x300.png",300,300,true],"woocommerce_single":["https:\/\/ducasseindustrial.com\/mx\/wp-content\/uploads\/sites\/21\/2021\/07\/MX_10101105501_IMG_PROD1_BL-1024x729.png",1024,729,true],"woocommerce_gallery_thumbnail":["https:\/\/ducasseindustrial.com\/mx\/wp-content\/uploads\/sites\/21\/2021\/07\/MX_10101105501_IMG_PROD1_BL-100x100.png",100,100,true],"variation_swatches_image_size":["https:\/\/ducasseindustrial.com\/mx\/wp-content\/uploads\/sites\/21\/2021\/07\/MX_10101105501_IMG_PROD1_BL.png",50,36,false],"variation_swatches_tooltip_size":["https:\/\/ducasseindustrial.com\/mx\/wp-content\/uploads\/sites\/21\/2021\/07\/MX_10101105501_IMG_PROD1_BL.png",100,71,false]},"uagb_author_info":{"display_name":"emunoz","author_link":"https:\/\/ducasseindustrial.com\/mx\/author\/"},"uagb_comment_info":0,"uagb_excerpt":"Gu\u00eda inferior para portones colgantes fabricada en acero con cabezal de bronce de di\u00e1metro 35. Se puede fijar al port\u00f3n o al piso. &nbsp;","_links":{"self":[{"href":"https:\/\/ducasseindustrial.com\/mx\/wp-json\/wp\/v2\/product\/16172","targetHints":{"allow":["GET"]}}],"collection":[{"href":"https:\/\/ducasseindustrial.com\/mx\/wp-json\/wp\/v2\/product"}],"about":[{"href":"https:\/\/ducasseindustrial.com\/mx\/wp-json\/wp\/v2\/types\/product"}],"replies":[{"embeddable":true,"href":"https:\/\/ducasseindustrial.com\/mx\/wp-json\/wp\/v2\/comments?post=16172"}],"version-history":[{"count":3,"href":"https:\/\/ducasseindustrial.com\/mx\/wp-json\/wp\/v2\/product\/16172\/revisions"}],"predecessor-version":[{"id":16732,"href":"https:\/\/ducasseindustrial.com\/mx\/wp-json\/wp\/v2\/product\/16172\/revisions\/16732"}],"wp:featuredmedia":[{"embeddable":true,"href":"https:\/\/ducasseindustrial.com\/mx\/wp-json\/wp\/v2\/media\/10943"}],"wp:attachment":[{"href":"https:\/\/ducasseindustrial.com\/mx\/wp-json\/wp\/v2\/media?parent=16172"}],"wp:term":[{"taxonomy":"product_brand","embeddable":true,"href":"https:\/\/ducasseindustrial.com\/mx\/wp-json\/wp\/v2\/product_brand?post=16172"},{"taxonomy":"product_cat","embeddable":true,"href":"https:\/\/ducasseindustrial.com\/mx\/wp-json\/wp\/v2\/product_cat?post=16172"},{"taxonomy":"product_tag","embeddable":true,"href":"https:\/\/ducasseindustrial.com\/mx\/wp-json\/wp\/v2\/product_tag?post=16172"}],"curies":[{"name":"wp","href":"https:\/\/api.w.org\/{rel}","templated":true}]}}