{"id":16183,"date":"2022-09-08T13:38:03","date_gmt":"2022-09-08T17:38:03","guid":{"rendered":"https:\/\/ducasseindustrial.com\/mx\/productos\/guia-simple-25\/"},"modified":"2022-09-08T13:38:05","modified_gmt":"2022-09-08T17:38:05","slug":"guia-simple-25","status":"publish","type":"product","link":"https:\/\/ducasseindustrial.com\/mx\/productos\/guia-simple-25\/","title":{"rendered":"GU\u00cdA SIMPLE 25"},"content":{"rendered":"<p>Gu\u00edas para portones con sistema de rueda al piso y tambi\u00e9n de carros colgantes. Fabricados en acero y con cabezal revestido en nylon. Pueden ser usadas en todos los sentidos sin alterar su funcionamiento.<\/p>\n<p>&nbsp;<\/p>\n","protected":false},"excerpt":{"rendered":"<p>Gu\u00edas para portones con sistema de rueda al piso y tambi\u00e9n de carros colgantes. Fabricados en acero y con cabezal revestido en nylon. Pueden ser usadas en todos los sentidos sin alterar su funcionamiento. &nbsp;<\/p>\n","protected":false},"featured_media":11581,"comment_status":"closed","ping_status":"open","template":"","meta":{"_uag_custom_page_level_css":"","site-sidebar-layout":"default","site-content-layout":"","ast-site-content-layout":"default","site-content-style":"default","site-sidebar-style":"default","ast-global-header-display":"","ast-banner-title-visibility":"","ast-main-header-display":"","ast-hfb-above-header-display":"","ast-hfb-below-header-display":"","ast-hfb-mobile-header-display":"","site-post-title":"","ast-breadcrumbs-content":"","ast-featured-img":"","footer-sml-layout":"","theme-transparent-header-meta":"","adv-header-id-meta":"","stick-header-meta":"","header-above-stick-meta":"","header-main-stick-meta":"","header-below-stick-meta":"","astra-migrate-meta-layouts":"default","ast-page-background-enabled":"default","ast-page-background-meta":{"desktop":{"background-color":"var(--ast-global-color-4)","background-image":"","background-repeat":"repeat","background-position":"center center","background-size":"auto","background-attachment":"scroll","background-type":"","background-media":"","overlay-type":"","overlay-color":"","overlay-opacity":"","overlay-gradient":""},"tablet":{"background-color":"","background-image":"","background-repeat":"repeat","background-position":"center center","background-size":"auto","background-attachment":"scroll","background-type":"","background-media":"","overlay-type":"","overlay-color":"","overlay-opacity":"","overlay-gradient":""},"mobile":{"background-color":"","background-image":"","background-repeat":"repeat","background-position":"center center","background-size":"auto","background-attachment":"scroll","background-type":"","background-media":"","overlay-type":"","overlay-color":"","overlay-opacity":"","overlay-gradient":""}},"ast-content-background-meta":{"desktop":{"background-color":"var(--ast-global-color-5)","background-image":"","background-repeat":"repeat","background-position":"center center","background-size":"auto","background-attachment":"scroll","background-type":"","background-media":"","overlay-type":"","overlay-color":"","overlay-opacity":"","overlay-gradient":""},"tablet":{"background-color":"var(--ast-global-color-5)","background-image":"","background-repeat":"repeat","background-position":"center center","background-size":"auto","background-attachment":"scroll","background-type":"","background-media":"","overlay-type":"","overlay-color":"","overlay-opacity":"","overlay-gradient":""},"mobile":{"background-color":"var(--ast-global-color-5)","background-image":"","background-repeat":"repeat","background-position":"center center","background-size":"auto","background-attachment":"scroll","background-type":"","background-media":"","overlay-type":"","overlay-color":"","overlay-opacity":"","overlay-gradient":""}},"_vp_format_video_url":"","_vp_image_focal_point":[]},"product_brand":[],"product_cat":[304,303,17],"product_tag":[323],"class_list":{"0":"post-16183","1":"product","2":"type-product","3":"status-publish","4":"has-post-thumbnail","6":"product_cat-accesorios-portones","7":"product_cat-portones","8":"product_cat-productos","9":"product_tag-guia-porton","10":"desktop-align-left","11":"tablet-align-left","12":"mobile-align-left","13":"ast-product-gallery-layout-horizontal","14":"ast-product-gallery-with-no-image","15":"ast-product-single-variable","16":"ast-product-tabs-layout-horizontal","18":"first","19":"instock","20":"sold-individually","21":"purchasable","22":"product-type-variable"},"aioseo_notices":[],"uagb_featured_image_src":{"full":["https:\/\/ducasseindustrial.com\/mx\/wp-content\/uploads\/sites\/21\/2021\/07\/MX_10101108125_IMG_PROD1_BL.png",2900,2088,false],"thumbnail":["https:\/\/ducasseindustrial.com\/mx\/wp-content\/uploads\/sites\/21\/2021\/07\/MX_10101108125_IMG_PROD1_BL-300x300.png",300,300,true],"medium":["https:\/\/ducasseindustrial.com\/mx\/wp-content\/uploads\/sites\/21\/2021\/07\/MX_10101108125_IMG_PROD1_BL-600x432.png",600,432,true],"medium_large":["https:\/\/ducasseindustrial.com\/mx\/wp-content\/uploads\/sites\/21\/2021\/07\/MX_10101108125_IMG_PROD1_BL-768x553.png",768,553,true],"large":["https:\/\/ducasseindustrial.com\/mx\/wp-content\/uploads\/sites\/21\/2021\/07\/MX_10101108125_IMG_PROD1_BL-1024x737.png",1024,737,true],"1536x1536":["https:\/\/ducasseindustrial.com\/mx\/wp-content\/uploads\/sites\/21\/2021\/07\/MX_10101108125_IMG_PROD1_BL-1536x1106.png",1536,1106,true],"2048x2048":["https:\/\/ducasseindustrial.com\/mx\/wp-content\/uploads\/sites\/21\/2021\/07\/MX_10101108125_IMG_PROD1_BL-2048x1475.png",2048,1475,true],"vp_sm":["https:\/\/ducasseindustrial.com\/mx\/wp-content\/uploads\/sites\/21\/2021\/07\/MX_10101108125_IMG_PROD1_BL-500x360.png",500,360,true],"vp_md":["https:\/\/ducasseindustrial.com\/mx\/wp-content\/uploads\/sites\/21\/2021\/07\/MX_10101108125_IMG_PROD1_BL-800x576.png",800,576,true],"vp_lg":["https:\/\/ducasseindustrial.com\/mx\/wp-content\/uploads\/sites\/21\/2021\/07\/MX_10101108125_IMG_PROD1_BL-1280x922.png",1280,922,true],"vp_xl":["https:\/\/ducasseindustrial.com\/mx\/wp-content\/uploads\/sites\/21\/2021\/07\/MX_10101108125_IMG_PROD1_BL-1920x1382.png",1920,1382,true],"vp_sm_popup":["https:\/\/ducasseindustrial.com\/mx\/wp-content\/uploads\/sites\/21\/2021\/07\/MX_10101108125_IMG_PROD1_BL-500x360.png",500,360,true],"vp_md_popup":["https:\/\/ducasseindustrial.com\/mx\/wp-content\/uploads\/sites\/21\/2021\/07\/MX_10101108125_IMG_PROD1_BL-800x576.png",800,576,true],"vp_xl_popup":["https:\/\/ducasseindustrial.com\/mx\/wp-content\/uploads\/sites\/21\/2021\/07\/MX_10101108125_IMG_PROD1_BL-1920x1382.png",1920,1382,true],"woocommerce_thumbnail":["https:\/\/ducasseindustrial.com\/mx\/wp-content\/uploads\/sites\/21\/2021\/07\/MX_10101108125_IMG_PROD1_BL-300x300.png",300,300,true],"woocommerce_single":["https:\/\/ducasseindustrial.com\/mx\/wp-content\/uploads\/sites\/21\/2021\/07\/MX_10101108125_IMG_PROD1_BL-1024x737.png",1024,737,true],"woocommerce_gallery_thumbnail":["https:\/\/ducasseindustrial.com\/mx\/wp-content\/uploads\/sites\/21\/2021\/07\/MX_10101108125_IMG_PROD1_BL-100x100.png",100,100,true],"variation_swatches_image_size":["https:\/\/ducasseindustrial.com\/mx\/wp-content\/uploads\/sites\/21\/2021\/07\/MX_10101108125_IMG_PROD1_BL.png",50,36,false],"variation_swatches_tooltip_size":["https:\/\/ducasseindustrial.com\/mx\/wp-content\/uploads\/sites\/21\/2021\/07\/MX_10101108125_IMG_PROD1_BL.png",100,72,false]},"uagb_author_info":{"display_name":"emunoz","author_link":"https:\/\/ducasseindustrial.com\/mx\/author\/"},"uagb_comment_info":0,"uagb_excerpt":"Gu\u00edas para portones con sistema de rueda al piso y tambi\u00e9n de carros colgantes. Fabricados en acero y con cabezal revestido en nylon. Pueden ser usadas en todos los sentidos sin alterar su funcionamiento. &nbsp;","_links":{"self":[{"href":"https:\/\/ducasseindustrial.com\/mx\/wp-json\/wp\/v2\/product\/16183","targetHints":{"allow":["GET"]}}],"collection":[{"href":"https:\/\/ducasseindustrial.com\/mx\/wp-json\/wp\/v2\/product"}],"about":[{"href":"https:\/\/ducasseindustrial.com\/mx\/wp-json\/wp\/v2\/types\/product"}],"replies":[{"embeddable":true,"href":"https:\/\/ducasseindustrial.com\/mx\/wp-json\/wp\/v2\/comments?post=16183"}],"version-history":[{"count":2,"href":"https:\/\/ducasseindustrial.com\/mx\/wp-json\/wp\/v2\/product\/16183\/revisions"}],"predecessor-version":[{"id":16228,"href":"https:\/\/ducasseindustrial.com\/mx\/wp-json\/wp\/v2\/product\/16183\/revisions\/16228"}],"wp:featuredmedia":[{"embeddable":true,"href":"https:\/\/ducasseindustrial.com\/mx\/wp-json\/wp\/v2\/media\/11581"}],"wp:attachment":[{"href":"https:\/\/ducasseindustrial.com\/mx\/wp-json\/wp\/v2\/media?parent=16183"}],"wp:term":[{"taxonomy":"product_brand","embeddable":true,"href":"https:\/\/ducasseindustrial.com\/mx\/wp-json\/wp\/v2\/product_brand?post=16183"},{"taxonomy":"product_cat","embeddable":true,"href":"https:\/\/ducasseindustrial.com\/mx\/wp-json\/wp\/v2\/product_cat?post=16183"},{"taxonomy":"product_tag","embeddable":true,"href":"https:\/\/ducasseindustrial.com\/mx\/wp-json\/wp\/v2\/product_tag?post=16183"}],"curies":[{"name":"wp","href":"https:\/\/api.w.org\/{rel}","templated":true}]}}