{"id":9294,"date":"2021-01-06T00:25:47","date_gmt":"2021-01-06T04:25:47","guid":{"rendered":"https:\/\/ducasseindustrial.com\/testcl\/product-category\/sample-product\/kit-porton-seguro-800"},"modified":"2021-01-06T00:25:50","modified_gmt":"2021-01-06T04:25:50","slug":"kit-porton-seguro-800","status":"publish","type":"product","link":"https:\/\/ducasseindustrial.com\/testcl\/producto\/kit-porton-seguro-800","title":{"rendered":"KIT PORTON SEGURO 800"},"content":{"rendered":"<p>Kit de herrajes para armar 1 port\u00f3n con instalaci\u00f3n al piso de hasta 800 kg. Los componentes hacen al port\u00f3n m\u00e1s seguro, ya que adem\u00e1s de evitar robos, brinda mayor seguridad tanto en el montaje como en el uso. El tope inferior y tope superior aseguran el alineamiento correcto de la hoja, evitando el descarrilamiento del port\u00f3n. Este \u00faltimo adem\u00e1s, impide el efecto &#8220;palanca&#8221;, convirti\u00e9ndolo en un elemento de seguridad para hogares e instituciones. Contiene tambi\u00e9n ruedas de alta precisi\u00f3n resistentes a grandes cargas de peso. El soporte doble es un accesorio que ahorra tiempos en el proceso de instalaci\u00f3n debido a que evita armar una estructura para las gu\u00edas y junto con ellas brinda mayor estabilidad al port\u00f3n. Todos los componentes est\u00e1n testeados bajo estrictas normas de calidad, asegurando el buen funcionamiento.<\/p>\n<p>&nbsp;<\/p>\n","protected":false},"excerpt":{"rendered":"<p>Kit de herrajes para armar 1 port\u00f3n con instalaci\u00f3n al piso de hasta 800 kg. Los componentes hacen al port\u00f3n m\u00e1s seguro, ya que adem\u00e1s de evitar robos, brinda mayor seguridad tanto en el montaje como en el uso. El tope inferior y tope superior aseguran el alineamiento correcto de la hoja, evitando el descarrilamiento [&hellip;]<\/p>\n","protected":false},"featured_media":4347,"comment_status":"closed","ping_status":"open","template":"","meta":{"_uag_custom_page_level_css":"","site-sidebar-layout":"default","site-content-layout":"","ast-site-content-layout":"default","site-content-style":"default","site-sidebar-style":"default","ast-global-header-display":"","ast-banner-title-visibility":"","ast-main-header-display":"","ast-hfb-above-header-display":"","ast-hfb-below-header-display":"","ast-hfb-mobile-header-display":"","site-post-title":"","ast-breadcrumbs-content":"","ast-featured-img":"","footer-sml-layout":"","theme-transparent-header-meta":"","adv-header-id-meta":"","stick-header-meta":"","header-above-stick-meta":"","header-main-stick-meta":"","header-below-stick-meta":"","astra-migrate-meta-layouts":"default","ast-page-background-enabled":"default","ast-page-background-meta":{"desktop":{"background-color":"var(--ast-global-color-4)","background-image":"","background-repeat":"repeat","background-position":"center center","background-size":"auto","background-attachment":"scroll","background-type":"","background-media":"","overlay-type":"","overlay-color":"","overlay-opacity":"","overlay-gradient":""},"tablet":{"background-color":"","background-image":"","background-repeat":"repeat","background-position":"center center","background-size":"auto","background-attachment":"scroll","background-type":"","background-media":"","overlay-type":"","overlay-color":"","overlay-opacity":"","overlay-gradient":""},"mobile":{"background-color":"","background-image":"","background-repeat":"repeat","background-position":"center center","background-size":"auto","background-attachment":"scroll","background-type":"","background-media":"","overlay-type":"","overlay-color":"","overlay-opacity":"","overlay-gradient":""}},"ast-content-background-meta":{"desktop":{"background-color":"var(--ast-global-color-5)","background-image":"","background-repeat":"repeat","background-position":"center center","background-size":"auto","background-attachment":"scroll","background-type":"","background-media":"","overlay-type":"","overlay-color":"","overlay-opacity":"","overlay-gradient":""},"tablet":{"background-color":"var(--ast-global-color-5)","background-image":"","background-repeat":"repeat","background-position":"center center","background-size":"auto","background-attachment":"scroll","background-type":"","background-media":"","overlay-type":"","overlay-color":"","overlay-opacity":"","overlay-gradient":""},"mobile":{"background-color":"var(--ast-global-color-5)","background-image":"","background-repeat":"repeat","background-position":"center center","background-size":"auto","background-attachment":"scroll","background-type":"","background-media":"","overlay-type":"","overlay-color":"","overlay-opacity":"","overlay-gradient":""}},"_vp_format_video_url":"","_vp_image_focal_point":[]},"product_brand":[],"product_cat":[17,303,317],"product_tag":[198,208,306,311,319,318],"class_list":{"0":"post-9294","1":"product","2":"type-product","3":"status-publish","4":"has-post-thumbnail","6":"product_cat-productos","7":"product_cat-portones","8":"product_cat-kits-portones","9":"product_tag-ducasse","10":"product_tag-kit","11":"product_tag-porton","12":"product_tag-portones","13":"product_tag-rueda","14":"product_tag-rueda-portones","15":"desktop-align-left","16":"tablet-align-left","17":"mobile-align-left","18":"ast-product-gallery-layout-horizontal","19":"ast-product-gallery-with-no-image","20":"ast-product-tabs-layout-horizontal","22":"first","23":"instock","24":"sold-individually","25":"purchasable","26":"product-type-simple"},"aioseo_notices":[],"uagb_featured_image_src":{"full":["https:\/\/ducasseindustrial.com\/testcl\/wp-content\/uploads\/sites\/27\/2020\/09\/CL_10100115280_img_prod1_bl.jpg",1920,1080,false],"thumbnail":["https:\/\/ducasseindustrial.com\/testcl\/wp-content\/uploads\/sites\/27\/2020\/09\/CL_10100115280_img_prod1_bl-300x300.jpg",300,300,true],"medium":["https:\/\/ducasseindustrial.com\/testcl\/wp-content\/uploads\/sites\/27\/2020\/09\/CL_10100115280_img_prod1_bl-600x338.jpg",600,338,true],"medium_large":["https:\/\/ducasseindustrial.com\/testcl\/wp-content\/uploads\/sites\/27\/2020\/09\/CL_10100115280_img_prod1_bl-768x432.jpg",768,432,true],"large":["https:\/\/ducasseindustrial.com\/testcl\/wp-content\/uploads\/sites\/27\/2020\/09\/CL_10100115280_img_prod1_bl-1024x576.jpg",1024,576,true],"1536x1536":["https:\/\/ducasseindustrial.com\/testcl\/wp-content\/uploads\/sites\/27\/2020\/09\/CL_10100115280_img_prod1_bl-1536x864.jpg",1536,864,true],"2048x2048":["https:\/\/ducasseindustrial.com\/testcl\/wp-content\/uploads\/sites\/27\/2020\/09\/CL_10100115280_img_prod1_bl.jpg",1920,1080,false],"vp_sm":["https:\/\/ducasseindustrial.com\/testcl\/wp-content\/uploads\/sites\/27\/2020\/09\/CL_10100115280_img_prod1_bl-500x281.jpg",500,281,true],"vp_md":["https:\/\/ducasseindustrial.com\/testcl\/wp-content\/uploads\/sites\/27\/2020\/09\/CL_10100115280_img_prod1_bl-800x450.jpg",800,450,true],"vp_lg":["https:\/\/ducasseindustrial.com\/testcl\/wp-content\/uploads\/sites\/27\/2020\/09\/CL_10100115280_img_prod1_bl-1280x720.jpg",1280,720,true],"vp_xl":["https:\/\/ducasseindustrial.com\/testcl\/wp-content\/uploads\/sites\/27\/2020\/09\/CL_10100115280_img_prod1_bl.jpg",1920,1080,false],"vp_sm_popup":["https:\/\/ducasseindustrial.com\/testcl\/wp-content\/uploads\/sites\/27\/2020\/09\/CL_10100115280_img_prod1_bl-500x281.jpg",500,281,true],"vp_md_popup":["https:\/\/ducasseindustrial.com\/testcl\/wp-content\/uploads\/sites\/27\/2020\/09\/CL_10100115280_img_prod1_bl-800x450.jpg",800,450,true],"vp_xl_popup":["https:\/\/ducasseindustrial.com\/testcl\/wp-content\/uploads\/sites\/27\/2020\/09\/CL_10100115280_img_prod1_bl.jpg",1920,1080,false],"woocommerce_thumbnail":["https:\/\/ducasseindustrial.com\/testcl\/wp-content\/uploads\/sites\/27\/2020\/09\/CL_10100115280_img_prod1_bl-300x300.jpg",300,300,true],"woocommerce_single":["https:\/\/ducasseindustrial.com\/testcl\/wp-content\/uploads\/sites\/27\/2020\/09\/CL_10100115280_img_prod1_bl-1024x576.jpg",1024,576,true],"woocommerce_gallery_thumbnail":["https:\/\/ducasseindustrial.com\/testcl\/wp-content\/uploads\/sites\/27\/2020\/09\/CL_10100115280_img_prod1_bl-100x100.jpg",100,100,true],"variation_swatches_image_size":["https:\/\/ducasseindustrial.com\/testcl\/wp-content\/uploads\/sites\/27\/2020\/09\/CL_10100115280_img_prod1_bl.jpg",50,28,false],"variation_swatches_tooltip_size":["https:\/\/ducasseindustrial.com\/testcl\/wp-content\/uploads\/sites\/27\/2020\/09\/CL_10100115280_img_prod1_bl.jpg",100,56,false]},"uagb_author_info":{"display_name":"user","author_link":"https:\/\/ducasseindustrial.com\/testcl\/archivo\/author"},"uagb_comment_info":0,"uagb_excerpt":"Kit de herrajes para armar 1 port\u00f3n con instalaci\u00f3n al piso de hasta 800 kg. Los componentes hacen al port\u00f3n m\u00e1s seguro, ya que adem\u00e1s de evitar robos, brinda mayor seguridad tanto en el montaje como en el uso. El tope inferior y tope superior aseguran el alineamiento correcto de la hoja, evitando el descarrilamiento&hellip;","_links":{"self":[{"href":"https:\/\/ducasseindustrial.com\/testcl\/wp-json\/wp\/v2\/product\/9294","targetHints":{"allow":["GET"]}}],"collection":[{"href":"https:\/\/ducasseindustrial.com\/testcl\/wp-json\/wp\/v2\/product"}],"about":[{"href":"https:\/\/ducasseindustrial.com\/testcl\/wp-json\/wp\/v2\/types\/product"}],"replies":[{"embeddable":true,"href":"https:\/\/ducasseindustrial.com\/testcl\/wp-json\/wp\/v2\/comments?post=9294"}],"version-history":[{"count":3,"href":"https:\/\/ducasseindustrial.com\/testcl\/wp-json\/wp\/v2\/product\/9294\/revisions"}],"predecessor-version":[{"id":16284,"href":"https:\/\/ducasseindustrial.com\/testcl\/wp-json\/wp\/v2\/product\/9294\/revisions\/16284"}],"wp:featuredmedia":[{"embeddable":true,"href":"https:\/\/ducasseindustrial.com\/testcl\/wp-json\/wp\/v2\/media\/4347"}],"wp:attachment":[{"href":"https:\/\/ducasseindustrial.com\/testcl\/wp-json\/wp\/v2\/media?parent=9294"}],"wp:term":[{"taxonomy":"product_brand","embeddable":true,"href":"https:\/\/ducasseindustrial.com\/testcl\/wp-json\/wp\/v2\/product_brand?post=9294"},{"taxonomy":"product_cat","embeddable":true,"href":"https:\/\/ducasseindustrial.com\/testcl\/wp-json\/wp\/v2\/product_cat?post=9294"},{"taxonomy":"product_tag","embeddable":true,"href":"https:\/\/ducasseindustrial.com\/testcl\/wp-json\/wp\/v2\/product_tag?post=9294"}],"curies":[{"name":"wp","href":"https:\/\/api.w.org\/{rel}","templated":true}]}}