{"id":9781,"date":"2021-01-06T00:21:05","date_gmt":"2021-01-06T04:21:05","guid":{"rendered":"https:\/\/ducasseindustrial.com\/testcl\/producto\/reten-bisagra-push"},"modified":"2021-01-06T00:21:06","modified_gmt":"2021-01-06T04:21:06","slug":"reten-bisagra-push","status":"publish","type":"product","link":"https:\/\/ducasseindustrial.com\/testcl\/producto\/reten-bisagra-push","title":{"rendered":"RET\u00c9N BISAGRA PUSH"},"content":{"rendered":"<p>Complemento para bisagras push. Retiene la puerta para evitar su apertura. Mediante presi\u00f3n se libera el mecanismo de retenci\u00f3n. Clip con resorte que permite ceder y abrir la puerta en forma manual. Fijaci\u00f3n al lateral, piso o techo del mueble,sin necesidad de mecanizado.<\/p>\n<p>&nbsp;<\/p>\n","protected":false},"excerpt":{"rendered":"<p>Complemento para bisagras push. Retiene la puerta para evitar su apertura. Mediante presi\u00f3n se libera el mecanismo de retenci\u00f3n. Clip con resorte que permite ceder y abrir la puerta en forma manual. Fijaci\u00f3n al lateral, piso o techo del mueble,sin necesidad de mecanizado. &nbsp;<\/p>\n","protected":false},"featured_media":11100,"comment_status":"closed","ping_status":"open","template":"","meta":{"_uag_custom_page_level_css":"","site-sidebar-layout":"default","site-content-layout":"","ast-site-content-layout":"default","site-content-style":"default","site-sidebar-style":"default","ast-global-header-display":"","ast-banner-title-visibility":"","ast-main-header-display":"","ast-hfb-above-header-display":"","ast-hfb-below-header-display":"","ast-hfb-mobile-header-display":"","site-post-title":"","ast-breadcrumbs-content":"","ast-featured-img":"","footer-sml-layout":"","theme-transparent-header-meta":"","adv-header-id-meta":"","stick-header-meta":"","header-above-stick-meta":"","header-main-stick-meta":"","header-below-stick-meta":"","astra-migrate-meta-layouts":"default","ast-page-background-enabled":"default","ast-page-background-meta":{"desktop":{"background-color":"var(--ast-global-color-4)","background-image":"","background-repeat":"repeat","background-position":"center center","background-size":"auto","background-attachment":"scroll","background-type":"","background-media":"","overlay-type":"","overlay-color":"","overlay-opacity":"","overlay-gradient":""},"tablet":{"background-color":"","background-image":"","background-repeat":"repeat","background-position":"center center","background-size":"auto","background-attachment":"scroll","background-type":"","background-media":"","overlay-type":"","overlay-color":"","overlay-opacity":"","overlay-gradient":""},"mobile":{"background-color":"","background-image":"","background-repeat":"repeat","background-position":"center center","background-size":"auto","background-attachment":"scroll","background-type":"","background-media":"","overlay-type":"","overlay-color":"","overlay-opacity":"","overlay-gradient":""}},"ast-content-background-meta":{"desktop":{"background-color":"var(--ast-global-color-5)","background-image":"","background-repeat":"repeat","background-position":"center center","background-size":"auto","background-attachment":"scroll","background-type":"","background-media":"","overlay-type":"","overlay-color":"","overlay-opacity":"","overlay-gradient":""},"tablet":{"background-color":"var(--ast-global-color-5)","background-image":"","background-repeat":"repeat","background-position":"center center","background-size":"auto","background-attachment":"scroll","background-type":"","background-media":"","overlay-type":"","overlay-color":"","overlay-opacity":"","overlay-gradient":""},"mobile":{"background-color":"var(--ast-global-color-5)","background-image":"","background-repeat":"repeat","background-position":"center center","background-size":"auto","background-attachment":"scroll","background-type":"","background-media":"","overlay-type":"","overlay-color":"","overlay-opacity":"","overlay-gradient":""}},"_vp_format_video_url":"","_vp_image_focal_point":[]},"product_brand":[],"product_cat":[17,235,246],"product_tag":[247,198,248],"class_list":{"0":"post-9781","1":"product","2":"type-product","3":"status-publish","4":"has-post-thumbnail","6":"product_cat-productos","7":"product_cat-muebles-y-cajones","8":"product_cat-bisagras-muebles-y-cajones","9":"product_tag-bisagra","10":"product_tag-ducasse","11":"product_tag-mueble","12":"desktop-align-left","13":"tablet-align-left","14":"mobile-align-left","15":"ast-product-gallery-layout-horizontal","16":"ast-product-gallery-with-no-image","17":"ast-product-tabs-layout-horizontal","19":"first","20":"instock","21":"sold-individually","22":"purchasable","23":"product-type-simple"},"aioseo_notices":[],"uagb_featured_image_src":{"full":["https:\/\/ducasseindustrial.com\/testcl\/wp-content\/uploads\/sites\/27\/2020\/09\/CL_3013110000_IMG_PROD1_BL.jpg",1920,1080,false],"thumbnail":["https:\/\/ducasseindustrial.com\/testcl\/wp-content\/uploads\/sites\/27\/2020\/09\/CL_3013110000_IMG_PROD1_BL-300x300.jpg",300,300,true],"medium":["https:\/\/ducasseindustrial.com\/testcl\/wp-content\/uploads\/sites\/27\/2020\/09\/CL_3013110000_IMG_PROD1_BL-600x338.jpg",600,338,true],"medium_large":["https:\/\/ducasseindustrial.com\/testcl\/wp-content\/uploads\/sites\/27\/2020\/09\/CL_3013110000_IMG_PROD1_BL-768x432.jpg",768,432,true],"large":["https:\/\/ducasseindustrial.com\/testcl\/wp-content\/uploads\/sites\/27\/2020\/09\/CL_3013110000_IMG_PROD1_BL-1024x576.jpg",1024,576,true],"1536x1536":["https:\/\/ducasseindustrial.com\/testcl\/wp-content\/uploads\/sites\/27\/2020\/09\/CL_3013110000_IMG_PROD1_BL-1536x864.jpg",1536,864,true],"2048x2048":["https:\/\/ducasseindustrial.com\/testcl\/wp-content\/uploads\/sites\/27\/2020\/09\/CL_3013110000_IMG_PROD1_BL.jpg",1920,1080,false],"vp_sm":["https:\/\/ducasseindustrial.com\/testcl\/wp-content\/uploads\/sites\/27\/2020\/09\/CL_3013110000_IMG_PROD1_BL-500x281.jpg",500,281,true],"vp_md":["https:\/\/ducasseindustrial.com\/testcl\/wp-content\/uploads\/sites\/27\/2020\/09\/CL_3013110000_IMG_PROD1_BL-800x450.jpg",800,450,true],"vp_lg":["https:\/\/ducasseindustrial.com\/testcl\/wp-content\/uploads\/sites\/27\/2020\/09\/CL_3013110000_IMG_PROD1_BL-1280x720.jpg",1280,720,true],"vp_xl":["https:\/\/ducasseindustrial.com\/testcl\/wp-content\/uploads\/sites\/27\/2020\/09\/CL_3013110000_IMG_PROD1_BL.jpg",1920,1080,false],"vp_sm_popup":["https:\/\/ducasseindustrial.com\/testcl\/wp-content\/uploads\/sites\/27\/2020\/09\/CL_3013110000_IMG_PROD1_BL-500x281.jpg",500,281,true],"vp_md_popup":["https:\/\/ducasseindustrial.com\/testcl\/wp-content\/uploads\/sites\/27\/2020\/09\/CL_3013110000_IMG_PROD1_BL-800x450.jpg",800,450,true],"vp_xl_popup":["https:\/\/ducasseindustrial.com\/testcl\/wp-content\/uploads\/sites\/27\/2020\/09\/CL_3013110000_IMG_PROD1_BL.jpg",1920,1080,false],"woocommerce_thumbnail":["https:\/\/ducasseindustrial.com\/testcl\/wp-content\/uploads\/sites\/27\/2020\/09\/CL_3013110000_IMG_PROD1_BL-300x300.jpg",300,300,true],"woocommerce_single":["https:\/\/ducasseindustrial.com\/testcl\/wp-content\/uploads\/sites\/27\/2020\/09\/CL_3013110000_IMG_PROD1_BL-1024x576.jpg",1024,576,true],"woocommerce_gallery_thumbnail":["https:\/\/ducasseindustrial.com\/testcl\/wp-content\/uploads\/sites\/27\/2020\/09\/CL_3013110000_IMG_PROD1_BL-100x100.jpg",100,100,true],"variation_swatches_image_size":["https:\/\/ducasseindustrial.com\/testcl\/wp-content\/uploads\/sites\/27\/2020\/09\/CL_3013110000_IMG_PROD1_BL.jpg",50,28,false],"variation_swatches_tooltip_size":["https:\/\/ducasseindustrial.com\/testcl\/wp-content\/uploads\/sites\/27\/2020\/09\/CL_3013110000_IMG_PROD1_BL.jpg",100,56,false]},"uagb_author_info":{"display_name":"user","author_link":"https:\/\/ducasseindustrial.com\/testcl\/archivo\/author"},"uagb_comment_info":0,"uagb_excerpt":"Complemento para bisagras push. Retiene la puerta para evitar su apertura. Mediante presi\u00f3n se libera el mecanismo de retenci\u00f3n. Clip con resorte que permite ceder y abrir la puerta en forma manual. Fijaci\u00f3n al lateral, piso o techo del mueble,sin necesidad de mecanizado. &nbsp;","_links":{"self":[{"href":"https:\/\/ducasseindustrial.com\/testcl\/wp-json\/wp\/v2\/product\/9781","targetHints":{"allow":["GET"]}}],"collection":[{"href":"https:\/\/ducasseindustrial.com\/testcl\/wp-json\/wp\/v2\/product"}],"about":[{"href":"https:\/\/ducasseindustrial.com\/testcl\/wp-json\/wp\/v2\/types\/product"}],"replies":[{"embeddable":true,"href":"https:\/\/ducasseindustrial.com\/testcl\/wp-json\/wp\/v2\/comments?post=9781"}],"version-history":[{"count":1,"href":"https:\/\/ducasseindustrial.com\/testcl\/wp-json\/wp\/v2\/product\/9781\/revisions"}],"predecessor-version":[{"id":9782,"href":"https:\/\/ducasseindustrial.com\/testcl\/wp-json\/wp\/v2\/product\/9781\/revisions\/9782"}],"wp:featuredmedia":[{"embeddable":true,"href":"https:\/\/ducasseindustrial.com\/testcl\/wp-json\/wp\/v2\/media\/11100"}],"wp:attachment":[{"href":"https:\/\/ducasseindustrial.com\/testcl\/wp-json\/wp\/v2\/media?parent=9781"}],"wp:term":[{"taxonomy":"product_brand","embeddable":true,"href":"https:\/\/ducasseindustrial.com\/testcl\/wp-json\/wp\/v2\/product_brand?post=9781"},{"taxonomy":"product_cat","embeddable":true,"href":"https:\/\/ducasseindustrial.com\/testcl\/wp-json\/wp\/v2\/product_cat?post=9781"},{"taxonomy":"product_tag","embeddable":true,"href":"https:\/\/ducasseindustrial.com\/testcl\/wp-json\/wp\/v2\/product_tag?post=9781"}],"curies":[{"name":"wp","href":"https:\/\/api.w.org\/{rel}","templated":true}]}}